{"id":1854,"date":"2016-07-27T01:51:06","date_gmt":"2016-07-26T23:51:06","guid":{"rendered":"http:\/\/www.citizenscienceclub.com\/?page_id=1854"},"modified":"2021-01-07T13:33:04","modified_gmt":"2021-01-07T12:33:04","slug":"como-funciona-nuestro-club-de-ciencia","status":"publish","type":"page","link":"http:\/\/www.citizenscienceclub.com\/en\/como-funciona-nuestro-club-de-ciencia\/","title":{"rendered":"\u00bfC\u00f3mo funciona nuestro Club de Ciencia?"},"content":{"rendered":"<p>El Club de Ciencia se organiza en dos grandes programas:<\/p>\n<p><b>Programa de Autonom\u00eda<\/b>. Los m\u00e1s peque\u00f1os (entre 13 al 17) organizan actividades, talleres, viajes y el d\u00eda a d\u00eda del club. Mediante la gesti\u00f3n de las actividades del club, los chicos aprenden a responsabilizarse y tomar sus propias decisiones.<\/p>\n<p><b>Programa Mentor<\/b>. Nuestros antiguos alumnos (estudiantes universitarios, graduados y posgraduados) ayudan a los adolescentes m\u00e1s j\u00f3venes en sus investigaciones, as\u00ed se convierten en mentores. Nuestros mentores tienen un profundo conocimiento de temas como Astronom\u00eda, Biolog\u00eda, Programaci\u00f3n, Tecnolog\u00eda, Qu\u00edmica o salud, pero necesitan que se les ense\u00f1e c\u00f3mo trabajar con los m\u00e1s peque\u00f1os siguiendo el m\u00e9todo de aprendizaje basado en preguntas de una manera no formal. Por lo tanto, los maestros ayudan a nuestros mentores en este nuevo papel realizando sesiones formativas dos veces al a\u00f1o (fines de semana)<\/p>","protected":false},"excerpt":{"rendered":"<p>El Club de Ciencia se organiza en dos grandes programas: Programa de Autonom\u00eda. Los m\u00e1s peque\u00f1os (entre 13 al 17) organizan actividades, talleres, viajes y el d\u00eda a d\u00eda del club. Mediante la gesti\u00f3n de las actividades del club, los chicos aprenden a responsabilizarse y tomar sus propias decisiones. Programa Mentor. Nuestros antiguos alumnos (estudiantes &hellip; <a href=\"http:\/\/www.citizenscienceclub.com\/en\/como-funciona-nuestro-club-de-ciencia\/\" class=\"more-link\">Continue reading<span class=\"screen-reader-text\"> &#8220;\u00bfC\u00f3mo funciona nuestro Club de Ciencia?&#8221;<\/span><\/a><\/p>","protected":false},"author":1,"featured_media":0,"parent":0,"menu_order":0,"comment_status":"closed","ping_status":"closed","template":"","meta":[],"_links":{"self":[{"href":"http:\/\/www.citizenscienceclub.com\/en\/wp-json\/wp\/v2\/pages\/1854"}],"collection":[{"href":"http:\/\/www.citizenscienceclub.com\/en\/wp-json\/wp\/v2\/pages"}],"about":[{"href":"http:\/\/www.citizenscienceclub.com\/en\/wp-json\/wp\/v2\/types\/page"}],"author":[{"embeddable":true,"href":"http:\/\/www.citizenscienceclub.com\/en\/wp-json\/wp\/v2\/users\/1"}],"replies":[{"embeddable":true,"href":"http:\/\/www.citizenscienceclub.com\/en\/wp-json\/wp\/v2\/comments?post=1854"}],"version-history":[{"count":1,"href":"http:\/\/www.citizenscienceclub.com\/en\/wp-json\/wp\/v2\/pages\/1854\/revisions"}],"predecessor-version":[{"id":4215,"href":"http:\/\/www.citizenscienceclub.com\/en\/wp-json\/wp\/v2\/pages\/1854\/revisions\/4215"}],"wp:attachment":[{"href":"http:\/\/www.citizenscienceclub.com\/en\/wp-json\/wp\/v2\/media?parent=1854"}],"curies":[{"name":"wp","href":"https:\/\/api.w.org\/{rel}","templated":true}]}}