{"id":1860,"date":"2016-07-27T01:55:38","date_gmt":"2016-07-26T23:55:38","guid":{"rendered":"http:\/\/www.citizenscienceclub.com\/?page_id=1860"},"modified":"2024-05-18T08:47:17","modified_gmt":"2024-05-18T06:47:17","slug":"objetivos-club-de-ciencia","status":"publish","type":"page","link":"http:\/\/www.citizenscienceclub.com\/en\/objetivos-club-de-ciencia\/","title":{"rendered":"Objetivos del Club de Ciencia"},"content":{"rendered":"<p><span style=\"font-weight: 400;\">Nuestro Club de ciencia, como una actividad extraescolar, pertenece al entorno del aprendizaje no formal, aunque, los objetivos no son tan distintos de los de la ense\u00f1anza formal.<\/span><\/p>\n<ul>\n<li style=\"font-weight: 400;\"><span style=\"font-weight: 400;\">Incrementar nuestro sentido de la responsabilidad gracias a la organizaci\u00f3n de talleres para la comunidad educativa.<\/span><\/li>\n<li style=\"font-weight: 400;\"><span style=\"font-weight: 400;\">Fomentar el esp\u00edritu emprendedor mediante la adquisici\u00f3n de habilidades para iniciar un proyecto, un taller o una feria de ciencia.<\/span><\/li>\n<li style=\"font-weight: 400;\"><span style=\"font-weight: 400;\">Promocionar el aprendizaje basado en proyectos y el aprendizaje colaborativo a trav\u00e9s de la investigaci\u00f3n Cient\u00edfica, ofreciendo herramientas de RRI ( Responsible Research and Innovation) para los m\u00e1s j\u00f3venes, con proyectos que pueden ayudar a resolver los problemas de nuestra comunidad.<\/span><\/li>\n<li style=\"font-weight: 400;\"><span style=\"font-weight: 400;\">Colaborar con otros clubes de ciencia a trav\u00e9s de la red <\/span><a href=\"http:\/\/www.citizenscienceclub.com\/en\/pertenecemos-a-la-red-de-clubes-de-ciencia-glu-on\/\"><span style=\"font-weight: 400;\">Glu-On <\/span><\/a><span style=\"font-weight: 400;\">de clubes de ciencia de Galicia.<\/span><\/li>\n<li style=\"font-weight: 400;\"><span style=\"font-weight: 400;\">Elaborar herramientas tecnol\u00f3gicas como p\u00e1ginas web (<\/span><a href=\"http:\/\/www.citizenscienceclub.com\/en\/proyectos-de-ciencia-ciudadana\/\"><span style=\"font-weight: 400;\">SciChallenge<\/span><\/a><span style=\"font-weight: 400;\">) y aplicaciones de m\u00f3vil que faciliten la comunicaci\u00f3n entre investigadores y adolescentes.<\/span><\/li>\n<\/ul>\n<div class=\"col_b\">\n<h2><\/h2>\n<h2>Criterios para la elecci\u00f3n de los proyectos<\/h2>\n<ul>\n<li class=\"textarea unknown\">La oferta de propuestas atractivas para la inclusi\u00f3n de nuevas j\u00f3venes investigadoras en el club. Nuestra experiencia en a\u00f1os anteriores nos muestra que la presencia de j\u00f3venes investigadoras aumenta, en general, cuando la tem\u00e1tica de la investigaci\u00f3n tiene que ver con propuestas relacionadas con la biotecnolog\u00eda, o la tecnolog\u00eda aplicada. Por eso nuestros proyectos relacionan estas l\u00edneas de trabajo con la rob\u00f3tica y la programaci\u00f3n.<\/li>\n<li class=\"textarea unknown\">La introducci\u00f3n del nuevo proyecto Design Squad Global Club, donde los alumnos reciben propuestas de retos de ingenier\u00eda para resolver, ser\u00e1 una de las bazas m\u00e1s importantes para implicar directamente las chavalas y la ingenier\u00eda. La adquisici\u00f3n de experiencias innovadoras en un \u00e1mbito no formal, permitir\u00e1 que estas puedan ser trasladadas a la ense\u00f1anza formal, mejorando de esta forma nuestro trabajo en el aula en cursos posteriores.<\/li>\n<\/ul>\n<h2>Previsi\u00f3n y lugares de desarrollo del club<\/h2>\n<p>Los miembros del club se reunir\u00e1n para realizar las diferentes investigaciones, como vienen haciendo hasta ahora durante los recreos, pero adem\u00e1s se reunir\u00e1 para llevar a cabo las distintas propuestas de trabajo los martes de 3:00 a 4:30 en el laboratorio de Qu\u00edmica o de Biolog\u00eda.<\/p>\n<\/div>","protected":false},"excerpt":{"rendered":"<p>Nuestro Club de ciencia, como una actividad extraescolar, pertenece al entorno del aprendizaje no formal, aunque, los objetivos no son tan distintos de los de la ense\u00f1anza formal. Incrementar nuestro sentido de la responsabilidad gracias a la organizaci\u00f3n de talleres para la comunidad educativa. Fomentar el esp\u00edritu emprendedor mediante la adquisici\u00f3n de habilidades para iniciar &hellip; <a href=\"http:\/\/www.citizenscienceclub.com\/en\/objetivos-club-de-ciencia\/\" class=\"more-link\">Continue reading<span class=\"screen-reader-text\"> &#8220;Objetivos del Club de Ciencia&#8221;<\/span><\/a><\/p>","protected":false},"author":1,"featured_media":0,"parent":0,"menu_order":0,"comment_status":"closed","ping_status":"closed","template":"","meta":[],"_links":{"self":[{"href":"http:\/\/www.citizenscienceclub.com\/en\/wp-json\/wp\/v2\/pages\/1860"}],"collection":[{"href":"http:\/\/www.citizenscienceclub.com\/en\/wp-json\/wp\/v2\/pages"}],"about":[{"href":"http:\/\/www.citizenscienceclub.com\/en\/wp-json\/wp\/v2\/types\/page"}],"author":[{"embeddable":true,"href":"http:\/\/www.citizenscienceclub.com\/en\/wp-json\/wp\/v2\/users\/1"}],"replies":[{"embeddable":true,"href":"http:\/\/www.citizenscienceclub.com\/en\/wp-json\/wp\/v2\/comments?post=1860"}],"version-history":[{"count":4,"href":"http:\/\/www.citizenscienceclub.com\/en\/wp-json\/wp\/v2\/pages\/1860\/revisions"}],"predecessor-version":[{"id":5076,"href":"http:\/\/www.citizenscienceclub.com\/en\/wp-json\/wp\/v2\/pages\/1860\/revisions\/5076"}],"wp:attachment":[{"href":"http:\/\/www.citizenscienceclub.com\/en\/wp-json\/wp\/v2\/media?parent=1860"}],"curies":[{"name":"wp","href":"https:\/\/api.w.org\/{rel}","templated":true}]}}