{"id":1865,"date":"2016-07-27T02:00:11","date_gmt":"2016-07-27T00:00:11","guid":{"rendered":"http:\/\/www.citizenscienceclub.com\/?page_id=1865"},"modified":"2021-01-07T13:36:01","modified_gmt":"2021-01-07T12:36:01","slug":"glu-on","status":"publish","type":"page","link":"http:\/\/www.citizenscienceclub.com\/en\/glu-on\/","title":{"rendered":"Pertenecemos a la Red de Clubes de Ciencia Glu-ON"},"content":{"rendered":"<p><span style=\"font-weight: 400;\">Actualmente existe en Galicia un nutrido grupo de profesores responsables de la realizaci\u00f3n de proyectos cient\u00edficos con sus alumnos fuera del horario escolar. Este profesorado est\u00e1 consiguiendo un amplio reconocimiento en ferias de ciencia en Espa\u00f1a y en el extranjero. Dicho trabajo se est\u00e1 realizando de manera individual y sin una estructura de coordinaci\u00f3n que permita su evoluci\u00f3n. <\/span><\/p>\n<p><img loading=\"lazy\" class=\"aligncenter size-full wp-image-1866\" src=\"http:\/\/www.citizenscienceclub.com\/wp-content\/uploads\/2016\/07\/glu-on.png\" alt=\"glu-on\" width=\"491\" height=\"387\" srcset=\"http:\/\/www.citizenscienceclub.com\/wp-content\/uploads\/2016\/07\/glu-on.png 491w, http:\/\/www.citizenscienceclub.com\/wp-content\/uploads\/2016\/07\/glu-on-300x236.png 300w\" sizes=\"(max-width: 491px) 85vw, 491px\" \/><span style=\"font-weight: 400;\">El objetivo principal de Glu-ON es implicar tanto a los actuales alumnos de secundaria y bachillerato como a los ex-alumnos de los centros, ahora ya universitarios, en actividades extraescolares relacionadas con las asignaturas de ciencias. Dichas actividades tendr\u00e1n un componente l\u00fadico, donde el inter\u00e9s del alumno primar\u00e1 sobre el curr\u00edculum escolar propio de la ense\u00f1anza formal.<\/span><\/p>","protected":false},"excerpt":{"rendered":"<p>Actualmente existe en Galicia un nutrido grupo de profesores responsables de la realizaci\u00f3n de proyectos cient\u00edficos con sus alumnos fuera del horario escolar. Este profesorado est\u00e1 consiguiendo un amplio reconocimiento en ferias de ciencia en Espa\u00f1a y en el extranjero. Dicho trabajo se est\u00e1 realizando de manera individual y sin una estructura de coordinaci\u00f3n que &hellip; <a href=\"http:\/\/www.citizenscienceclub.com\/en\/glu-on\/\" class=\"more-link\">Continue reading<span class=\"screen-reader-text\"> &#8220;Pertenecemos a la Red de Clubes de Ciencia Glu-ON&#8221;<\/span><\/a><\/p>","protected":false},"author":1,"featured_media":0,"parent":0,"menu_order":0,"comment_status":"closed","ping_status":"closed","template":"","meta":[],"_links":{"self":[{"href":"http:\/\/www.citizenscienceclub.com\/en\/wp-json\/wp\/v2\/pages\/1865"}],"collection":[{"href":"http:\/\/www.citizenscienceclub.com\/en\/wp-json\/wp\/v2\/pages"}],"about":[{"href":"http:\/\/www.citizenscienceclub.com\/en\/wp-json\/wp\/v2\/types\/page"}],"author":[{"embeddable":true,"href":"http:\/\/www.citizenscienceclub.com\/en\/wp-json\/wp\/v2\/users\/1"}],"replies":[{"embeddable":true,"href":"http:\/\/www.citizenscienceclub.com\/en\/wp-json\/wp\/v2\/comments?post=1865"}],"version-history":[{"count":1,"href":"http:\/\/www.citizenscienceclub.com\/en\/wp-json\/wp\/v2\/pages\/1865\/revisions"}],"predecessor-version":[{"id":4218,"href":"http:\/\/www.citizenscienceclub.com\/en\/wp-json\/wp\/v2\/pages\/1865\/revisions\/4218"}],"wp:attachment":[{"href":"http:\/\/www.citizenscienceclub.com\/en\/wp-json\/wp\/v2\/media?parent=1865"}],"curies":[{"name":"wp","href":"https:\/\/api.w.org\/{rel}","templated":true}]}}