{"id":1890,"date":"2016-07-28T00:58:43","date_gmt":"2016-07-27T22:58:43","guid":{"rendered":"http:\/\/www.citizenscienceclub.com\/?page_id=1890"},"modified":"2023-09-29T09:32:56","modified_gmt":"2023-09-29T07:32:56","slug":"noticias","status":"publish","type":"page","link":"http:\/\/www.citizenscienceclub.com\/en\/noticias\/","title":{"rendered":"Imagen del d\u00eda"},"content":{"rendered":"<p>Desde la Asociaci\u00f3n Juvenil XenTD100cia, nos preparamos para celebrar el A\u00f1o Internacional de los Cam\u00e9lidos: camellos, dromedarios, vicu\u00f1as, llamas, alpacas y guanacos.<\/p>\n\n\n\n<p>&#8220;<em>La Asamblea General, observando que los cam\u00e9lidos son mam\u00edferos ungulados artiod\u00e1ctilos estrictamente herb\u00edvoros, que aparecieron por primera vez en Am\u00e9rica hace 45 millones de a\u00f1os,<\/em>&#8230;<\/p>\n\n\n\n<p><\/p>\n\n\n\n<p><em> Observando adem\u00e1s que los cam\u00e9lidos constituyen el <strong>principal medio de subsistencia para millones de familias pobres que viven en los ecosistemas m\u00e1s hostiles del planeta,<\/strong> y que contribuyen a la lucha contra el hambre, la <strong>erradicaci\u00f3n de la pobreza extrema,<\/strong> el <strong>empoderamiento de las mujeres<\/strong> y el <strong>uso sostenible de los ecosistemas terrestres<\/strong>, <\/em><\/p>\n\n\n\n<p><em>Reconociendo que la <strong>gesti\u00f3n integral de los productos derivados<\/strong> de los cam\u00e9lidos contribuir\u00eda a promover la<strong> inclusi\u00f3n de las poblaciones m\u00e1s vulnerables de las sociedades rurales<\/strong>, lo que dar\u00eda lugar a la creaci\u00f3n de <strong>empleos sostenibles<\/strong> y la <strong>promoci\u00f3n de la igualdad<\/strong>, y reconociendo adem\u00e1s que esas especies son un elemento importante de la identidad cultural y espiritual de los pueblos ind\u00edgenas ancestrales y constituyen una importante base social de los conocimientos tradicionales y contempor\u00e1neos de esos pueblos que han mantenido, preservado y protegido la biodiversidad gen\u00e9tica, <\/em><\/p>\n\n\n\n<p><em>Observando que los cam\u00e9lidos son una <strong>fuente destacada de prote\u00ednas, fibras textiles y fertilizantes<\/strong> para la producci\u00f3n agr\u00edcola, y que sirven como animales de carga para el transporte de personas y mercanc\u00edas en comunidades ind\u00edgenas del amplio altiplano andino de Am\u00e9rica del Sur, as\u00ed como en los desiertos de\u00a0\u00c1frica\u00a0y\u00a0Asia.<\/em>..&#8221;<\/p>\n\n\n\n<p>Ayudados de Europeana, que colabora en el sostenimiento del sector del patrimonio cultural en su transformaci\u00f3n digital, utilizamos sus im\u00e1genes para mostrar los cientos de im\u00e1genes de cam\u00e9lidos que existen en su colecci\u00f3n.<\/p>\n\n\n\n<!DOCTYPE html>\n<html>\n<head>\n    <title>Imagen aleatoria del d\u00eda<\/title>\n<\/head>\n<body>\n    <h1>Europeana\u00b4s surprise<\/h1>\n    <img id=\"imagenAleatoria\" src=\"\" alt=\"Imagen Aleatoria\">\n\n    <script>\n        \n        var imagenes = [\n            'https:\/\/upload.wikimedia.org\/wikipedia\/commons\/thumb\/6\/6b\/Fuerte_Al_Koot%2C_Doha%2C_Catar%2C_2013-08-06%2C_DD_02.JPG\/2880px-Fuerte_Al_Koot%2C_Doha%2C_Catar%2C_2013-08-06%2C_DD_02.JPG',\n            'https:\/\/api.europeana.eu\/thumbnail\/v2\/url.json?uri=https%3A%2F%2Frs.cms.hu-berlin.de%2Fikb_mediathek%2Fpages%2Fdownload.php%3Fref%3D5123%26size%3Dscr%26ext%3Djpg%26page%3D1%26alternative%3D-1%26k%3D%26noattach%3Dtrue&type=IMAGE', \n'https:\/\/api.europeana.eu\/thumbnail\/v2\/url.json?uri=https%3A%2F%2Fwww.esbirky.cz%2Fimg.php%3Fid%3D195015&type=IMAGE',\n'https:\/\/api.europeana.eu\/thumbnail\/v2\/url.json?uri=https%3A%2F%2Fmedia.jhn.ngo%2Fproxy%3Furl%3Dhttps%3A%2F%2Fmedia.jhn.ngo%2FNLI%2FIIIFv21%2FFL45919867%2Ffull%2Fmax%2F0%2Fdefault.jpg&type=IMAGE',\n'https:\/\/api.europeana.eu\/thumbnail\/v2\/url.json?uri=http%3A%2F%2Fmuseoliittorepox.vserver.fi%3A8080%2Fmpthumbnailhelper%2Fdownload%3Fid%3D1106034%26size%3Dextra_large%26key%3DT3st1%26orgid%3D43094&type=IMAGE',\n'https:\/\/api.europeana.eu\/thumbnail\/v2\/url.json?uri=https%3A%2F%2Fmedia.jhn.ngo%2Fproxy%3Furl%3Dhttps%3A%2F%2Fmedia.jhn.ngo%2FNLI%2FIIIFv21%2FFL45919833%2Ffull%2Fmax%2F0%2Fdefault.jpg&type=IMAGE',\n'https:\/\/api.europeana.eu\/thumbnail\/v2\/url.json?uri=https%3A%2F%2Fwww.esbirky.cz%2Fimg.php%3Fid%3D270278&type=IMAGE',\n'https:\/\/api.europeana.eu\/thumbnail\/v2\/url.json?uri=https%3A%2F%2Fwww.esbirky.cz%2Fimg.php%3Fid%3D214511&type=IMAGE',\n'https:\/\/api.europeana.eu\/thumbnail\/v2\/url.json?uri=https%3A%2F%2Fmedia.jhn.ngo%2Fproxy%3Furl%3Dhttps%3A%2F%2Fmedia.jhn.ngo%2FNLI%2FIIIFv21%2FFL45961663%2Ffull%2Fmax%2F0%2Fdefault.jpg&type=IMAGE',\n'https:\/\/api.europeana.eu\/thumbnail\/v2\/url.json?uri=https%3A%2F%2Fmedia.jhn.ngo%2Fproxy%3Furl%3Dhttps%3A%2F%2Fmedia.jhn.ngo%2FNLI%2FIIIFv21%2FFL45961760%2Ffull%2Fmax%2F0%2Fdefault.jpg&type=IMAGE',\n'https:\/\/api.europeana.eu\/thumbnail\/v2\/url.json?uri=http%3A%2F%2Funitedarchives.noip.me%2FPagodeEU%2F01250738_PagEU_EN.jpg&type=IMAGE',\n'https:\/\/api.europeana.eu\/thumbnail\/v2\/url.json?uri=http%3A%2F%2Funitedarchives.noip.me%2FPagodeEU%2F01819366_PagEU_EN.jpg&type=IMAGE',\n'https:\/\/api.europeana.eu\/thumbnail\/v2\/url.json?uri=https%3A%2F%2Fcollections.smvk.se%2Fcarlotta-vkm%2Fweb%2Fimage%2Fzoom%2F1982208%2Fimage.jpg&type=IMAGE'];\n\n       \n        function obtenerNumeroAleatorio() {\n            return Math.floor(Math.random() * imagenes.length);\n        }\n\n        \n        function cambiarImagenAleatoria() {\n            var numeroAleatorio = obtenerNumeroAleatorio();\n            var imagen = document.getElementById('imagenAleatoria');\n            imagen.src = imagenes[numeroAleatorio];\n        }\n\n       \n        cambiarImagenAleatoria();\n    <\/script>\n<\/body>\n<\/html>","protected":false},"excerpt":{"rendered":"<p>Desde la Asociaci\u00f3n Juvenil XenTD100cia, nos preparamos para celebrar el A\u00f1o Internacional de los Cam\u00e9lidos: camellos, dromedarios, vicu\u00f1as, llamas, alpacas y guanacos. &#8220;La Asamblea General, observando que los cam\u00e9lidos son mam\u00edferos ungulados artiod\u00e1ctilos estrictamente herb\u00edvoros, que aparecieron por primera vez en Am\u00e9rica hace 45 millones de a\u00f1os,&#8230; Observando adem\u00e1s que los cam\u00e9lidos constituyen el principal &hellip; <a href=\"http:\/\/www.citizenscienceclub.com\/en\/noticias\/\" class=\"more-link\">Continue reading<span class=\"screen-reader-text\"> &#8220;Imagen del d\u00eda&#8221;<\/span><\/a><\/p>","protected":false},"author":1,"featured_media":0,"parent":0,"menu_order":0,"comment_status":"closed","ping_status":"closed","template":"","meta":[],"_links":{"self":[{"href":"http:\/\/www.citizenscienceclub.com\/en\/wp-json\/wp\/v2\/pages\/1890"}],"collection":[{"href":"http:\/\/www.citizenscienceclub.com\/en\/wp-json\/wp\/v2\/pages"}],"about":[{"href":"http:\/\/www.citizenscienceclub.com\/en\/wp-json\/wp\/v2\/types\/page"}],"author":[{"embeddable":true,"href":"http:\/\/www.citizenscienceclub.com\/en\/wp-json\/wp\/v2\/users\/1"}],"replies":[{"embeddable":true,"href":"http:\/\/www.citizenscienceclub.com\/en\/wp-json\/wp\/v2\/comments?post=1890"}],"version-history":[{"count":24,"href":"http:\/\/www.citizenscienceclub.com\/en\/wp-json\/wp\/v2\/pages\/1890\/revisions"}],"predecessor-version":[{"id":5039,"href":"http:\/\/www.citizenscienceclub.com\/en\/wp-json\/wp\/v2\/pages\/1890\/revisions\/5039"}],"wp:attachment":[{"href":"http:\/\/www.citizenscienceclub.com\/en\/wp-json\/wp\/v2\/media?parent=1890"}],"curies":[{"name":"wp","href":"https:\/\/api.w.org\/{rel}","templated":true}]}}