{"id":2004,"date":"2016-07-28T01:43:41","date_gmt":"2016-07-27T23:43:41","guid":{"rendered":"http:\/\/www.citizenscienceclub.com\/?page_id=2004"},"modified":"2021-05-15T18:27:52","modified_gmt":"2021-05-15T16:27:52","slug":"eventos","status":"publish","type":"page","link":"http:\/\/www.citizenscienceclub.com\/en\/eventos\/","title":{"rendered":"Eventos"},"content":{"rendered":"<h1 class=\"mb40 mb-xs-32\">Eventos m\u00e1s importantes del Club a\u00f1o 2021<\/h1>\n\n\n<h2>Formaci\u00f3n<\/h2>\n\n\n\n<p>El alumnado recibir\u00e1 formaci\u00f3n cont\u00ednua segundo van elaborando sus proyectos. Adem\u00e1s ofertamos formaci\u00f3n did\u00e1ctica y t\u00e9cnica para el alumnado que ya realiz\u00f3 investigaciones.<\/p>\n\n\n\n<p>La formaci\u00f3n ofertada hasta el momento fue la de mentor. Una formaci\u00f3n que se imparte durante dos @fin y que dota a nuestro alumnado mayor de los conocimientos m\u00ednimos requeridos para actuar c\u00f3mo monitor en una actividad, organizar un taller o mismo llevar una investigaci\u00f3n sencilla. Los mentores, adem\u00e1s de por estas caracter\u00edsticas, se distinguen en su atuendo del resto del alumnado del club de ciencia; llevan una bata personalizada, con el nombre del club y un elemento qu\u00edmico que tiene relaci\u00f3n con su nombre o apellido. Los elementos qu\u00edmicos son propiedad de cada uno de los mentores.<\/p>\n\n\n\n<figure class=\"wp-block-image size-large\"><img loading=\"lazy\" width=\"1024\" height=\"512\" src=\"http:\/\/www.citizenscienceclub.com\/wp-content\/uploads\/2021\/05\/CAS_logo.jpg\" alt=\"\" class=\"wp-image-4409\" srcset=\"http:\/\/www.citizenscienceclub.com\/wp-content\/uploads\/2021\/05\/CAS_logo.jpg 1024w, http:\/\/www.citizenscienceclub.com\/wp-content\/uploads\/2021\/05\/CAS_logo-300x150.jpg 300w, http:\/\/www.citizenscienceclub.com\/wp-content\/uploads\/2021\/05\/CAS_logo-768x384.jpg 768w\" sizes=\"(max-width: 709px) 85vw, (max-width: 909px) 67vw, (max-width: 1362px) 62vw, 840px\" \/><\/figure>\n\n\n\n<p>Este a\u00f1o tenemos como novedad una formaci\u00f3n como monitor del club de ciencia ciudadana, impartido por la California Academy of Sciences de Sano Francisco, California (EEUU). Podr\u00e1 ser impartida a los mentores del club de ciencia.<\/p>\n\n\n\n<h2>Open Science Chat<\/h2>\n\n\n\n<p>Open Science Chat, fue un proyecto surgido durante el confinamiento junto con otros dos Open Science Ni\u00f1os y Open y- Sports Competition. Todos estos proyectos fueron ideados por los integrantes de la Asociaci\u00f3n juvenil XenTD100 cia.<\/p>\n\n\n\n<p>Este a\u00f1o desarrollaremos, durante la clase de Cultura cient\u00edfica de 4\u00ba de ESO y 1\u00ba de Bac un Open Science Chat cada mes. Consite en la elaboraci\u00f3n de un programa desenfadado de entrevistas en streaming. Los j\u00f3venes utilizan la plataforma Twitch para compartir soluciones o curiosidades y comentar momentos interesantes en las competiciones de videojuegos. Los eventos se producen en directo y, gracias al chat que incluye la aplicaci\u00f3n, se puede mantener una conversaci\u00f3n en directo con el protagonista, alterando el ritmo y la organizaci\u00f3n de la entrevista. Nosotros aprovechamos ese canal para introducir nuevas experiencias entre ls m\u00e1s nuevas.<\/p>\n\n\n\n<figure class=\"wp-block-gallery columns-3 is-cropped\"><ul class=\"blocks-gallery-grid\"><li class=\"blocks-gallery-item\"><figure><img loading=\"lazy\" width=\"1024\" height=\"540\" src=\"http:\/\/www.citizenscienceclub.com\/wp-content\/uploads\/2021\/05\/Captura-de-pantalla-2021-05-15-a-las-18.00.38-1024x540.png\" alt=\"\" data-id=\"4410\" data-full-url=\"http:\/\/www.citizenscienceclub.com\/wp-content\/uploads\/2021\/05\/Captura-de-pantalla-2021-05-15-a-las-18.00.38.png\" data-link=\"http:\/\/www.citizenscienceclub.com\/eventos\/captura-de-pantalla-2021-05-15-a-las-18-00-38\/\" class=\"wp-image-4410\" srcset=\"http:\/\/www.citizenscienceclub.com\/wp-content\/uploads\/2021\/05\/Captura-de-pantalla-2021-05-15-a-las-18.00.38-1024x540.png 1024w, http:\/\/www.citizenscienceclub.com\/wp-content\/uploads\/2021\/05\/Captura-de-pantalla-2021-05-15-a-las-18.00.38-300x158.png 300w, http:\/\/www.citizenscienceclub.com\/wp-content\/uploads\/2021\/05\/Captura-de-pantalla-2021-05-15-a-las-18.00.38-768x405.png 768w, http:\/\/www.citizenscienceclub.com\/wp-content\/uploads\/2021\/05\/Captura-de-pantalla-2021-05-15-a-las-18.00.38-1200x633.png 1200w, http:\/\/www.citizenscienceclub.com\/wp-content\/uploads\/2021\/05\/Captura-de-pantalla-2021-05-15-a-las-18.00.38.png 1324w\" sizes=\"(max-width: 709px) 85vw, (max-width: 909px) 67vw, (max-width: 1362px) 62vw, 840px\" \/><\/figure><\/li><li class=\"blocks-gallery-item\"><figure><img loading=\"lazy\" width=\"532\" height=\"312\" src=\"http:\/\/www.citizenscienceclub.com\/wp-content\/uploads\/2021\/05\/Leds-OSC2020.png\" alt=\"\" data-id=\"4414\" data-full-url=\"http:\/\/www.citizenscienceclub.com\/wp-content\/uploads\/2021\/05\/Leds-OSC2020.png\" data-link=\"http:\/\/www.citizenscienceclub.com\/eventos\/leds-osc2020\/\" class=\"wp-image-4414\" srcset=\"http:\/\/www.citizenscienceclub.com\/wp-content\/uploads\/2021\/05\/Leds-OSC2020.png 532w, http:\/\/www.citizenscienceclub.com\/wp-content\/uploads\/2021\/05\/Leds-OSC2020-300x176.png 300w\" sizes=\"(max-width: 532px) 85vw, 532px\" \/><\/figure><\/li><li class=\"blocks-gallery-item\"><figure><img loading=\"lazy\" width=\"1024\" height=\"597\" src=\"http:\/\/www.citizenscienceclub.com\/wp-content\/uploads\/2021\/05\/IMG_6621-1-1024x597.jpg\" alt=\"\" data-id=\"4411\" data-full-url=\"http:\/\/www.citizenscienceclub.com\/wp-content\/uploads\/2021\/05\/IMG_6621-1.jpg\" data-link=\"http:\/\/www.citizenscienceclub.com\/eventos\/img_6621-1\/\" class=\"wp-image-4411\" srcset=\"http:\/\/www.citizenscienceclub.com\/wp-content\/uploads\/2021\/05\/IMG_6621-1-1024x597.jpg 1024w, http:\/\/www.citizenscienceclub.com\/wp-content\/uploads\/2021\/05\/IMG_6621-1-300x175.jpg 300w, http:\/\/www.citizenscienceclub.com\/wp-content\/uploads\/2021\/05\/IMG_6621-1-768x448.jpg 768w, http:\/\/www.citizenscienceclub.com\/wp-content\/uploads\/2021\/05\/IMG_6621-1-1200x700.jpg 1200w, http:\/\/www.citizenscienceclub.com\/wp-content\/uploads\/2021\/05\/IMG_6621-1.jpg 1519w\" sizes=\"(max-width: 709px) 85vw, (max-width: 909px) 67vw, (max-width: 1362px) 62vw, 840px\" \/><\/figure><\/li><\/ul><\/figure>\n\n\n\n<p>El canal organizar\u00e1 cuatro entrevistas mensuales que estar\u00e1n a cargo de diferentes grupos:<\/p>\n\n\n\n<p>Comunicadores- PRE. El alumnado m\u00e1s nuevo, de 4\u00ba ESO, guiar\u00e1 un entrevista de 30-40\u00b4 con un cient\u00edfico el \u00faltimo mi\u00e9rcoles de cada mes en horario lectivo (12:30 a 13:10)<br>Comunicadores- PRO. Los alumnos de 1\u00ba de bac de Cultura cient\u00edfica realizar\u00e1n una entrevista de 60\u00b4con un cient\u00edfico o divulgador cient\u00edfico el tercero mi\u00e9rcoles de cada mes (13:20-14-20)<br>Comunicadores-MENTOR. Los j\u00f3venes m\u00e1s veteranos y alguna incorporaci\u00f3n nueva llevar\u00e1n el programa dos viernes de cada mes.<\/p>\n\n\n\n<p>Para elaborar un programa como este precisamos que el alumnado se organice y desarrolle un papel muy concreto cada mes, por eso precisamos: productor, entrevistadores, guionista, t\u00e9cnico, moderador de redes y dinamizador del chat.<\/p>\n\n\n\n<h2>Ferias<\/h2>\n\n\n\n<p>Las ferias habituales fueron canceladas, postpuestas o incluidas en un formato virtual o semi presencial. Las ferias a las que podemos asistir durante este curso ser\u00e1n:<\/p>\n\n\n\n<p>Open Science Cambre (septiembre 2020)<\/p>\n\n\n\n<p><br>Ciencia en Acci\u00f3n (octubre 2020). Obtuvimos un primer premio y una menci\u00f3n de honor. Colaboramos en la consecuci\u00f3n de otro primer premio en la categor\u00eda de divulgaci\u00f3n con la participaci\u00f3n en el programa Aquelando y una menci\u00f3n de honor con el programa Aquelanacasa.<\/p>\n\n\n\n<figure class=\"wp-block-image\"><img alt=\"\"\/><\/figure>\n\n\n\n<p><br>Diverciencia Algeciras (octubre 2020)<br>Maker Faire Galicia (noviembre 2020) Tercero premio en la categor\u00eda de divulgaci\u00f3n para el proyecto Calidad de agua de los R\u00edos.<\/p>\n\n\n\n<figure class=\"wp-block-gallery columns-2 is-cropped\"><ul class=\"blocks-gallery-grid\"><li class=\"blocks-gallery-item\"><figure><img loading=\"lazy\" width=\"994\" height=\"679\" src=\"http:\/\/www.citizenscienceclub.com\/wp-content\/uploads\/2021\/05\/Captura-de-pantalla-2021-05-15-a-las-18.18.39.png\" alt=\"\" data-id=\"4419\" data-full-url=\"http:\/\/www.citizenscienceclub.com\/wp-content\/uploads\/2021\/05\/Captura-de-pantalla-2021-05-15-a-las-18.18.39.png\" data-link=\"http:\/\/www.citizenscienceclub.com\/eventos\/captura-de-pantalla-2021-05-15-a-las-18-18-39\/\" class=\"wp-image-4419\" srcset=\"http:\/\/www.citizenscienceclub.com\/wp-content\/uploads\/2021\/05\/Captura-de-pantalla-2021-05-15-a-las-18.18.39.png 994w, http:\/\/www.citizenscienceclub.com\/wp-content\/uploads\/2021\/05\/Captura-de-pantalla-2021-05-15-a-las-18.18.39-300x205.png 300w, http:\/\/www.citizenscienceclub.com\/wp-content\/uploads\/2021\/05\/Captura-de-pantalla-2021-05-15-a-las-18.18.39-768x525.png 768w\" sizes=\"(max-width: 709px) 85vw, (max-width: 909px) 67vw, (max-width: 1362px) 62vw, 840px\" \/><\/figure><\/li><li class=\"blocks-gallery-item\"><figure><img loading=\"lazy\" width=\"543\" height=\"764\" src=\"http:\/\/www.citizenscienceclub.com\/wp-content\/uploads\/2021\/05\/Captura-de-pantalla-2021-05-15-a-las-18.22.54.png\" alt=\"\" data-id=\"4421\" data-full-url=\"http:\/\/www.citizenscienceclub.com\/wp-content\/uploads\/2021\/05\/Captura-de-pantalla-2021-05-15-a-las-18.22.54.png\" data-link=\"http:\/\/www.citizenscienceclub.com\/eventos\/captura-de-pantalla-2021-05-15-a-las-18-22-54\/\" class=\"wp-image-4421\" srcset=\"http:\/\/www.citizenscienceclub.com\/wp-content\/uploads\/2021\/05\/Captura-de-pantalla-2021-05-15-a-las-18.22.54.png 543w, http:\/\/www.citizenscienceclub.com\/wp-content\/uploads\/2021\/05\/Captura-de-pantalla-2021-05-15-a-las-18.22.54-213x300.png 213w\" sizes=\"(max-width: 543px) 85vw, 543px\" \/><\/figure><\/li><\/ul><\/figure>\n\n\n\n<p><br>Galiciencia 2020. <a rel=\"noreferrer noopener\" href=\"https:\/\/www.galiciencia.online\/2020\/ proyectos\/ biomakers-en-lana- escuela\/\" target=\"_blank\">Premio a innovaci\u00f3n del futuro<\/a>.<br><br>Feria de ciencia Siembraciencia ( Chile, diciembre 2020)<br>D\u00eda de la ciencia en la calle ( Mayo 2021)<br>Galiciencia (Mayo 2021)<br>Diverciencia Algeciras (Mayo 2021)<br>Maker Faire Junio 2021<\/p>\n\n\n\n<p>Ciencia en Acci\u00f3n Octubre 2021<\/p>","protected":false},"excerpt":{"rendered":"<p>Eventos m\u00e1s importantes del Club a\u00f1o 2021 Formaci\u00f3n El alumnado recibir\u00e1 formaci\u00f3n cont\u00ednua segundo van elaborando sus proyectos. Adem\u00e1s ofertamos formaci\u00f3n did\u00e1ctica y t\u00e9cnica para el alumnado que ya realiz\u00f3 investigaciones. La formaci\u00f3n ofertada hasta el momento fue la de mentor. Una formaci\u00f3n que se imparte durante dos @fin y que dota a nuestro alumnado &hellip; <a href=\"http:\/\/www.citizenscienceclub.com\/en\/eventos\/\" class=\"more-link\">Continue reading<span class=\"screen-reader-text\"> &#8220;Eventos&#8221;<\/span><\/a><\/p>","protected":false},"author":1,"featured_media":0,"parent":0,"menu_order":0,"comment_status":"closed","ping_status":"closed","template":"","meta":[],"_links":{"self":[{"href":"http:\/\/www.citizenscienceclub.com\/en\/wp-json\/wp\/v2\/pages\/2004"}],"collection":[{"href":"http:\/\/www.citizenscienceclub.com\/en\/wp-json\/wp\/v2\/pages"}],"about":[{"href":"http:\/\/www.citizenscienceclub.com\/en\/wp-json\/wp\/v2\/types\/page"}],"author":[{"embeddable":true,"href":"http:\/\/www.citizenscienceclub.com\/en\/wp-json\/wp\/v2\/users\/1"}],"replies":[{"embeddable":true,"href":"http:\/\/www.citizenscienceclub.com\/en\/wp-json\/wp\/v2\/comments?post=2004"}],"version-history":[{"count":3,"href":"http:\/\/www.citizenscienceclub.com\/en\/wp-json\/wp\/v2\/pages\/2004\/revisions"}],"predecessor-version":[{"id":4425,"href":"http:\/\/www.citizenscienceclub.com\/en\/wp-json\/wp\/v2\/pages\/2004\/revisions\/4425"}],"wp:attachment":[{"href":"http:\/\/www.citizenscienceclub.com\/en\/wp-json\/wp\/v2\/media?parent=2004"}],"curies":[{"name":"wp","href":"https:\/\/api.w.org\/{rel}","templated":true}]}}