{"id":2031,"date":"2016-08-01T11:51:27","date_gmt":"2016-08-01T09:51:27","guid":{"rendered":"http:\/\/www.citizenscienceclub.com\/?page_id=2031"},"modified":"2020-11-30T11:46:28","modified_gmt":"2020-11-30T10:46:28","slug":"galeria-proyectos","status":"publish","type":"page","link":"http:\/\/www.citizenscienceclub.com\/en\/proyectos-de-ciencia-ciudadana-2\/galeria-proyectos\/","title":{"rendered":"Safari en casa"},"content":{"rendered":"<p style=\"text-align: center;\"><img loading=\"lazy\" class=\"alignnone size-medium wp-image-4185\" src=\"http:\/\/www.citizenscienceclub.com\/wp-content\/uploads\/2020\/10\/zebra-84073_640-300x205.jpg\" alt=\"\" width=\"300\" height=\"205\" srcset=\"http:\/\/www.citizenscienceclub.com\/wp-content\/uploads\/2020\/10\/zebra-84073_640-300x205.jpg 300w, http:\/\/www.citizenscienceclub.com\/wp-content\/uploads\/2020\/10\/zebra-84073_640.jpg 640w\" sizes=\"(max-width: 300px) 85vw, 300px\" \/><\/p>\n<p><span style=\"font-weight: 400;\">Los m\u00e1s j\u00f3venes de la casa llevan un explorador dentro y, en este tiempo de confinamiento, no podemos dejar inactivo a ese aventurero, as\u00ed que hemos planeado una serie de actividades para que puedan seguir siendo exploradores&#8230; desde su casa. <\/span><\/p>\n<p><span style=\"font-weight: 400;\">Safari en casa incluye tres tipos de actividades: c\u00e1maras web de la naturaleza, proyectos de ciencia ciudadana y una aplicaci\u00f3n m\u00f3vil de ciencia ciudadana. En el primer caso observaremos animales en su medio natural, en el segundo colaboraremos con proyectos dise\u00f1ados por cient\u00edficos y en el tercer caso haremos ciencia desde casa y compartiremos nuestros resultados en una aplicaci\u00f3n de ciencia ciudadana.<\/span><\/p>\n<h3 class=\"uppercase\" style=\"text-align: left;\">C\u00e1maras web en la naturaleza<\/h3>\n<p>Las c\u00e1maras web dispersas en diferentes lugares de la naturaleza, nos permiten observar el comportamiento de nuestros animales favoritos. Nuestros peque\u00f1os exploradores, desde el sal\u00f3n de casa, podr\u00e1n estar presentes en la alimentaci\u00f3n en el nido de un colibr\u00ed o el nacimiento de un lince.<\/p>\n<p>Viaja con Vi\u00f1as, el explorador, por todos los continentes buscando tu animal favorito.<\/p>\n<p><a href=\"https:\/\/www.youtube.com\/watch?v=3TLvWrwswoQ\">Bella el colibr\u00ed<\/a><\/p>\n<p><iframe loading=\"lazy\" title=\"Bella o colibr\u00ed\" width=\"840\" height=\"473\" src=\"https:\/\/www.youtube.com\/embed\/3TLvWrwswoQ?feature=oembed\" frameborder=\"0\" allow=\"accelerometer; autoplay; clipboard-write; encrypted-media; gyroscope; picture-in-picture\" allowfullscreen><\/iframe><\/p>\n<p><a href=\"https:\/\/youtu.be\/JsrhihUI1ow\">Los linces de Do\u00f1ana<\/a><\/p>\n<p><iframe loading=\"lazy\" title=\"Do\u00f1ana\" width=\"840\" height=\"473\" src=\"https:\/\/www.youtube.com\/embed\/JsrhihUI1ow?feature=oembed\" frameborder=\"0\" allow=\"accelerometer; autoplay; clipboard-write; encrypted-media; gyroscope; picture-in-picture\" allowfullscreen><\/iframe><\/p>\n<p>Si quieres saber c\u00f3mo hacer un<a href=\"https:\/\/drive.google.com\/file\/d\/1kN6of2RSDreojFhXaRBIl7A0xpLZ88vW\/view?usp=sharing\"> etograma<\/a> y realizar tu propia investigaci\u00f3n como explorador cient\u00edfico pincha <a href=\"https:\/\/drive.google.com\/file\/d\/1kN6of2RSDreojFhXaRBIl7A0xpLZ88vW\/view?usp=sharing\">aqu\u00ed<\/a>.<\/p>\n<p>En pr\u00f3ximas ediciones Vi\u00f1as, el explorador, seguir\u00e1 visitando otros lugares como:<\/p>\n<p>El <a href=\"https:\/\/explore.org\/livecams\/africam\/tembe-elephant-park\">parque de elefantes de Tembe<\/a><\/p>\n<p>En el centro de investigaci\u00f3n de <a href=\"https:\/\/explore.org\/livecams\/african-wildlife\/african-river-wildlife-camera\">Mpala en Kenia<\/a><\/p>\n<p>En<a href=\"https:\/\/explore.org\/search\/Audubon%20Osprey%20Nest\"> Hog Island<\/a> Maine (EEUU) veremos \u00e1guilas pescadoras<\/p>\n<p>En <a href=\"https:\/\/explore.org\/search\/Decorah%20Eagles\">Decorah,<\/a> Iowa (EEUU) estaremos con las \u00e1guilas calvas<\/p>\n<p><span style=\"font-weight: 400;\">En <a href=\"http:\/\/&lt;https:\/\/www.youtube.com\/watch?v=ybksOpI95EU&gt;\" data-wplink-url-error=\"true\">Alcal\u00e1 de Henares<\/a> (Espa\u00f1a) han nacido unos halcones peregrinos el mismo d\u00eda del confinamiento.<\/span><\/p>\n<h3 class=\"uppercase\" style=\"text-align: left;\">Ciencia ciudadana<\/h3>\n<p>La ciencia ciudadana es la ciencia que podemos hacer todos juntos. Cuando los cient\u00edficos nos piden ayuda, nosotros podemos participar en su proyecto haciendo trabajos muy sencillos. En este caso, hemos escogido proyectos de ciencia ciudadana relacionados con los animales en los que podamos participar desde nuestra casa.<\/p>\n<p>El primero de ellos es el proyecto <a href=\"https:\/\/www.zooniverse.org\/projects\/spotteron\/nestcams\">NestCams<\/a><\/p>\n<p><iframe loading=\"lazy\" title=\"Proxecto NestCams\" width=\"840\" height=\"473\" src=\"https:\/\/www.youtube.com\/embed\/0XO6FPovVeA?start=8&#038;feature=oembed\" frameborder=\"0\" allow=\"accelerometer; autoplay; clipboard-write; encrypted-media; gyroscope; picture-in-picture\" allowfullscreen><\/iframe><\/p>\n<p>Tras visitar los nidos de aves europeas, participaremos en un proyecto de investigaci\u00f3n de animales en la selva africana con\u00a0 <a href=\"https:\/\/www.zooniverse.org\/projects\/sassydumbledore\/chimp-and-see\">Chimp&amp;See<\/a><\/p>\n<p><iframe loading=\"lazy\" title=\"Chimp&amp;See\" width=\"840\" height=\"473\" src=\"https:\/\/www.youtube.com\/embed\/eDbBaV666z8?feature=oembed\" frameborder=\"0\" allow=\"accelerometer; autoplay; clipboard-write; encrypted-media; gyroscope; picture-in-picture\" allowfullscreen><\/iframe><\/p>\n<p>Adem\u00e1s, seguiremos colaborando con otros proyectos como<\/p>\n<p><a href=\"https:\/\/www.zooniverse.org\/projects\/roxannebeltran\/ano-nuevo-island-animal-count\/about\/research\">A\u00f1o Nuevo Island<\/a> en el cual ayudaremos a contabilizar las poblaciones de le\u00f3n y elefante marino en la isla de A\u00f1o nuevo.<\/p>\n<p><a href=\"https:\/\/www.zooniverse.org\/projects\/penguintom79\/penguin-watch\">Penguin Watch<\/a> \u00a0con el que haremos un seguimiento estrecho a la poblaci\u00f3n de ping\u00fcinos en la pen\u00ednsula Ant\u00e1rtica.<\/p>\n<p><a href=\"https:\/\/www.zooniverse.org\/projects\/stephenresearch\/beluga-bits\/about\/research\">Beluga Bits<\/a> permitir\u00e1 que ayudemos a identificar edad y sexo de las belugas.<\/p>\n<p><a href=\"https:\/\/www.zooniverse.org\/projects\/zooniverse\/snapshot-serengeti\/about\/research\">Snapshot Serengeti<\/a> nos internaremos en un aut\u00e9ntico safari fotogr\u00e1fico en el famoso parque.<\/p>\n<p><img loading=\"lazy\" class=\"alignnone size-medium wp-image-4182\" src=\"http:\/\/www.citizenscienceclub.com\/wp-content\/uploads\/2020\/10\/IMG_5919-300x156.jpg\" alt=\"\" width=\"300\" height=\"156\" srcset=\"http:\/\/www.citizenscienceclub.com\/wp-content\/uploads\/2020\/10\/IMG_5919-300x156.jpg 300w, http:\/\/www.citizenscienceclub.com\/wp-content\/uploads\/2020\/10\/IMG_5919.jpg 640w\" sizes=\"(max-width: 300px) 85vw, 300px\" \/><\/p>\n<h3 class=\"uppercase\" style=\"text-align: left;\">Exploradores en casa<\/h3>\n<p><span style=\"font-weight: 400;\">Hemos creado nuestra propia aplicaci\u00f3n m\u00f3vil con <a href=\"https:\/\/five.epicollect.net\/project\/fauna-durante-el-confinamiento\">Epicollet 5<\/a> para que nuestros alumnos puedan hacer un safari por casa y enviarnos las mejores fotos de los animales m\u00e1s cercanos durante el encierro.\u00a0<\/span><\/p>\n<p><img loading=\"lazy\" class=\"alignnone size-medium wp-image-4169\" src=\"http:\/\/www.citizenscienceclub.com\/wp-content\/uploads\/2020\/10\/Jose-Vin\u0303as-Aquelaxplorador-300x168.jpg\" alt=\"\" width=\"300\" height=\"168\" srcset=\"http:\/\/www.citizenscienceclub.com\/wp-content\/uploads\/2020\/10\/Jose-Vin\u0303as-Aquelaxplorador-300x168.jpg 300w, http:\/\/www.citizenscienceclub.com\/wp-content\/uploads\/2020\/10\/Jose-Vin\u0303as-Aquelaxplorador-768x431.jpg 768w, http:\/\/www.citizenscienceclub.com\/wp-content\/uploads\/2020\/10\/Jose-Vin\u0303as-Aquelaxplorador-1024x574.jpg 1024w, http:\/\/www.citizenscienceclub.com\/wp-content\/uploads\/2020\/10\/Jose-Vin\u0303as-Aquelaxplorador.jpg 1672w\" sizes=\"(max-width: 300px) 85vw, 300px\" \/><\/p>","protected":false},"excerpt":{"rendered":"<p>Los m\u00e1s j\u00f3venes de la casa llevan un explorador dentro y, en este tiempo de confinamiento, no podemos dejar inactivo a ese aventurero, as\u00ed que hemos planeado una serie de actividades para que puedan seguir siendo exploradores&#8230; desde su casa. Safari en casa incluye tres tipos de actividades: c\u00e1maras web de la naturaleza, proyectos de &hellip; <a href=\"http:\/\/www.citizenscienceclub.com\/en\/proyectos-de-ciencia-ciudadana-2\/galeria-proyectos\/\" class=\"more-link\">Continue reading<span class=\"screen-reader-text\"> &#8220;Safari en casa&#8221;<\/span><\/a><\/p>","protected":false},"author":1,"featured_media":0,"parent":1831,"menu_order":0,"comment_status":"closed","ping_status":"closed","template":"","meta":[],"_links":{"self":[{"href":"http:\/\/www.citizenscienceclub.com\/en\/wp-json\/wp\/v2\/pages\/2031"}],"collection":[{"href":"http:\/\/www.citizenscienceclub.com\/en\/wp-json\/wp\/v2\/pages"}],"about":[{"href":"http:\/\/www.citizenscienceclub.com\/en\/wp-json\/wp\/v2\/types\/page"}],"author":[{"embeddable":true,"href":"http:\/\/www.citizenscienceclub.com\/en\/wp-json\/wp\/v2\/users\/1"}],"replies":[{"embeddable":true,"href":"http:\/\/www.citizenscienceclub.com\/en\/wp-json\/wp\/v2\/comments?post=2031"}],"version-history":[{"count":16,"href":"http:\/\/www.citizenscienceclub.com\/en\/wp-json\/wp\/v2\/pages\/2031\/revisions"}],"predecessor-version":[{"id":4201,"href":"http:\/\/www.citizenscienceclub.com\/en\/wp-json\/wp\/v2\/pages\/2031\/revisions\/4201"}],"up":[{"embeddable":true,"href":"http:\/\/www.citizenscienceclub.com\/en\/wp-json\/wp\/v2\/pages\/1831"}],"wp:attachment":[{"href":"http:\/\/www.citizenscienceclub.com\/en\/wp-json\/wp\/v2\/media?parent=2031"}],"curies":[{"name":"wp","href":"https:\/\/api.w.org\/{rel}","templated":true}]}}