{"id":2155,"date":"2016-08-02T13:36:48","date_gmt":"2016-08-02T11:36:48","guid":{"rendered":"http:\/\/www.citizenscienceclub.com\/?page_id=2155"},"modified":"2025-09-20T14:52:04","modified_gmt":"2025-09-20T12:52:04","slug":"opensciencecambre","status":"publish","type":"page","link":"http:\/\/www.citizenscienceclub.com\/en\/opensciencecambre\/","title":{"rendered":"Feria de Ciencia (Open Science Cambre 2025)"},"content":{"rendered":"<h2>Os esperamos en Cambre el 20 y 21 de septiembre<\/h2>\n\n\n\n<div class=\"wp-block-columns\">\n<div class=\"wp-block-column\" style=\"flex-basis:100%\">\n<div class=\"wp-container-1 wp-block-group\"><div class=\"wp-block-group__inner-container\">\n<div class=\"wp-block-columns\">\n<div class=\"wp-block-column\" style=\"flex-basis:100%\">\n<figure class=\"wp-block-image size-large\"><img loading=\"lazy\" width=\"1024\" height=\"679\" src=\"http:\/\/www.citizenscienceclub.com\/wp-content\/uploads\/2025\/06\/Captura-de-pantalla-166-1-1024x679.png\" alt=\"\" class=\"wp-image-5335\" srcset=\"http:\/\/www.citizenscienceclub.com\/wp-content\/uploads\/2025\/06\/Captura-de-pantalla-166-1-1024x679.png 1024w, http:\/\/www.citizenscienceclub.com\/wp-content\/uploads\/2025\/06\/Captura-de-pantalla-166-1-300x199.png 300w, http:\/\/www.citizenscienceclub.com\/wp-content\/uploads\/2025\/06\/Captura-de-pantalla-166-1-768x509.png 768w, http:\/\/www.citizenscienceclub.com\/wp-content\/uploads\/2025\/06\/Captura-de-pantalla-166-1-18x12.png 18w, http:\/\/www.citizenscienceclub.com\/wp-content\/uploads\/2025\/06\/Captura-de-pantalla-166-1.png 1080w\" sizes=\"(max-width: 709px) 85vw, (max-width: 909px) 67vw, (max-width: 1362px) 62vw, 840px\" \/><figcaption>Centros seleccionados para la final de la Open Science Cambre 2025.<\/figcaption><\/figure>\n\n\n\n<p><\/p>\n<\/div>\n<\/div>\n<\/div><\/div>\n<\/div>\n<\/div>\n\n\n\n<h2>ACTIVIDADES<\/h2>\n\n\n\n<h3>S\u00e1bado:<\/h3>\n\n\n\n<figure class=\"wp-block-table is-style-stripes\"><table><tbody><tr><td class=\"has-text-align-center\" data-align=\"center\"><strong>Anfiteatro<\/strong><\/td><td class=\"has-text-align-center\" data-align=\"center\"><strong>Colexio<\/strong><\/td><\/tr><tr><td class=\"has-text-align-center\" data-align=\"center\">12:00h-12:15h<br>Acto de apertura &#8211; Asociaci\u00f3n XenTD100cia<\/td><td class=\"has-text-align-center\" data-align=\"center\">12:30h-13:00h<br>Conferencia: \u201cTratamento nun modelo animal da<br>Enfermidade de Alzheimer\u2026 \u00bfC\u00f3mo o estudamos?\u201d<\/td><\/tr><tr><td class=\"has-text-align-center\" data-align=\"center\">12:45h-13:15h<br>Obradoiro: &#8220;Quero ser paleont\u00f3log@&#8221; &#8211; Espiciencia<\/td><td class=\"has-text-align-center\" data-align=\"center\">13:00h-13:30h<br>Conferencia: \u201cInvestigaci\u00f3n sobre a migra\u00f1a\u201d<\/td><\/tr><tr><td class=\"has-text-align-center\" data-align=\"center\">16:00h-16:30h<br>Obradoiro: &#8220;Cianotipia e pigmentos naturais&#8221; &#8211; Espiciencia<\/td><td class=\"has-text-align-center\" data-align=\"center\">13:30h-14:00h<br>Conferencia: \u201cC\u00f3mo chegar ao cerebro?\u201d<\/td><\/tr><tr><td class=\"has-text-align-center\" data-align=\"center\">16:30h-17:00h<br>Conferencia: &#8220;Seguridade no fogar&#8221; &#8211; Protecci\u00f3n civil<\/td><td class=\"has-text-align-center\" data-align=\"center\">16:00h-16:50h<br>Obradoiro: \u201cO tel\u00e9fono m\u00f3bil: Un laboratorio de peto\u201d<\/td><\/tr><tr><td class=\"has-text-align-center\" data-align=\"center\">17:30h-18:00h<br>Espect\u00e1culo: &#8220;A Cienceneta&#8221; &#8211; David Ballesteros<\/td><td class=\"has-text-align-center\" data-align=\"center\">17:00h-17:45h<br>Obradoiro: \u201cO que non sab\u00edas das matem\u00e1ticas\u201d<\/td><\/tr><tr><td class=\"has-text-align-center\" data-align=\"center\">19:00h<br>Peche da feria<\/td><td class=\"has-text-align-center\" data-align=\"center\"><\/td><\/tr><\/tbody><\/table><\/figure>\n\n\n\n<h3>Domingo:<\/h3>\n\n\n\n<figure class=\"wp-block-table is-style-stripes\"><table><tbody><tr><td class=\"has-text-align-center\" data-align=\"center\"><strong>Anfiteatro<\/strong><\/td><td class=\"has-text-align-center\" data-align=\"center\"><strong>Colexio<\/strong><\/td><\/tr><tr><td class=\"has-text-align-center\" data-align=\"center\">11:00h-11:30h<br>Obradoiro: &#8220;Quero ser paleont\u00f3log@&#8221; &#8211; Espiciencia<\/td><td class=\"has-text-align-center\" data-align=\"center\">10:30h-11:20h<br>Obradoiro: &#8220;O tel\u00e9fono m\u00f3bil: Un laboratorio de peto&#8221;<\/td><\/tr><tr><td class=\"has-text-align-center\" data-align=\"center\">13:00h-14:00h<br><strong>Acto de clausura &#8211; OSC25<\/strong><\/td><td class=\"has-text-align-center\" data-align=\"center\">11:30h-12:00h<br>Conferencia: &#8220;A Revoluci\u00f3n creativa&#8221;<\/td><\/tr><\/tbody><\/table><\/figure>\n\n\n\n<p><\/p>\n\n\n\n<h2>Acogidas<\/h2>\n\n\n\n<p>Una parte imprescindible de nuestra feria es el alojamiento del alumnado que participa en las casas de familias de Cambre y alrededores.<\/p>\n\n\n\n<p>Es por ello que, si quieres participar en esta experiencia y abrir tu hogar el fin de semana del 19, 20 y 21 de septiembre para la Open Science Cambre 2025, \u00a1esta es tu oportunidad!<\/p>\n\n\n\n<p>Simplemente debes cubrir el siguiente formulario: <a href=\"https:\/\/forms.gle\/5hUTuMzkywUkw5n98\" data-type=\"URL\" data-id=\"https:\/\/forms.gle\/5hUTuMzkywUkw5n98\">Formulario Acogidas Familias<\/a><\/p>\n\n\n\n<div style=\"height:68px\" aria-hidden=\"true\" class=\"wp-block-spacer\"><\/div>\n\n\n\n<p><\/p>\n\n\n\n<p>Si quieres localizar en tu navegador, estamos <a rel=\"noreferrer noopener\" href=\"http:\/\/Atrio Cambre, s\/n, 15668 Cambre, A Coru\u00f1a\" target=\"_blank\">aqu\u00ed<\/a><\/p>\n\n\n\n<figure class=\"wp-block-embed is-type-video is-provider-youtube wp-block-embed-youtube wp-embed-aspect-16-9 wp-has-aspect-ratio\"><div class=\"wp-block-embed__wrapper\">\n<iframe loading=\"lazy\" title=\"Promoci\u00f3n #OSC2023\" width=\"840\" height=\"473\" src=\"https:\/\/www.youtube.com\/embed\/1JGzYolMJwo?feature=oembed\" frameborder=\"0\" allow=\"accelerometer; autoplay; clipboard-write; encrypted-media; gyroscope; picture-in-picture; web-share\" referrerpolicy=\"strict-origin-when-cross-origin\" allowfullscreen><\/iframe>\n<\/div><\/figure>\n\n\n\n<p><\/p>\n\n\n\n<p><\/p>\n\n\n\n<p><\/p>\n\n\n\n<p><\/p>\n\n\n\n<p><\/p>\n\n\n\n<p><\/p>\n\n\n\n<p><br><\/p>\n\n\n\n<p><\/p>\n\n\n\n<p><br><\/p>\n\n\n\n<p><\/p>\n\n\n\n<p><\/p>\n\n\n\n<p><\/p>\n\n\n\n<p><\/p>\n\n\n\n<p><\/p>\n\n\n\n<p><\/p>\n\n\n\n<p><\/p>\n\n\n\n<p><\/p>\n\n\n\n<p> <\/p>\n\n\n\n<p><\/p>\n\n\n\n<p><\/p>\n\n\n\n<p><\/p>\n\n\n\n<p><\/p>\n\n\n\n<p><\/p>\n\n\n\n<p><\/p>\n\n\n\n<p><\/p>\n\n\n\n<p><\/p>\n\n\n\n<p><\/p>\n\n\n\n<p><\/p>\n\n\n\n<p><\/p>\n\n\n\n<p><\/p>\n\n\n\n<p><\/p>\n\n\n\n<p><\/p>\n\n\n\n<p><\/p>\n\n\n<p><span style=\"font-weight: 400;\">Las <\/span><span style=\"font-weight: 400;\">ferias <\/span><span style=\"font-weight: 400;\">de <\/span><span style=\"font-weight: 400;\">ciencia <\/span><span style=\"font-weight: 400;\">son <\/span><span style=\"font-weight: 400;\">un <\/span><span style=\"font-weight: 400;\">espacio <\/span><span style=\"font-weight: 400;\">donde <\/span><span style=\"font-weight: 400;\">los <\/span><span style=\"font-weight: 400;\">investigadores <\/span><span style=\"font-weight: 400;\">j\u00f3v<\/span><span style=\"font-weight: 400;\">e<\/span><span style=\"font-weight: 400;\">nes <\/span><span style=\"font-weight: 400;\">and <\/span><span style=\"font-weight: 400;\">adultos <\/span><span style=\"font-weight: 400;\">muestran <\/span><span style=\"font-weight: 400;\">sus <\/span><span style=\"font-weight: 400;\">experiencias <\/span><span style=\"font-weight: 400;\">al <\/span><span style=\"font-weight: 400;\">p\u00fablico<\/span><span style=\"font-weight: 400;\">. <\/span><span style=\"font-weight: 400;\">Salen <\/span><span style=\"font-weight: 400;\">de <\/span><span style=\"font-weight: 400;\">sus <\/span><span style=\"font-weight: 400;\">escuelas<\/span><span style=\"font-weight: 400;\">, <\/span><span style=\"font-weight: 400;\">universidades<\/span><span style=\"font-weight: 400;\">, <\/span><span style=\"font-weight: 400;\">museos <\/span><span style=\"font-weight: 400;\">o <\/span><span style=\"font-weight: 400;\">centros <\/span><span style=\"font-weight: 400;\">de <\/span><span style=\"font-weight: 400;\">invest<\/span><span style=\"font-weight: 400;\">i<\/span><span style=\"font-weight: 400;\">gaci\u00f3n <\/span><span style=\"font-weight: 400;\">para <\/span><span style=\"font-weight: 400;\">mostrar <\/span><span style=\"font-weight: 400;\">sus <\/span><span style=\"font-weight: 400;\">trabajos en <\/span><span style=\"font-weight: 400;\">lugares <\/span><span style=\"font-weight: 400;\">comunes <\/span><span style=\"font-weight: 400;\">como <\/span><span style=\"font-weight: 400;\">plazas, <\/span><span style=\"font-weight: 400;\">parques <\/span><span style=\"font-weight: 400;\">o <\/span><span style=\"font-weight: 400;\">ce<\/span><span style=\"font-weight: 400;\">nt<\/span><span style=\"font-weight: 400;\">ros <\/span><span style=\"font-weight: 400;\">comerciales<\/span><span style=\"font-weight: 400;\">. <\/span><span style=\"font-weight: 400;\">La <\/span><span style=\"font-weight: 400;\">Open <\/span><span style=\"font-weight: 400;\">Science <\/span><span style=\"font-weight: 400;\">de <\/span><span style=\"font-weight: 400;\">Cambre <\/span><span style=\"font-weight: 400;\">ha <\/span><span style=\"font-weight: 400;\">escogido <\/span><span style=\"font-weight: 400;\">un <\/span><span style=\"font-weight: 400;\">espacio <\/span><span style=\"font-weight: 400;\">privilegiado <\/span><span style=\"font-weight: 400;\">en <\/span><span style=\"font-weight: 400;\">nuestro <\/span><span style=\"font-weight: 400;\">pueblo<\/span><span style=\"font-weight: 400;\">, <\/span><span style=\"font-weight: 400;\">el <\/span><span style=\"font-weight: 400;\">parque de <\/span><span style=\"font-weight: 400;\">la <\/span><span style=\"font-weight: 400;\">Iglesia <\/span><span style=\"font-weight: 400;\">de <\/span><span style=\"font-weight: 400;\">Santa <\/span><span style=\"font-weight: 400;\">Mar\u00eda <\/span><span style=\"font-weight: 400;\">de <\/span><span style=\"font-weight: 400;\">Cambre<\/span><span style=\"font-weight: 400;\">, <\/span><span style=\"font-weight: 400;\">construida <\/span><span style=\"font-weight: 400;\">a finales <\/span><span style=\"font-weight: 400;\">de <\/span><span style=\"font-weight: 400;\">siglo XII <\/span><span style=\"font-weight: 400;\">and <\/span><span style=\"font-weight: 400;\">considerada <\/span><span style=\"font-weight: 400;\">uno <\/span><span style=\"font-weight: 400;\">de <\/span><span style=\"font-weight: 400;\">los mejores <\/span><span style=\"font-weight: 400;\">ejemplos <\/span><span style=\"font-weight: 400;\">del <\/span><span style=\"font-weight: 400;\">rom\u00e1nico <\/span><span style=\"font-weight: 400;\">compostelano <\/span><span style=\"font-weight: 400;\">en <\/span><span style=\"font-weight: 400;\">el <\/span><span style=\"font-weight: 400;\">rural <\/span><span style=\"font-weight: 400;\">gallego<\/span><span style=\"font-weight: 400;\">.<\/span><\/p>\n\n\n<div class=\"wp-block-image\"><figure class=\"aligncenter size-large is-resized\"><img loading=\"lazy\" src=\"http:\/\/www.citizenscienceclub.com\/wp-content\/uploads\/2021\/06\/Captura-de-pantalla-2021-06-05-a-las-19.18.19.png\" alt=\"\" class=\"wp-image-4499\" width=\"580\" height=\"363\" srcset=\"http:\/\/www.citizenscienceclub.com\/wp-content\/uploads\/2021\/06\/Captura-de-pantalla-2021-06-05-a-las-19.18.19.png 678w, http:\/\/www.citizenscienceclub.com\/wp-content\/uploads\/2021\/06\/Captura-de-pantalla-2021-06-05-a-las-19.18.19-300x188.png 300w\" sizes=\"(max-width: 580px) 85vw, 580px\" \/><\/figure><\/div>\n\n\n\n<p>La filosof\u00eda de las ferias de n\u00facleos rurales es similar a cualquier feria de ciencia. Ambas tienen un denominador com\u00fan: el p\u00fablico puede &#8220;probar&#8221; la mercanc\u00eda antes de decidir llev\u00e1rsela. Los visitantes, padres, profesores o alumnos podr\u00e1n observar <em>and <\/em>experience first-hand the experiences of young and adult researchers. In our fair it is forbidden<strong> DON'T TOUCH.<\/strong>.<\/p>\n\n\n\n<p class=\" translation-block\">The fairs are a meeting place between young people from different places who show their projects to the visiting public. The protagonists, the young people, improve their communication and interactivity skills in different languages, their social and entrepreneurial skills and, of course, their scientific and technological skills. The Cambre Open Science is a fair organized by and for young people.<\/p>\n\n\n\n<p class=\" translation-block\">An Open fair is one in which it is forbidden not to copy. Educational resources are free, software, hardware and of course, we share science, citizen science has a great role in our fair.<\/p>\n\n\n\n<figure class=\"wp-block-image size-large\"><img loading=\"lazy\" width=\"778\" height=\"542\" src=\"http:\/\/www.citizenscienceclub.com\/wp-content\/uploads\/2021\/06\/Captura-de-pantalla-2021-06-05-a-las-19.20.46.png\" alt=\"\" class=\"wp-image-4501\" srcset=\"http:\/\/www.citizenscienceclub.com\/wp-content\/uploads\/2021\/06\/Captura-de-pantalla-2021-06-05-a-las-19.20.46.png 778w, http:\/\/www.citizenscienceclub.com\/wp-content\/uploads\/2021\/06\/Captura-de-pantalla-2021-06-05-a-las-19.20.46-300x209.png 300w, http:\/\/www.citizenscienceclub.com\/wp-content\/uploads\/2021\/06\/Captura-de-pantalla-2021-06-05-a-las-19.20.46-768x535.png 768w\" sizes=\"(max-width: 778px) 85vw, 778px\" \/><\/figure>\n\n\n\n<p class=\" translation-block\">Visiting other cities is often a unique experience for students working on their science projects throughout the year. The Open Science of Cambre has shown the customs and way of life of our environment, for this reason, we have created a group of welcoming families to receive in their homes students who come from nearby places such as Vigo, Ourense or Santiago, distant places such as Andalusia, Catalonia, Madrid or the Basque Country or places much further away such as Lithuania, Holland, the Czech Republic or Italy. One of the premises of an open science fair is to normalize the presence of all kinds of disadvantaged groups. We offer references, people who improve their social role through science and technology.<\/p>\n\n\n\n<div class=\"wp-block-image\"><figure class=\"aligncenter size-large is-resized\"><img loading=\"lazy\" src=\"http:\/\/www.citizenscienceclub.com\/wp-content\/uploads\/2022\/04\/A67E3C41-0B5C-41A7-AAFE-7C64BB902B7D-edited.jpeg\" alt=\"\" class=\"wp-image-4739\" width=\"795\" height=\"1059\" srcset=\"http:\/\/www.citizenscienceclub.com\/wp-content\/uploads\/2022\/04\/A67E3C41-0B5C-41A7-AAFE-7C64BB902B7D-edited.jpeg 885w, http:\/\/www.citizenscienceclub.com\/wp-content\/uploads\/2022\/04\/A67E3C41-0B5C-41A7-AAFE-7C64BB902B7D-edited-225x300.jpeg 225w, http:\/\/www.citizenscienceclub.com\/wp-content\/uploads\/2022\/04\/A67E3C41-0B5C-41A7-AAFE-7C64BB902B7D-edited-769x1024.jpeg 769w, http:\/\/www.citizenscienceclub.com\/wp-content\/uploads\/2022\/04\/A67E3C41-0B5C-41A7-AAFE-7C64BB902B7D-edited-768x1023.jpeg 768w, http:\/\/www.citizenscienceclub.com\/wp-content\/uploads\/2022\/04\/A67E3C41-0B5C-41A7-AAFE-7C64BB902B7D-edited-9x12.jpeg 9w\" sizes=\"(max-width: 795px) 85vw, 795px\" \/><\/figure><\/div>\n\n\n\n<p>Objectives of the fair:<\/p>\n\n\n\n<div class=\"wp-block-image\"><figure class=\"aligncenter size-large\"><img loading=\"lazy\" width=\"685\" height=\"501\" src=\"http:\/\/www.citizenscienceclub.com\/wp-content\/uploads\/2021\/06\/Captura-de-pantalla-2021-06-05-a-las-19.19.05.png\" alt=\"\" class=\"wp-image-4500\" srcset=\"http:\/\/www.citizenscienceclub.com\/wp-content\/uploads\/2021\/06\/Captura-de-pantalla-2021-06-05-a-las-19.19.05.png 685w, http:\/\/www.citizenscienceclub.com\/wp-content\/uploads\/2021\/06\/Captura-de-pantalla-2021-06-05-a-las-19.19.05-300x219.png 300w\" sizes=\"(max-width: 685px) 85vw, 685px\" \/><\/figure><\/div>\n\n\n\n<div class=\"wp-container-2 wp-block-buttons\"><\/div>\n\n\n\n<p>S\u00edguenos en redes sociales para estar al d\u00eda de todo:<\/p>\n\n\n\n<div class=\"wp-container-6 wp-block-group\"><div class=\"wp-block-group__inner-container\">\n<div class=\"wp-container-5 wp-block-group\"><div class=\"wp-block-group__inner-container\">\n<div class=\"wp-block-columns\">\n<div class=\"wp-block-column\" style=\"flex-basis:100%\">\n<div class=\"wp-container-4 wp-block-group\"><div class=\"wp-block-group__inner-container\">\n<div class=\"wp-container-3 wp-block-buttons\">\n<div class=\"wp-block-button aligncenter\"><a class=\"wp-block-button__link has-cool-to-warm-spectrum-gradient-background has-background\" href=\"https:\/\/www.instagram.com\/opensciencecambre\/\" style=\"border-radius:100px\" target=\"_blank\" rel=\"noreferrer noopener\">Intagram<\/a><\/div>\n\n\n\n<div class=\"wp-block-button aligncenter\"><a class=\"wp-block-button__link has-background\" href=\"https:\/\/www.tiktok.com\/@open.science.cambre\" style=\"background:linear-gradient(90deg,rgb(6,147,227) 19%,rgb(155,81,224) 100%)\" target=\"_blank\" rel=\"noreferrer noopener\">Tik Tok<\/a><\/div>\n\n\n\n<div class=\"wp-block-button aligncenter\"><a class=\"wp-block-button__link has-background\" href=\"https:\/\/m.facebook.com\/p\/Open-Science-Cambre-100081278438751\/\" style=\"background-color:#0063ff\" target=\"_blank\" rel=\"noreferrer noopener\">Facebook<\/a><\/div>\n\n\n\n<div class=\"wp-block-button aligncenter\"><a class=\"wp-block-button__link has-black-background-color has-background\" href=\"https:\/\/x.com\/openscience_\" target=\"_blank\" rel=\"noreferrer noopener\">X<\/a><\/div>\n\n\n\n<div class=\"wp-block-button aligncenter\"><a class=\"wp-block-button__link has-background\" href=\"https:\/\/www.twitch.tv\/opensciencecambre\" style=\"background-color:#8a2ee0\" target=\"_blank\" rel=\"noreferrer noopener\">Twitch<\/a><\/div>\n\n\n\n<div class=\"wp-block-button aligncenter\"><a class=\"wp-block-button__link has-background\" href=\"https:\/\/www.youtube.com\/@opensciencecambre6236\" style=\"background-color:#ff0000\" target=\"_blank\" rel=\"noreferrer noopener\">YouTube<\/a><\/div>\n<\/div>\n<\/div><\/div>\n<\/div>\n<\/div>\n<\/div><\/div>\n<\/div><\/div>","protected":false},"excerpt":{"rendered":"<p>Os esperamos en Cambre el 20 y 21 de septiembre ACTIVIDADES S\u00e1bado: Anfiteatro Colexio 12:00h-12:15hActo de apertura &#8211; Asociaci\u00f3n XenTD100cia 12:30h-13:00hConferencia: \u201cTratamento nun modelo animal daEnfermidade de Alzheimer\u2026 \u00bfC\u00f3mo o estudamos?\u201d 12:45h-13:15hObradoiro: &#8220;Quero ser paleont\u00f3log@&#8221; &#8211; Espiciencia 13:00h-13:30hConferencia: \u201cInvestigaci\u00f3n sobre a migra\u00f1a\u201d 16:00h-16:30hObradoiro: &#8220;Cianotipia e pigmentos naturais&#8221; &#8211; Espiciencia 13:30h-14:00hConferencia: \u201cC\u00f3mo chegar ao cerebro?\u201d 16:30h-17:00hConferencia: &hellip; <a href=\"http:\/\/www.citizenscienceclub.com\/en\/opensciencecambre\/\" class=\"more-link\">Continue reading<span class=\"screen-reader-text\"> &#8220;Feria de Ciencia (Open Science Cambre 2025)&#8221;<\/span><\/a><\/p>","protected":false},"author":1,"featured_media":0,"parent":0,"menu_order":0,"comment_status":"closed","ping_status":"closed","template":"","meta":[],"_links":{"self":[{"href":"http:\/\/www.citizenscienceclub.com\/en\/wp-json\/wp\/v2\/pages\/2155"}],"collection":[{"href":"http:\/\/www.citizenscienceclub.com\/en\/wp-json\/wp\/v2\/pages"}],"about":[{"href":"http:\/\/www.citizenscienceclub.com\/en\/wp-json\/wp\/v2\/types\/page"}],"author":[{"embeddable":true,"href":"http:\/\/www.citizenscienceclub.com\/en\/wp-json\/wp\/v2\/users\/1"}],"replies":[{"embeddable":true,"href":"http:\/\/www.citizenscienceclub.com\/en\/wp-json\/wp\/v2\/comments?post=2155"}],"version-history":[{"count":165,"href":"http:\/\/www.citizenscienceclub.com\/en\/wp-json\/wp\/v2\/pages\/2155\/revisions"}],"predecessor-version":[{"id":5358,"href":"http:\/\/www.citizenscienceclub.com\/en\/wp-json\/wp\/v2\/pages\/2155\/revisions\/5358"}],"wp:attachment":[{"href":"http:\/\/www.citizenscienceclub.com\/en\/wp-json\/wp\/v2\/media?parent=2155"}],"curies":[{"name":"wp","href":"https:\/\/api.w.org\/{rel}","templated":true}]}}