{"id":2203,"date":"2016-08-02T16:09:50","date_gmt":"2016-08-02T14:09:50","guid":{"rendered":"http:\/\/www.citizenscienceclub.com\/?page_id=2203"},"modified":"2021-06-05T18:50:26","modified_gmt":"2021-06-05T16:50:26","slug":"contacto","status":"publish","type":"page","link":"http:\/\/www.citizenscienceclub.com\/en\/contacto\/","title":{"rendered":"Contacto"},"content":{"rendered":"<div class=\"vc_row wpb_row vc_row-fluid\"><div class=\"wpb_column vc_column_container vc_col-sm-12\"><div class=\"vc_column-inner\"><div class=\"wpb_wrapper\"><h2 style=\"text-align: left\" class=\"vc_custom_heading\">Ponte en contacto con el IES David Buj\u00e1n<\/h2><div class=\"vc_row wpb_row vc_inner vc_row-fluid\"><div class=\"wpb_column vc_column_container vc_col-sm-6\"><div class=\"vc_column-inner\"><div class=\"wpb_wrapper\"><div class=\"wpb_gmaps_widget wpb_content_element vc_map_responsive\">\n\t\t<div class=\"wpb_wrapper\">\n\t\t<div class=\"wpb_map_wraper\">\n\t\t\t<iframe src=\"https:\/\/www.google.com\/maps\/embed?pb=!1m18!1m12!1m3!1d92938.03895187812!2d-8.42523223930874!3d43.2867514791356!2m3!1f0!2f0!3f0!3m2!1i1024!2i768!4f13.1!3m3!1m2!1s0x0%3A0xd4c0f9cf04ad8a63!2sInstituto+De+Educaci%C3%B3n+Secundaria+David+Buj%C3%A1n!5e0!3m2!1ses!2sus!4v1470147412899\" width=\"600\" height=\"450\" frameborder=\"0\" style=\"border:0\" allowfullscreen><\/iframe>\t\t<\/div>\n\t<\/div>\n<\/div>\n\n\t<div class=\"wpb_text_column wpb_content_element\">\n\t\t<div class=\"wpb_wrapper\">\n\t\t\t<p>Si quieres saber m\u00e1s sobre nuestra Asociaci\u00f3n Juvenil escr\u00edbenos a:<\/p>\n<p>clubciencia@iesdavidbujan.gal<\/p>\n<p>De donde venimos:<\/p>\n<p>https:\/\/www.edu.xunta.gal\/centros\/iesdavidbujan\/<\/p>\n\n\t\t<\/div>\n\t<\/div>\n<div role=\"form\" class=\"wpcf7\" id=\"wpcf7-f249-o1\" lang=\"en-US\" dir=\"ltr\">\n<div class=\"screen-reader-response\"><p role=\"status\" aria-live=\"polite\" aria-atomic=\"true\"><\/p> <ul><\/ul><\/div>\n<form action=\"\/en\/wp-json\/wp\/v2\/pages\/2203#wpcf7-f249-o1\" method=\"post\" class=\"wpcf7-form init\" novalidate=\"novalidate\" data-status=\"init\" data-trp-original-action=\"\/en\/wp-json\/wp\/v2\/pages\/2203#wpcf7-f249-o1\">\n<div style=\"display: none;\">\n<input type=\"hidden\" name=\"_wpcf7\" value=\"249\" \/>\n<input type=\"hidden\" name=\"_wpcf7_version\" value=\"5.3.2\" \/>\n<input type=\"hidden\" name=\"_wpcf7_locale\" value=\"en_US\" \/>\n<input type=\"hidden\" name=\"_wpcf7_unit_tag\" value=\"wpcf7-f249-o1\" \/>\n<input type=\"hidden\" name=\"_wpcf7_container_post\" value=\"0\" \/>\n<input type=\"hidden\" name=\"_wpcf7_posted_data_hash\" value=\"\" \/>\n<\/div>\n<p><span class=\"wpcf7-form-control-wrap your-name\"><input type=\"text\" name=\"your-name\" value=\"\" size=\"40\" class=\"wpcf7-form-control wpcf7-text wpcf7-validates-as-required\" aria-required=\"true\" aria-invalid=\"false\" placeholder=\"Tu nombre\" \/><\/span><span class=\"wpcf7-form-control-wrap your-email\"><input type=\"email\" name=\"your-email\" value=\"\" size=\"40\" class=\"wpcf7-form-control wpcf7-text wpcf7-email wpcf7-validates-as-required wpcf7-validates-as-email\" aria-required=\"true\" aria-invalid=\"false\" placeholder=\"Tu Email\" \/><\/span><span class=\"wpcf7-form-control-wrap your-message\"><textarea name=\"your-message\" cols=\"40\" rows=\"10\" class=\"wpcf7-form-control wpcf7-textarea\" aria-invalid=\"false\" placeholder=\"Mensaje\"><\/textarea><\/span><input type=\"submit\" value=\"Enviar mensaje\" class=\"wpcf7-form-control wpcf7-submit\" \/><\/p>\n<div class=\"wpcf7-response-output\" aria-hidden=\"true\"><\/div><input type=\"hidden\" name=\"trp-form-language\" value=\"en\"\/><\/form><\/div><\/div><\/div><\/div><\/div><\/div><\/div><\/div><\/div><div class=\"vc_row wpb_row vc_row-fluid vc_row-o-equal-height vc_row-flex\"><div class=\"wpb_column vc_column_container vc_col-sm-12 vc_col-xs-12\"><div class=\"vc_column-inner\"><div class=\"wpb_wrapper\"><div class=\"vc_row wpb_row vc_inner vc_row-fluid\"><div class=\"wpb_column vc_column_container vc_col-sm-1 vc_col-xs-1\"><div class=\"vc_column-inner\"><div class=\"wpb_wrapper\"><\/div><\/div><\/div><div class=\"wpb_column vc_column_container vc_col-sm-2 vc_col-xs-2\"><div class=\"vc_column-inner\"><div class=\"wpb_wrapper\"><div\n\tclass=\"vc_icon_element vc_icon_element-outer vc_icon_element-align-center\">\n\t<div class=\"vc_icon_element-inner vc_icon_element-color-blue vc_icon_element-size-md vc_icon_element-style- vc_icon_element-background-color-grey\"><span class=\"vc_icon_element-icon vc-mono vc-mono-facebook\" ><\/span><a class=\"vc_icon_element-link\" href=\"https:\/\/www.facebook.com\/XentD100cia\/\"  title=\"\" target=\" _blank\"><\/a><\/div>\n<\/div>\n<\/div><\/div><\/div><div class=\"wpb_column vc_column_container vc_col-sm-2 vc_col-xs-2\"><div class=\"vc_column-inner\"><div class=\"wpb_wrapper\"><div\n\tclass=\"vc_icon_element vc_icon_element-outer vc_icon_element-align-center\">\n\t<div class=\"vc_icon_element-inner vc_icon_element-color-peacoc vc_icon_element-size-md vc_icon_element-style- vc_icon_element-background-color-grey\"><span class=\"vc_icon_element-icon vc-mono vc-mono-twitterbird\" ><\/span><a class=\"vc_icon_element-link\" href=\"https:\/\/twitter.com\/xentd100cia\"  title=\"\" target=\" _blank\"><\/a><\/div>\n<\/div>\n<\/div><\/div><\/div><div class=\"wpb_column vc_column_container vc_col-sm-2 vc_col-xs-2\"><div class=\"vc_column-inner\"><div class=\"wpb_wrapper\"><div\n\tclass=\"vc_icon_element vc_icon_element-outer vc_icon_element-align-center\">\n\t<div class=\"vc_icon_element-inner vc_icon_element-color-juicy_pink vc_icon_element-size-md vc_icon_element-style- vc_icon_element-background-color-grey\"><span class=\"vc_icon_element-icon vc-mono vc-mono-youtube\" ><\/span><a class=\"vc_icon_element-link\" href=\"https:\/\/www.youtube.com\/channel\/UCzWAk6_vW_2Y9i6EmcYbBEg\"  title=\"\" target=\" _blank\"><\/a><\/div>\n<\/div>\n<\/div><\/div><\/div><div class=\"wpb_column vc_column_container vc_col-sm-2 vc_col-xs-2\"><div class=\"vc_column-inner\"><div class=\"wpb_wrapper\"><div\n\tclass=\"vc_icon_element vc_icon_element-outer vc_icon_element-align-center\">\n\t<div class=\"vc_icon_element-inner vc_icon_element-color-orange vc_icon_element-size-md vc_icon_element-style- vc_icon_element-background-color-grey\"><span class=\"vc_icon_element-icon vc-mono vc-mono-instagram\" ><\/span><a class=\"vc_icon_element-link\" href=\"https:\/\/www.instagram.com\/clubecienciasdavidbujan\/\"  title=\"\" target=\" _blank\"><\/a><\/div>\n<\/div>\n<\/div><\/div><\/div><div class=\"wpb_column vc_column_container vc_col-sm-2 vc_col-xs-2\"><div class=\"vc_column-inner\"><div class=\"wpb_wrapper\"><div\n\tclass=\"vc_icon_element vc_icon_element-outer vc_icon_element-align-center\">\n\t<div class=\"vc_icon_element-inner vc_icon_element-color-purple vc_icon_element-size-md vc_icon_element-style- vc_icon_element-background-color-grey\"><span class=\"vc_icon_element-icon vc-mono vc-mono-email\" ><\/span><a class=\"vc_icon_element-link\" href=\"http:\/\/clubciencia@iesdavidbujan.gal\"  title=\"\" target=\" _blank\"><\/a><\/div>\n<\/div>\n<\/div><\/div><\/div><div class=\"wpb_column vc_column_container vc_col-sm-1 vc_col-xs-1\"><div class=\"vc_column-inner\"><div class=\"wpb_wrapper\"><\/div><\/div><\/div><\/div><\/div><\/div><\/div><\/div>","protected":false},"excerpt":{"rendered":"Ponte en contacto con el IES David Buj\u00e1n Si quieres saber m\u00e1s sobre nuestra Asociaci\u00f3n Juvenil escr\u00edbenos a: clubciencia@iesdavidbujan.gal De donde venimos: https:\/\/www.edu.xunta.gal\/centros\/iesdavidbujan\/","protected":false},"author":1,"featured_media":0,"parent":0,"menu_order":0,"comment_status":"closed","ping_status":"closed","template":"","meta":[],"_links":{"self":[{"href":"http:\/\/www.citizenscienceclub.com\/en\/wp-json\/wp\/v2\/pages\/2203"}],"collection":[{"href":"http:\/\/www.citizenscienceclub.com\/en\/wp-json\/wp\/v2\/pages"}],"about":[{"href":"http:\/\/www.citizenscienceclub.com\/en\/wp-json\/wp\/v2\/types\/page"}],"author":[{"embeddable":true,"href":"http:\/\/www.citizenscienceclub.com\/en\/wp-json\/wp\/v2\/users\/1"}],"replies":[{"embeddable":true,"href":"http:\/\/www.citizenscienceclub.com\/en\/wp-json\/wp\/v2\/comments?post=2203"}],"version-history":[{"count":7,"href":"http:\/\/www.citizenscienceclub.com\/en\/wp-json\/wp\/v2\/pages\/2203\/revisions"}],"predecessor-version":[{"id":4491,"href":"http:\/\/www.citizenscienceclub.com\/en\/wp-json\/wp\/v2\/pages\/2203\/revisions\/4491"}],"wp:attachment":[{"href":"http:\/\/www.citizenscienceclub.com\/en\/wp-json\/wp\/v2\/media?parent=2203"}],"curies":[{"name":"wp","href":"https:\/\/api.w.org\/{rel}","templated":true}]}}