{"id":2271,"date":"2016-08-17T21:45:36","date_gmt":"2016-08-17T19:45:36","guid":{"rendered":"http:\/\/www.citizenscienceclub.com\/?page_id=2271"},"modified":"2016-08-17T21:56:24","modified_gmt":"2016-08-17T19:56:24","slug":"politica-de-privacidad","status":"publish","type":"page","link":"http:\/\/www.citizenscienceclub.com\/en\/politica-de-privacidad\/","title":{"rendered":"Pol\u00edtica de privacidad"},"content":{"rendered":"<div data-vc-full-width=\"true\" data-vc-full-width-init=\"false\" class=\"vc_row wpb_row vc_row-fluid\"><div class=\"wpb_column vc_column_container vc_col-sm-12\"><div class=\"vc_column-inner\"><div class=\"wpb_wrapper\"><div class=\"vc_row wpb_row vc_inner vc_row-fluid vc_row-o-content-middle vc_row-flex\"><div class=\"wpb_column vc_column_container vc_col-sm-8 vc_col-lg-offset-2 vc_col-lg-8 vc_col-md-12 vc_col-xs-12\"><div class=\"vc_column-inner\"><div class=\"wpb_wrapper\">\n\t<div class=\"wpb_text_column wpb_content_element\">\n\t\t<div class=\"wpb_wrapper\">\n\t\t\t<p><span style=\"font-size: 12pt;\"><strong>1. Pol\u00edtica de privacidad<\/strong><\/span><\/p>\n<p>IES DAVID BUJ\u00c1N informa a los usuarios del sitio web sobre su pol\u00edtica respecto del tratamiento y protecci\u00f3n de los datos de car\u00e1cter personal de los usuarios y clientes que puedan ser recabados por la navegaci\u00f3n o contrataci\u00f3n de servicios a trav\u00e9s de su sitio web.<\/p>\n<p>En este sentido, IES DAVID BUJ\u00c1N garantiza el cumplimiento de la normativa vigente en materia de protecci\u00f3n de datos personales, reflejada en la Ley Org\u00e1nica 15\/1999 de 13 de diciembre, de Protecci\u00f3n de Datos de Car\u00e1cter Personal y en el Real Decreto 1720\/2007, de 21 diciembre, por el que se aprueba el Reglamento de Desarrollo de la LOPD.<\/p>\n<p>El uso de esta web implica la aceptaci\u00f3n de esta pol\u00edtica de privacidad.<\/p>\n<p><span style=\"font-size: 12pt;\"><strong>2. Recogida, finalidad y tratamientos de datos<\/strong><\/span><\/p>\n<p>IES DAVID BUJ\u00c1N tiene el deber de informar a los usuarios de su sitio web acerca de la recogida de datos de car\u00e1cter personal que pueden llevarse a cabo, bien sea mediante el env\u00edo de correo electr\u00f3nico o al cumplimentar los formularios incluidos en el sitio web. En este sentido, IES DAVID BUJ\u00c1N ser\u00e1 considerado como responsable de los datos recabados mediante los medios anteriormente descritos.<\/p>\n<p>A su vez IES DAVID BUJ\u00c1N informa a los usuarios de que la finalidad del tratamiento de los datos recabados contempla: La atenci\u00f3n de solicitudes realizadas por los usuarios, la inclusi\u00f3n en la agenda de contactos, la prestaci\u00f3n de servicios y\/o la gesti\u00f3n de la relaci\u00f3n comercial.<\/p>\n<p>Las operaciones, gestiones y procedimientos t\u00e9cnicos que se realicen de forma automatizada o no automatizada y que posibiliten la recogida, el almacenamiento, la modificaci\u00f3n, la transferencia y otras acciones sobre datos de car\u00e1cter personal, tienen la consideraci\u00f3n de tratamiento de datos personales.<\/p>\n<p>Todos los datos personales, que sean recogidos a trav\u00e9s del sitio web de IES DAVID BUJ\u00c1N, y por tanto tenga la consideraci\u00f3n de tratamiento de datos de car\u00e1cter personal, ser\u00e1n incorporados en los ficheros declarados ante la Agencia Espa\u00f1ola de Protecci\u00f3n de Datos por IES DAVID BUJ\u00c1N.<\/p>\n<p><span style=\"font-size: 12pt;\"><strong>3. Comunicaci\u00f3n de informaci\u00f3n a terceros<\/strong><\/span><\/p>\n<p>IES DAVID BUJ\u00c1N informa a los usuarios de que sus datos personales no ser\u00e1n cedidos a terceras organizaciones, con la salvedad de que dicha cesi\u00f3n de datos este amparada en una obligaci\u00f3n legal o cuando la prestaci\u00f3n de un servicio implique la necesidad de una relaci\u00f3n contractual con un encargado de tratamiento. En este \u00faltimo caso, solo se llevar\u00e1 a cabo la cesi\u00f3n de datos al tercero cuando IES DAVID BUJ\u00c1N disponga del consentimiento expreso del usuario.<\/p>\n<p><span style=\"font-size: 12pt;\"><strong>4. Derechos de los usuarios<\/strong><\/span><\/p>\n<p>La Ley Org\u00e1nica 15\/1999, de 13 de diciembre, de Protecci\u00f3n de Datos de Car\u00e1cter Personal concede a los interesados la posibilidad de ejercer una serie de derechos relacionados con el tratamiento de sus datos personales.<\/p>\n<p>En tanto en cuanto los datos del usuario son objeto de tratamiento por parte de IES DAVID BUJ\u00c1N. Los usuarios podr\u00e1n ejercer los derechos de acceso, rectificaci\u00f3n, cancelaci\u00f3n y oposici\u00f3n de acuerdo con lo previsto en la normativa legal vigente en materia de protecci\u00f3n de datos personales.<\/p>\n<p>Para hacer uso del ejercicio de estos derechos, el usuario deber\u00e1 dirigirse mediante comunicaci\u00f3n escrita, aportando documentaci\u00f3n que acredite su identidad (DNI o pasaporte), a la siguiente direcci\u00f3n: IES DAVID BUJ\u00c1N, Calle: Camino dos Cacharros s\/n, C\u00f3digo postal: 15181, Ciudad: Cambre, Provincia: A Coru\u00f1a o la direcci\u00f3n que sea sustituida en el Registro General de Protecci\u00f3n de Datos. Dicha comunicaci\u00f3n deber\u00e1 reflejar la siguiente informaci\u00f3n: Nombre y apellidos del usuario, la petici\u00f3n de solicitud, el domicilio y los datos acreditativos.<\/p>\n<p>El ejercicio de derechos deber\u00e1 ser realizado por el propio usuario. No obstante, podr\u00e1n ser ejecutados por una persona autorizada como representante legal del autorizado. En tal caso, se deber\u00e1 aportar la documentaci\u00f3n que acredite esta representaci\u00f3n del interesado.<\/p>\n\n\t\t<\/div>\n\t<\/div>\n<\/div><\/div><\/div><\/div><\/div><\/div><\/div><\/div><div class=\"vc_row-full-width vc_clearfix\"><\/div><div class=\"vc_row wpb_row vc_row-fluid vc_row-o-equal-height vc_row-flex\"><div class=\"wpb_column vc_column_container vc_col-sm-12 vc_col-xs-12\"><div class=\"vc_column-inner\"><div class=\"wpb_wrapper\"><div class=\"vc_row wpb_row vc_inner vc_row-fluid\"><div class=\"wpb_column vc_column_container vc_col-sm-1 vc_col-xs-1\"><div class=\"vc_column-inner\"><div class=\"wpb_wrapper\"><\/div><\/div><\/div><div class=\"wpb_column vc_column_container vc_col-sm-2 vc_col-xs-2\"><div class=\"vc_column-inner\"><div class=\"wpb_wrapper\"><div\n\tclass=\"vc_icon_element vc_icon_element-outer vc_icon_element-align-center\">\n\t<div class=\"vc_icon_element-inner vc_icon_element-color-blue vc_icon_element-size-md vc_icon_element-style- vc_icon_element-background-color-grey\"><span class=\"vc_icon_element-icon vc-mono vc-mono-facebook\" ><\/span><a class=\"vc_icon_element-link\" href=\"https:\/\/www.facebook.com\/XentD100cia\/\"  title=\"\" target=\" _blank\"><\/a><\/div>\n<\/div>\n<\/div><\/div><\/div><div class=\"wpb_column vc_column_container vc_col-sm-2 vc_col-xs-2\"><div class=\"vc_column-inner\"><div class=\"wpb_wrapper\"><div\n\tclass=\"vc_icon_element vc_icon_element-outer vc_icon_element-align-center\">\n\t<div class=\"vc_icon_element-inner vc_icon_element-color-peacoc vc_icon_element-size-md vc_icon_element-style- vc_icon_element-background-color-grey\"><span class=\"vc_icon_element-icon vc-mono vc-mono-twitterbird\" ><\/span><a class=\"vc_icon_element-link\" href=\"https:\/\/twitter.com\/Club100cia\"  title=\"\" target=\" _blank\"><\/a><\/div>\n<\/div>\n<\/div><\/div><\/div><div class=\"wpb_column vc_column_container vc_col-sm-2 vc_col-xs-2\"><div class=\"vc_column-inner\"><div class=\"wpb_wrapper\"><div\n\tclass=\"vc_icon_element vc_icon_element-outer vc_icon_element-align-center\">\n\t<div class=\"vc_icon_element-inner vc_icon_element-color-juicy_pink vc_icon_element-size-md vc_icon_element-style- vc_icon_element-background-color-grey\"><span class=\"vc_icon_element-icon vc-mono vc-mono-pinterest\" ><\/span><a class=\"vc_icon_element-link\" href=\"https:\/\/es.pinterest.com\/clubciencia\/\"  title=\"\" target=\" _blank\"><\/a><\/div>\n<\/div>\n<\/div><\/div><\/div><div class=\"wpb_column vc_column_container vc_col-sm-2 vc_col-xs-2\"><div class=\"vc_column-inner\"><div class=\"wpb_wrapper\"><div\n\tclass=\"vc_icon_element vc_icon_element-outer vc_icon_element-align-center\">\n\t<div class=\"vc_icon_element-inner vc_icon_element-color-orange vc_icon_element-size-md vc_icon_element-style- vc_icon_element-background-color-grey\"><span class=\"vc_icon_element-icon vc-mono vc-mono-instagram\" ><\/span><a class=\"vc_icon_element-link\" href=\"https:\/\/www.instagram.com\/clubecienciasdavidbujan\/\"  title=\"\" target=\" _blank\"><\/a><\/div>\n<\/div>\n<\/div><\/div><\/div><div class=\"wpb_column vc_column_container vc_col-sm-2 vc_col-xs-2\"><div class=\"vc_column-inner\"><div class=\"wpb_wrapper\"><div\n\tclass=\"vc_icon_element vc_icon_element-outer vc_icon_element-align-center\">\n\t<div class=\"vc_icon_element-inner vc_icon_element-color-purple vc_icon_element-size-md vc_icon_element-style- vc_icon_element-background-color-grey\"><span class=\"vc_icon_element-icon vc-mono vc-mono-instagram\" ><\/span><a class=\"vc_icon_element-link\" href=\"https:\/\/www.instagram.com\/citizen_science_now\/\"  title=\"\" target=\" _blank\"><\/a><\/div>\n<\/div>\n<\/div><\/div><\/div><div class=\"wpb_column vc_column_container vc_col-sm-1 vc_col-xs-1\"><div class=\"vc_column-inner\"><div class=\"wpb_wrapper\"><\/div><\/div><\/div><\/div><\/div><\/div><\/div><\/div>","protected":false},"excerpt":{"rendered":"1. Pol\u00edtica de privacidad IES DAVID BUJ\u00c1N informa a los usuarios del sitio web sobre su pol\u00edtica respecto del tratamiento y protecci\u00f3n de los datos de car\u00e1cter personal de los usuarios y clientes que puedan ser recabados por la navegaci\u00f3n o contrataci\u00f3n de servicios a trav\u00e9s de su sitio web. En este sentido, IES DAVID &hellip; <a href=\"http:\/\/www.citizenscienceclub.com\/en\/politica-de-privacidad\/\" class=\"more-link\">Continue reading<span class=\"screen-reader-text\"> \"Pol\u00edtica de privacidad\"<\/span><\/a>","protected":false},"author":1,"featured_media":0,"parent":0,"menu_order":0,"comment_status":"closed","ping_status":"closed","template":"","meta":[],"_links":{"self":[{"href":"http:\/\/www.citizenscienceclub.com\/en\/wp-json\/wp\/v2\/pages\/2271"}],"collection":[{"href":"http:\/\/www.citizenscienceclub.com\/en\/wp-json\/wp\/v2\/pages"}],"about":[{"href":"http:\/\/www.citizenscienceclub.com\/en\/wp-json\/wp\/v2\/types\/page"}],"author":[{"embeddable":true,"href":"http:\/\/www.citizenscienceclub.com\/en\/wp-json\/wp\/v2\/users\/1"}],"replies":[{"embeddable":true,"href":"http:\/\/www.citizenscienceclub.com\/en\/wp-json\/wp\/v2\/comments?post=2271"}],"version-history":[{"count":0,"href":"http:\/\/www.citizenscienceclub.com\/en\/wp-json\/wp\/v2\/pages\/2271\/revisions"}],"wp:attachment":[{"href":"http:\/\/www.citizenscienceclub.com\/en\/wp-json\/wp\/v2\/media?parent=2271"}],"curies":[{"name":"wp","href":"https:\/\/api.w.org\/{rel}","templated":true}]}}