{"id":3150,"date":"2016-08-02T10:54:22","date_gmt":"2016-08-02T08:54:22","guid":{"rendered":"http:\/\/www.citizenscienceclub.com\/participantes\/"},"modified":"2016-08-02T10:54:22","modified_gmt":"2016-08-02T08:54:22","slug":"participantes","status":"publish","type":"page","link":"http:\/\/www.citizenscienceclub.com\/en\/participantes\/","title":{"rendered":"Schools involved"},"content":{"rendered":"<div class=\"vc_row wpb_row vc_row-fluid\"><div class=\"wpb_column vc_column_container vc_col-sm-12\"><div class=\"vc_column-inner\"><div class=\"wpb_wrapper\"><div class=\"vc_row wpb_row vc_inner vc_row-fluid vc_row-o-content-middle vc_row-flex\"><div class=\"wpb_column vc_column_container vc_col-sm-8\"><div class=\"vc_column-inner\"><div class=\"wpb_wrapper\">\n\t<div class=\"wpb_text_column wpb_content_element\">\n\t\t<div class=\"wpb_wrapper\">\n\t\t\t<p><span style=\"font-weight: 400;\">The schools involved have taken part in several European projects and innovating programs to improve the quality of the teaching-learning process.<\/span><\/p>\n<p><span style=\"font-weight: 400;\">Both have been experimental schools for the Ingenious Project (shaping the future of Science and Mathematics education) in the frame of the European Commission FP7 program.<\/span><\/p>\n\n\t\t<\/div>\n\t<\/div>\n<\/div><\/div><\/div><div class=\"wpb_column vc_column_container vc_col-sm-4\"><div class=\"vc_column-inner\"><div class=\"wpb_wrapper\">\n\t<div class=\"wpb_single_image wpb_content_element vc_align_center\">\n\t\t\n\t\t<figure class=\"wpb_wrapper vc_figure\">\n\t\t\t<div class=\"vc_single_image-wrapper   vc_box_border_grey\"><img width=\"373\" height=\"280\" src=\"http:\/\/www.citizenscienceclub.com\/wp-content\/uploads\/2016\/08\/ingenious.png\" class=\"vc_single_image-img attachment-full\" alt=\"\" loading=\"lazy\" srcset=\"http:\/\/www.citizenscienceclub.com\/wp-content\/uploads\/2016\/08\/ingenious.png 373w, http:\/\/www.citizenscienceclub.com\/wp-content\/uploads\/2016\/08\/ingenious-300x225.png 300w\" sizes=\"(max-width: 373px) 85vw, 373px\" \/><\/div>\n\t\t<\/figure>\n\t<\/div>\n<\/div><\/div><\/div><\/div><div class=\"vc_row wpb_row vc_inner vc_row-fluid vc_row-o-content-middle vc_row-flex\"><div class=\"wpb_column vc_column_container vc_col-sm-4\"><div class=\"vc_column-inner\"><div class=\"wpb_wrapper\">\n\t<div class=\"wpb_single_image wpb_content_element vc_align_center\">\n\t\t\n\t\t<figure class=\"wpb_wrapper vc_figure\">\n\t\t\t<div class=\"vc_single_image-wrapper   vc_box_border_grey\"><img width=\"929\" height=\"191\" src=\"http:\/\/www.citizenscienceclub.com\/wp-content\/uploads\/2016\/08\/global-excursion.png\" class=\"vc_single_image-img attachment-full\" alt=\"\" loading=\"lazy\" srcset=\"http:\/\/www.citizenscienceclub.com\/wp-content\/uploads\/2016\/08\/global-excursion.png 929w, http:\/\/www.citizenscienceclub.com\/wp-content\/uploads\/2016\/08\/global-excursion-300x62.png 300w, http:\/\/www.citizenscienceclub.com\/wp-content\/uploads\/2016\/08\/global-excursion-768x158.png 768w\" sizes=\"(max-width: 709px) 85vw, (max-width: 909px) 67vw, (max-width: 1362px) 62vw, 840px\" \/><\/div>\n\t\t<\/figure>\n\t<\/div>\n<\/div><\/div><\/div><div class=\"wpb_column vc_column_container vc_col-sm-8\"><div class=\"vc_column-inner\"><div class=\"wpb_wrapper\">\n\t<div class=\"wpb_text_column wpb_content_element\">\n\t\t<div class=\"wpb_wrapper\">\n\t\t\t<p><span style=\"font-weight: 400;\">Both took part in the Global Science Excursion Project as experimental schools (Extended curriculum for infrastructure online), predecessor of the Virtual Science Hub platform, in the frame of in the frame of the European Commission FP7 program.<\/span><\/p>\n\n\t\t<\/div>\n\t<\/div>\n<\/div><\/div><\/div><\/div><div class=\"vc_row wpb_row vc_inner vc_row-fluid vc_row-o-content-middle vc_row-flex\"><div class=\"wpb_column vc_column_container vc_col-sm-8\"><div class=\"vc_column-inner\"><div class=\"wpb_wrapper\">\n\t<div class=\"wpb_text_column wpb_content_element\">\n\t\t<div class=\"wpb_wrapper\">\n\t\t\t<p><span style=\"font-weight: 400;\">Besides, they are also experimental schools within the new project based on the use of virtual labs through an inquiry-based methodology, GoLab (Learning by experience), in the frame of the European Commission FP7 program.<\/span><\/p>\n\n\t\t<\/div>\n\t<\/div>\n<\/div><\/div><\/div><div class=\"wpb_column vc_column_container vc_col-sm-4\"><div class=\"vc_column-inner\"><div class=\"wpb_wrapper\">\n\t<div class=\"wpb_single_image wpb_content_element vc_align_center\">\n\t\t\n\t\t<figure class=\"wpb_wrapper vc_figure\">\n\t\t\t<div class=\"vc_single_image-wrapper   vc_box_border_grey\"><img width=\"657\" height=\"299\" src=\"http:\/\/www.citizenscienceclub.com\/wp-content\/uploads\/2016\/08\/go-lab.png\" class=\"vc_single_image-img attachment-full\" alt=\"\" loading=\"lazy\" srcset=\"http:\/\/www.citizenscienceclub.com\/wp-content\/uploads\/2016\/08\/go-lab.png 657w, http:\/\/www.citizenscienceclub.com\/wp-content\/uploads\/2016\/08\/go-lab-300x137.png 300w\" sizes=\"(max-width: 657px) 85vw, 657px\" \/><\/div>\n\t\t<\/figure>\n\t<\/div>\n<\/div><\/div><\/div><\/div><div class=\"vc_row wpb_row vc_inner vc_row-fluid vc_row-o-content-middle vc_row-flex\"><div class=\"wpb_column vc_column_container vc_col-sm-4\"><div class=\"vc_column-inner\"><div class=\"wpb_wrapper\">\n\t<div class=\"wpb_single_image wpb_content_element vc_align_center\">\n\t\t\n\t\t<figure class=\"wpb_wrapper vc_figure\">\n\t\t\t<div class=\"vc_single_image-wrapper   vc_box_border_grey\"><img width=\"369\" height=\"368\" src=\"http:\/\/www.citizenscienceclub.com\/wp-content\/uploads\/2016\/08\/ciencia-ciudadana-en-la-escuela.png\" class=\"vc_single_image-img attachment-full\" alt=\"\" loading=\"lazy\" srcset=\"http:\/\/www.citizenscienceclub.com\/wp-content\/uploads\/2016\/08\/ciencia-ciudadana-en-la-escuela.png 369w, http:\/\/www.citizenscienceclub.com\/wp-content\/uploads\/2016\/08\/ciencia-ciudadana-en-la-escuela-150x150.png 150w, http:\/\/www.citizenscienceclub.com\/wp-content\/uploads\/2016\/08\/ciencia-ciudadana-en-la-escuela-300x300.png 300w, http:\/\/www.citizenscienceclub.com\/wp-content\/uploads\/2016\/08\/ciencia-ciudadana-en-la-escuela-60x60.png 60w\" sizes=\"(max-width: 369px) 85vw, 369px\" \/><\/div>\n\t\t<\/figure>\n\t<\/div>\n<\/div><\/div><\/div><div class=\"wpb_column vc_column_container vc_col-sm-8\"><div class=\"vc_column-inner\"><div class=\"wpb_wrapper\">\n\t<div class=\"wpb_text_column wpb_content_element\">\n\t\t<div class=\"wpb_wrapper\">\n\t\t\t<p><span style=\"font-weight: 400;\">The IES David Buj\u00e1n High School has carried out the project \u201cCitizenship Science at School\u201d funded by the Barri\u00e9 Foundation, where the integration of some citizenship science models into the academic curriculum are set out. <\/span><\/p>\n\n\t\t<\/div>\n\t<\/div>\n<\/div><\/div><\/div><\/div><div class=\"vc_row wpb_row vc_inner vc_row-fluid vc_row-o-content-middle vc_row-flex\"><div class=\"wpb_column vc_column_container vc_col-sm-4\"><div class=\"vc_column-inner\"><div class=\"wpb_wrapper\">\n\t<div class=\"wpb_single_image wpb_content_element vc_align_center\">\n\t\t\n\t\t<figure class=\"wpb_wrapper vc_figure\">\n\t\t\t<div class=\"vc_single_image-wrapper   vc_box_border_grey\"><img width=\"651\" height=\"368\" src=\"http:\/\/www.citizenscienceclub.com\/wp-content\/uploads\/2016\/08\/loreto-grammar-school.png\" class=\"vc_single_image-img attachment-full\" alt=\"\" loading=\"lazy\" srcset=\"http:\/\/www.citizenscienceclub.com\/wp-content\/uploads\/2016\/08\/loreto-grammar-school.png 651w, http:\/\/www.citizenscienceclub.com\/wp-content\/uploads\/2016\/08\/loreto-grammar-school-300x170.png 300w\" sizes=\"(max-width: 651px) 85vw, 651px\" \/><\/div>\n\t\t<\/figure>\n\t<\/div>\n<\/div><\/div><\/div><div class=\"wpb_column vc_column_container vc_col-sm-6\"><div class=\"vc_column-inner\"><div class=\"wpb_wrapper\">\n\t<div class=\"wpb_text_column wpb_content_element\">\n\t\t<div class=\"wpb_wrapper\">\n\t\t\t<p><span style=\"font-weight: 400;\">Loreto Grammar School has got a Science Club design according to the project expectations, deepening into the technological version of the so called STEM Clubs and participating in renowned competitions such as \u201cTeentech Awards\u201d<\/span><\/p>\n\n\t\t<\/div>\n\t<\/div>\n<\/div><\/div><\/div><div class=\"wpb_column vc_column_container vc_col-sm-2\"><div class=\"vc_column-inner\"><div class=\"wpb_wrapper\">\n\t<div class=\"wpb_single_image wpb_content_element vc_align_center\">\n\t\t\n\t\t<figure class=\"wpb_wrapper vc_figure\">\n\t\t\t<div class=\"vc_single_image-wrapper   vc_box_border_grey\"><img width=\"409\" height=\"327\" src=\"http:\/\/www.citizenscienceclub.com\/wp-content\/uploads\/2016\/08\/teen-tech.png\" class=\"vc_single_image-img attachment-full\" alt=\"\" loading=\"lazy\" srcset=\"http:\/\/www.citizenscienceclub.com\/wp-content\/uploads\/2016\/08\/teen-tech.png 409w, http:\/\/www.citizenscienceclub.com\/wp-content\/uploads\/2016\/08\/teen-tech-300x240.png 300w\" sizes=\"(max-width: 409px) 85vw, 409px\" \/><\/div>\n\t\t<\/figure>\n\t<\/div>\n<\/div><\/div><\/div><\/div><\/div><\/div><\/div><\/div><div class=\"vc_row wpb_row vc_row-fluid\"><div class=\"wpb_column vc_column_container vc_col-sm-12\"><div class=\"vc_column-inner\"><div class=\"wpb_wrapper\"><div class=\"vc_row wpb_row vc_inner vc_row-fluid vc_row-o-content-middle vc_row-flex\"><div class=\"wpb_column vc_column_container vc_col-sm-8\"><div class=\"vc_column-inner\"><div class=\"wpb_wrapper\">\n\t<div class=\"wpb_text_column wpb_content_element\">\n\t\t<div class=\"wpb_wrapper\">\n\t\t\t<h2><b>During the project<\/b><\/h2>\n<h3>Methodology.<\/h3>\n<h2><b><i>\u201dThe best way to learn science is doing science\u201d<\/i><\/b><\/h2>\n<p><span style=\"font-weight: 400;\">Both coordinators, due to our previous experience, believe that this is the key principle. The Inquiry-Based Learning is the most efficient one for the acquisition of knowledge and scientific-technological competences. Both coordinators have shared our experiences in this regard to get the project to a good end. In addition, \u00a0during the project, the Spanish coordinator, Jos\u00e9 Vi\u00f1as, was given a grant by the Barri\u00e9 Foundation to to attend an intensive course \u201cFundamentals of Inquiry\u201d at the Institute for Inquiry at Exploratorium, San Francisco, California (USA), where, together with 25 teachers from USA, Canada, Japan and China, he could study further into the inquisitive methodology within science education, which has added an extra value to our project.<\/span><\/p>\n\n\t\t<\/div>\n\t<\/div>\n<\/div><\/div><\/div><div class=\"wpb_column vc_column_container vc_col-sm-4\"><div class=\"vc_column-inner\"><div class=\"wpb_wrapper\">\n\t<div class=\"wpb_single_image wpb_content_element vc_align_center\">\n\t\t\n\t\t<figure class=\"wpb_wrapper vc_figure\">\n\t\t\t<div class=\"vc_single_image-wrapper   vc_box_border_grey\"><img width=\"1000\" height=\"317\" src=\"http:\/\/www.citizenscienceclub.com\/wp-content\/uploads\/2016\/11\/Logo-e1483558992280.png\" class=\"vc_single_image-img attachment-full\" alt=\"\" loading=\"lazy\" \/><\/div>\n\t\t<\/figure>\n\t<\/div>\n<\/div><\/div><\/div><\/div><div class=\"vc_row wpb_row vc_inner vc_row-fluid vc_row-o-content-middle vc_row-flex\"><div class=\"wpb_column vc_column_container vc_col-sm-4\"><div class=\"vc_column-inner\"><div class=\"wpb_wrapper\">\n\t<div class=\"wpb_single_image wpb_content_element vc_align_center\">\n\t\t\n\t\t<figure class=\"wpb_wrapper vc_figure\">\n\t\t\t<div class=\"vc_single_image-wrapper   vc_box_border_grey\"><img width=\"1000\" height=\"429\" src=\"http:\/\/www.citizenscienceclub.com\/wp-content\/uploads\/2016\/08\/RAENG_Magenta_RGB-e1483558698475.jpg\" class=\"vc_single_image-img attachment-full\" alt=\"\" loading=\"lazy\" \/><\/div>\n\t\t<\/figure>\n\t<\/div>\n<\/div><\/div><\/div><div class=\"wpb_column vc_column_container vc_col-sm-8\"><div class=\"vc_column-inner\"><div class=\"wpb_wrapper\">\n\t<div class=\"wpb_text_column wpb_content_element\">\n\t\t<div class=\"wpb_wrapper\">\n\t\t\t<p><span style=\"font-weight: 400;\">Royal Academy of Engineering projects. The UK school got involved in RAEng through the national program Connecting STEM teachers (CST) and it worked in the Museum of Science and Industry of Manchester (MOSI) to test the resources which connect actual engineering to the classroom, thus allowing teachers to develop a collaborative methodology. We have used this material with the primary schools in Altrincham on different occasions and \u00a0at IES David Buj\u00e1n.<\/span><\/p>\n\n\t\t<\/div>\n\t<\/div>\n<\/div><\/div><\/div><\/div><div class=\"vc_row wpb_row vc_inner vc_row-fluid vc_row-o-content-middle vc_row-flex\"><div class=\"wpb_column vc_column_container vc_col-sm-8\"><div class=\"vc_column-inner\"><div class=\"wpb_wrapper\">\n\t<div class=\"wpb_text_column wpb_content_element\">\n\t\t<div class=\"wpb_wrapper\">\n\t\t\t<p><span style=\"font-weight: 400;\">Citizen Science. The IES David Buj\u00e1n High School experience at implementing citizenship science projects in the classroom, has offered a wider choice to pick up the most interesting ones to be adjusted to the students levels. In addition, two mobile phone apps have been created to carry out citizenship science projects during the project.<\/span><\/p>\n\n\t\t<\/div>\n\t<\/div>\n<\/div><\/div><\/div><div class=\"wpb_column vc_column_container vc_col-sm-4\"><div class=\"vc_column-inner\"><div class=\"wpb_wrapper\">\n\t<div class=\"wpb_single_image wpb_content_element vc_align_center\">\n\t\t\n\t\t<figure class=\"wpb_wrapper vc_figure\">\n\t\t\t<div class=\"vc_single_image-wrapper   vc_box_border_grey\"><img width=\"500\" height=\"282\" src=\"http:\/\/www.citizenscienceclub.com\/wp-content\/uploads\/2016\/11\/500_0.jpg\" class=\"vc_single_image-img attachment-full\" alt=\"\" loading=\"lazy\" srcset=\"http:\/\/www.citizenscienceclub.com\/wp-content\/uploads\/2016\/11\/500_0.jpg 500w, http:\/\/www.citizenscienceclub.com\/wp-content\/uploads\/2016\/11\/500_0-300x169.jpg 300w\" sizes=\"(max-width: 500px) 85vw, 500px\" \/><\/div>\n\t\t<\/figure>\n\t<\/div>\n<\/div><\/div><\/div><\/div><\/div><\/div><\/div><\/div><div class=\"vc_row wpb_row vc_row-fluid vc_row-o-equal-height vc_row-flex\"><div class=\"wpb_column vc_column_container vc_col-sm-12 vc_col-xs-12\"><div class=\"vc_column-inner\"><div class=\"wpb_wrapper\"><div class=\"vc_row wpb_row vc_inner vc_row-fluid\"><div class=\"wpb_column vc_column_container vc_col-sm-1 vc_col-xs-1\"><div class=\"vc_column-inner\"><div class=\"wpb_wrapper\"><\/div><\/div><\/div><div class=\"wpb_column vc_column_container vc_col-sm-2 vc_col-xs-2\"><div class=\"vc_column-inner\"><div class=\"wpb_wrapper\"><div\n\tclass=\"vc_icon_element vc_icon_element-outer vc_icon_element-align-center\">\n\t<div class=\"vc_icon_element-inner vc_icon_element-color-blue vc_icon_element-size-md vc_icon_element-style- vc_icon_element-background-color-grey\"><span class=\"vc_icon_element-icon vc-mono vc-mono-facebook\" ><\/span><a class=\"vc_icon_element-link\" href=\"https:\/\/www.facebook.com\/XentD100cia\/\"  title=\"\" target=\" _blank\"><\/a><\/div>\n<\/div>\n<\/div><\/div><\/div><div class=\"wpb_column vc_column_container vc_col-sm-2 vc_col-xs-2\"><div class=\"vc_column-inner\"><div class=\"wpb_wrapper\"><div\n\tclass=\"vc_icon_element vc_icon_element-outer vc_icon_element-align-center\">\n\t<div class=\"vc_icon_element-inner vc_icon_element-color-peacoc vc_icon_element-size-md vc_icon_element-style- vc_icon_element-background-color-grey\"><span class=\"vc_icon_element-icon vc-mono vc-mono-twitterbird\" ><\/span><a class=\"vc_icon_element-link\" href=\"https:\/\/twitter.com\/Club100cia\"  title=\"\" target=\" _blank\"><\/a><\/div>\n<\/div>\n<\/div><\/div><\/div><div class=\"wpb_column vc_column_container vc_col-sm-2 vc_col-xs-2\"><div class=\"vc_column-inner\"><div class=\"wpb_wrapper\"><div\n\tclass=\"vc_icon_element vc_icon_element-outer vc_icon_element-align-center\">\n\t<div class=\"vc_icon_element-inner vc_icon_element-color-juicy_pink vc_icon_element-size-md vc_icon_element-style- vc_icon_element-background-color-grey\"><span class=\"vc_icon_element-icon vc-mono vc-mono-pinterest\" ><\/span><a class=\"vc_icon_element-link\" href=\"https:\/\/es.pinterest.com\/clubciencia\/\"  title=\"\" target=\" _blank\"><\/a><\/div>\n<\/div>\n<\/div><\/div><\/div><div class=\"wpb_column vc_column_container vc_col-sm-2 vc_col-xs-2\"><div class=\"vc_column-inner\"><div class=\"wpb_wrapper\"><div\n\tclass=\"vc_icon_element vc_icon_element-outer vc_icon_element-align-center\">\n\t<div class=\"vc_icon_element-inner vc_icon_element-color-orange vc_icon_element-size-md vc_icon_element-style- vc_icon_element-background-color-grey\"><span class=\"vc_icon_element-icon vc-mono vc-mono-email\" ><\/span><a class=\"vc_icon_element-link\" href=\"mailto:clubciencia@iesdavidbujan.com\"  title=\"\" target=\" _blank\"><\/a><\/div>\n<\/div>\n<\/div><\/div><\/div><div class=\"wpb_column vc_column_container vc_col-sm-2 vc_col-xs-2\"><div class=\"vc_column-inner\"><div class=\"wpb_wrapper\"><div\n\tclass=\"vc_icon_element vc_icon_element-outer vc_icon_element-align-center\">\n\t<div class=\"vc_icon_element-inner vc_icon_element-color-purple vc_icon_element-size-md vc_icon_element-style- vc_icon_element-background-color-grey\"><span class=\"vc_icon_element-icon vc-mono vc-mono-instagram\" ><\/span><a class=\"vc_icon_element-link\" href=\"https:\/\/www.instagram.com\/citizen_science_now\/\"  title=\"\" target=\" _blank\"><\/a><\/div>\n<\/div>\n<\/div><\/div><\/div><div class=\"wpb_column vc_column_container vc_col-sm-1 vc_col-xs-1\"><div class=\"vc_column-inner\"><div class=\"wpb_wrapper\"><\/div><\/div><\/div><\/div><\/div><\/div><\/div><\/div>","protected":false},"excerpt":{"rendered":"The schools involved have taken part in several European projects and innovating programs to improve the quality of the teaching-learning process. Both have been experimental schools for the Ingenious Project (shaping the future of Science and Mathematics education) in the frame of the European Commission FP7 program. Both took part in the Global Science Excursion &hellip; <a href=\"http:\/\/www.citizenscienceclub.com\/en\/participantes\/\" class=\"more-link\">Continue reading<span class=\"screen-reader-text\"> \"Schools involved\"<\/span><\/a>","protected":false},"author":1,"featured_media":0,"parent":0,"menu_order":0,"comment_status":"closed","ping_status":"closed","template":"","meta":[],"_links":{"self":[{"href":"http:\/\/www.citizenscienceclub.com\/en\/wp-json\/wp\/v2\/pages\/3150"}],"collection":[{"href":"http:\/\/www.citizenscienceclub.com\/en\/wp-json\/wp\/v2\/pages"}],"about":[{"href":"http:\/\/www.citizenscienceclub.com\/en\/wp-json\/wp\/v2\/types\/page"}],"author":[{"embeddable":true,"href":"http:\/\/www.citizenscienceclub.com\/en\/wp-json\/wp\/v2\/users\/1"}],"replies":[{"embeddable":true,"href":"http:\/\/www.citizenscienceclub.com\/en\/wp-json\/wp\/v2\/comments?post=3150"}],"version-history":[{"count":1,"href":"http:\/\/www.citizenscienceclub.com\/en\/wp-json\/wp\/v2\/pages\/3150\/revisions"}],"predecessor-version":[{"id":3153,"href":"http:\/\/www.citizenscienceclub.com\/en\/wp-json\/wp\/v2\/pages\/3150\/revisions\/3153"}],"wp:attachment":[{"href":"http:\/\/www.citizenscienceclub.com\/en\/wp-json\/wp\/v2\/media?parent=3150"}],"curies":[{"name":"wp","href":"https:\/\/api.w.org\/{rel}","templated":true}]}}