{"id":3328,"date":"2018-06-18T14:03:10","date_gmt":"2018-06-18T12:03:10","guid":{"rendered":"http:\/\/www.citizenscienceclub.com\/?page_id=3328"},"modified":"2018-09-13T18:31:14","modified_gmt":"2018-09-13T16:31:14","slug":"opensciencecambre-programa-open-science-cambre-2018","status":"publish","type":"page","link":"http:\/\/www.citizenscienceclub.com\/en\/opensciencecambre-programa-open-science-cambre-2018\/","title":{"rendered":"Programa Open Science Cambre 2018"},"content":{"rendered":"<div class=\"vc_row wpb_row vc_row-fluid\"><div class=\"wpb_column vc_column_container vc_col-sm-12\"><div class=\"vc_column-inner\"><div class=\"wpb_wrapper\">\n\t<div class=\"wpb_text_column wpb_content_element\">\n\t\t<div class=\"wpb_wrapper\">\n\t\t\t<p><img loading=\"lazy\" class=\"alignnone size-medium wp-image-3181\" src=\"http:\/\/www.citizenscienceclub.com\/wp-content\/uploads\/2016\/08\/Open-Cience-Cambre-1-300x139.jpg\" alt=\"\" width=\"300\" height=\"139\" srcset=\"http:\/\/www.citizenscienceclub.com\/wp-content\/uploads\/2016\/08\/Open-Cience-Cambre-1-300x139.jpg 300w, http:\/\/www.citizenscienceclub.com\/wp-content\/uploads\/2016\/08\/Open-Cience-Cambre-1.jpg 500w\" sizes=\"(max-width: 300px) 85vw, 300px\" \/>\u00a0 \u00a0 \u00a0 \u00a0 \u00a0 \u00a0 \u00a0 \u00a0 \u00a0 \u00a0 \u00a0 \u00a0 \u00a0 \u00a0 \u00a0<img loading=\"lazy\" class=\"alignnone size-medium wp-image-3329\" src=\"http:\/\/www.citizenscienceclub.com\/wp-content\/uploads\/2018\/06\/Captura-de-pantalla-2018-06-18-a-las-13.43.23-300x81.png\" alt=\"\" width=\"300\" height=\"81\" srcset=\"http:\/\/www.citizenscienceclub.com\/wp-content\/uploads\/2018\/06\/Captura-de-pantalla-2018-06-18-a-las-13.43.23-300x81.png 300w, http:\/\/www.citizenscienceclub.com\/wp-content\/uploads\/2018\/06\/Captura-de-pantalla-2018-06-18-a-las-13.43.23-500x137.png 500w, http:\/\/www.citizenscienceclub.com\/wp-content\/uploads\/2018\/06\/Captura-de-pantalla-2018-06-18-a-las-13.43.23.png 510w\" sizes=\"(max-width: 300px) 85vw, 300px\" \/><\/p>\n<p><span style=\"font-size: 24pt; color: #33cccc;\"><span style=\"font-family: 'arial black', sans-serif;\">Programa s\u00e1bado 15 y domingo 16 de septiembre<\/span><\/span><\/p>\n<p><span style=\"font-size: 12pt;\">Actividades para p\u00fablico de todas las edades<\/span><\/p>\n<p>CONCURSOS. Concurso de cohetes de agua el s\u00e1bado a las 16h. Ven a fabricar y probar tu cohete de agua. Compite con otros concursantes y prueba tus habilidades como dise\u00f1ador y lanzador de cohetes de agua.<\/p>\n<p>ESPECT\u00c1CULOS DE CIENCIA. La ciencia en clave de show. Todos los p\u00fablicos. Espacio limitado.<\/p>\n<p>CAF\u00c9 CIENT\u00cdFICO. Ven a compartir un caf\u00e9 con cient\u00edficos que te mostrar\u00e1n como la ciencia forma parte importante de tu vida. A partir de 14 a\u00f1os. Espacio limitado. S\u00e1bado 15 y domingo 16 a las 12 h.<\/p>\n<p>ESCAPE ROOM. Descubre las pista ocultas que hemos escondido. Convi\u00e9rtete en un aut\u00e9ntico investigador y podr\u00e1s ser liberado de la habitaci\u00f3n del p\u00e1nico que te hemos preparado.<\/p>\n<p>OPEN SCIENCE XOVE. J\u00f3venes investigadores de diferentes pa\u00edses te sorprender\u00e1n con sus proyectos. Todos los p\u00fablicos. S\u00e1bado de 12 a 20h y domingo de 10 a 14h.<\/p>\n<p>OPEN SCIENCE DIVULGA. Los mejores divulgadores se dan cita en nuestra feria de ciencia para mostrar sus talleres, demostraciones y experiencias m\u00e1s atractivas.<\/p>\n\n\t\t<\/div>\n\t<\/div>\n<\/div><\/div><\/div><\/div><div class=\"vc_row wpb_row vc_row-fluid\"><div class=\"wpb_column vc_column_container vc_col-sm-12\"><div class=\"vc_column-inner\"><div class=\"wpb_wrapper\"><div class=\"wpb_gmaps_widget wpb_content_element Mapa Open Science 2018\">\n\t\t<div class=\"wpb_wrapper\">\n\t\t<div class=\"wpb_map_wraper\">\n\t\t\t<iframe src=\"https:\/\/www.google.com\/maps\/d\/embed?mid=1woLXSTHGuRilqPc9vj-4qOH5gPdLdWO1\" width=\"640\" height=\"480\"><\/iframe>\nhttps:\/\/goo.gl\/6EGeAL\t\t<\/div>\n\t<\/div>\n<\/div>\n\n\t<div class=\"wpb_text_column wpb_content_element\">\n\t\t<div class=\"wpb_wrapper\">\n\t\t\t<p>Agrandar\u00a0<a href=\"https:\/\/goo.gl\/6EGeAL\">Mapa<\/a><\/p>\n\n\t\t<\/div>\n\t<\/div>\n<\/div><\/div><\/div><\/div><div class=\"vc_row wpb_row vc_row-fluid\"><div class=\"wpb_column vc_column_container vc_col-sm-12\"><div class=\"vc_column-inner\"><div class=\"wpb_wrapper\"><div class=\"vc_wp_text wpb_content_element sheetcss\"><div class=\"widget widget_text\">\t\t\t<div class=\"textwidget\"><\/div>\n\t\t<\/div><\/div><\/div><\/div><\/div><\/div><div class=\"vc_row wpb_row vc_row-fluid\"><div class=\"wpb_column vc_column_container vc_col-sm-12\"><div class=\"vc_column-inner\"><div class=\"wpb_wrapper\">\n\t<div class=\"wpb_text_column wpb_content_element\">\n\t\t<div class=\"wpb_wrapper\">\n\t\t\t<p>[table id=1 \/]<\/p>\n\n\t\t<\/div>\n\t<\/div>\n<\/div><\/div><\/div><\/div>","protected":false},"excerpt":{"rendered":"\u00a0 \u00a0 \u00a0 \u00a0 \u00a0 \u00a0 \u00a0 \u00a0 \u00a0 \u00a0 \u00a0 \u00a0 \u00a0 \u00a0 \u00a0 Programa s\u00e1bado 15 y domingo 16 de septiembre Actividades para p\u00fablico de todas las edades CONCURSOS. Concurso de cohetes de agua el s\u00e1bado a las 16h. Ven a fabricar y probar tu cohete de agua. Compite con otros concursantes y &hellip; <a href=\"http:\/\/www.citizenscienceclub.com\/en\/opensciencecambre-programa-open-science-cambre-2018\/\" class=\"more-link\">Continue reading<span class=\"screen-reader-text\"> \"Programa Open Science Cambre 2018\"<\/span><\/a>","protected":false},"author":4,"featured_media":0,"parent":0,"menu_order":0,"comment_status":"closed","ping_status":"closed","template":"","meta":[],"_links":{"self":[{"href":"http:\/\/www.citizenscienceclub.com\/en\/wp-json\/wp\/v2\/pages\/3328"}],"collection":[{"href":"http:\/\/www.citizenscienceclub.com\/en\/wp-json\/wp\/v2\/pages"}],"about":[{"href":"http:\/\/www.citizenscienceclub.com\/en\/wp-json\/wp\/v2\/types\/page"}],"author":[{"embeddable":true,"href":"http:\/\/www.citizenscienceclub.com\/en\/wp-json\/wp\/v2\/users\/4"}],"replies":[{"embeddable":true,"href":"http:\/\/www.citizenscienceclub.com\/en\/wp-json\/wp\/v2\/comments?post=3328"}],"version-history":[{"count":11,"href":"http:\/\/www.citizenscienceclub.com\/en\/wp-json\/wp\/v2\/pages\/3328\/revisions"}],"predecessor-version":[{"id":3409,"href":"http:\/\/www.citizenscienceclub.com\/en\/wp-json\/wp\/v2\/pages\/3328\/revisions\/3409"}],"wp:attachment":[{"href":"http:\/\/www.citizenscienceclub.com\/en\/wp-json\/wp\/v2\/media?parent=3328"}],"curies":[{"name":"wp","href":"https:\/\/api.w.org\/{rel}","templated":true}]}}