{"id":3445,"date":"2019-03-08T09:15:29","date_gmt":"2019-03-08T08:15:29","guid":{"rendered":"http:\/\/www.citizenscienceclub.com\/?page_id=3445"},"modified":"2025-07-01T22:43:27","modified_gmt":"2025-07-01T20:43:27","slug":"programa-osc","status":"publish","type":"page","link":"http:\/\/www.citizenscienceclub.com\/en\/programa-osc\/","title":{"rendered":"Researcher Calendars"},"content":{"rendered":"<p>Estos son los calendarios con las fechas de inscripci\u00f3n y presentaci\u00f3n de proyectos de la Open Science Cambre 2025 #OSC2025.<\/p>\n\n\n\n<p><strong>Calendario OSC Xove:<\/strong><\/p>\n\n\n\n<figure class=\"wp-block-image size-large\"><img loading=\"lazy\" width=\"1024\" height=\"516\" src=\"http:\/\/www.citizenscienceclub.com\/wp-content\/uploads\/2025\/03\/IMG-20250226-WA0057-1024x516.jpg\" alt=\"\" class=\"wp-image-5272\" srcset=\"http:\/\/www.citizenscienceclub.com\/wp-content\/uploads\/2025\/03\/IMG-20250226-WA0057-1024x516.jpg 1024w, http:\/\/www.citizenscienceclub.com\/wp-content\/uploads\/2025\/03\/IMG-20250226-WA0057-300x151.jpg 300w, http:\/\/www.citizenscienceclub.com\/wp-content\/uploads\/2025\/03\/IMG-20250226-WA0057-768x387.jpg 768w, http:\/\/www.citizenscienceclub.com\/wp-content\/uploads\/2025\/03\/IMG-20250226-WA0057-18x9.jpg 18w, http:\/\/www.citizenscienceclub.com\/wp-content\/uploads\/2025\/03\/IMG-20250226-WA0057-1200x605.jpg 1200w, http:\/\/www.citizenscienceclub.com\/wp-content\/uploads\/2025\/03\/IMG-20250226-WA0057.jpg 1280w\" sizes=\"(max-width: 709px) 85vw, (max-width: 909px) 67vw, (max-width: 1362px) 62vw, 840px\" \/><\/figure>\n\n\n\n<p class=\"has-luminous-vivid-orange-background-color has-background\"><strong>*<\/strong>Debido al apag\u00f3n del 28 de abril, el fin del plazo para la presentaci\u00f3n de proyectos se ha ampliado hasta el<strong> \u00a15 de mayo!<\/strong><\/p>\n\n\n\n<div style=\"height:45px\" aria-hidden=\"true\" class=\"wp-block-spacer\"><\/div>\n\n\n\n<p><strong>Calendario OSC Divulga:<\/strong><\/p>\n\n\n\n<p>El plazo para inscribirse como participante como parte de un grupo o asociaci\u00f3n en la OSC Divulga 2025 est\u00e1 disponible hasta el d\u00eda <strong>25 de julio de 2025<\/strong>.<\/p>\n\n\n\n<figure class=\"wp-block-gallery has-nested-images columns-default is-cropped\"><\/figure>\n\n\n<ul class=\"wp-block-archives-list wp-block-archives\">\t<li><a href='http:\/\/www.citizenscienceclub.com\/en\/2021\/06\/'>June 2021<\/a><\/li>\n\t<li><a href='http:\/\/www.citizenscienceclub.com\/en\/2019\/09\/'>September 2019<\/a><\/li>\n\t<li><a href='http:\/\/www.citizenscienceclub.com\/en\/2019\/08\/'>August 2019<\/a><\/li>\n\t<li><a href='http:\/\/www.citizenscienceclub.com\/en\/2019\/05\/'>May 2019<\/a><\/li>\n\t<li><a href='http:\/\/www.citizenscienceclub.com\/en\/2018\/09\/'>September 2018<\/a><\/li>\n\t<li><a href='http:\/\/www.citizenscienceclub.com\/en\/2018\/08\/'>August 2018<\/a><\/li>\n\t<li><a href='http:\/\/www.citizenscienceclub.com\/en\/2018\/04\/'>April 2018<\/a><\/li>\n\t<li><a href='http:\/\/www.citizenscienceclub.com\/en\/2018\/02\/'>February 2018<\/a><\/li>\n\t<li><a href='http:\/\/www.citizenscienceclub.com\/en\/2017\/06\/'>June 2017<\/a><\/li>\n\t<li><a href='http:\/\/www.citizenscienceclub.com\/en\/2017\/02\/'>February 2017<\/a><\/li>\n\t<li><a href='http:\/\/www.citizenscienceclub.com\/en\/2017\/01\/'>January 2017<\/a><\/li>\n\t<li><a href='http:\/\/www.citizenscienceclub.com\/en\/2016\/12\/'>December 2016<\/a><\/li>\n\t<li><a href='http:\/\/www.citizenscienceclub.com\/en\/2016\/11\/'>November 2016<\/a><\/li>\n\t<li><a href='http:\/\/www.citizenscienceclub.com\/en\/2016\/10\/'>October 2016<\/a><\/li>\n\t<li><a href='http:\/\/www.citizenscienceclub.com\/en\/2016\/09\/'>September 2016<\/a><\/li>\n\t<li><a href='http:\/\/www.citizenscienceclub.com\/en\/2016\/07\/'>July 2016<\/a><\/li>\n\t<li><a href='http:\/\/www.citizenscienceclub.com\/en\/2016\/06\/'>June 2016<\/a><\/li>\n\t<li><a href='http:\/\/www.citizenscienceclub.com\/en\/2016\/05\/'>May 2016<\/a><\/li>\n\t<li><a href='http:\/\/www.citizenscienceclub.com\/en\/2016\/04\/'>April 2016<\/a><\/li>\n\t<li><a href='http:\/\/www.citizenscienceclub.com\/en\/2016\/03\/'>March 2016<\/a><\/li>\n\t<li><a href='http:\/\/www.citizenscienceclub.com\/en\/2016\/02\/'>February 2016<\/a><\/li>\n\t<li><a href='http:\/\/www.citizenscienceclub.com\/en\/2015\/11\/'>November 2015<\/a><\/li>\n\t<li><a href='http:\/\/www.citizenscienceclub.com\/en\/2015\/10\/'>October 2015<\/a><\/li>\n\t<li><a href='http:\/\/www.citizenscienceclub.com\/en\/2015\/09\/'>September 2015<\/a><\/li>\n\t<li><a href='http:\/\/www.citizenscienceclub.com\/en\/2015\/06\/'>June 2015<\/a><\/li>\n\t<li><a href='http:\/\/www.citizenscienceclub.com\/en\/2015\/05\/'>May 2015<\/a><\/li>\n\t<li><a href='http:\/\/www.citizenscienceclub.com\/en\/2015\/04\/'>April 2015<\/a><\/li>\n\t<li><a href='http:\/\/www.citizenscienceclub.com\/en\/2015\/03\/'>March 2015<\/a><\/li>\n\t<li><a href='http:\/\/www.citizenscienceclub.com\/en\/2015\/02\/'>February 2015<\/a><\/li>\n\t<li><a href='http:\/\/www.citizenscienceclub.com\/en\/2015\/01\/'>January 2015<\/a><\/li>\n\t<li><a href='http:\/\/www.citizenscienceclub.com\/en\/2014\/11\/'>November 2014<\/a><\/li>\n\t<li><a href='http:\/\/www.citizenscienceclub.com\/en\/2014\/10\/'>October 2014<\/a><\/li>\n<\/ul>\n\n\n<p><\/p>\n\n\n\n<p>S\u00edguenos en redes sociales para estar al d\u00eda de todo:<\/p>\n\n\n\n<div class=\"wp-container-1 wp-block-buttons\">\n<div class=\"wp-block-button aligncenter\"><a class=\"wp-block-button__link has-cool-to-warm-spectrum-gradient-background has-background\" href=\"https:\/\/www.instagram.com\/opensciencecambre\/\" style=\"border-radius:100px\" target=\"_blank\" rel=\"noreferrer noopener\">Intagram<\/a><\/div>\n\n\n\n<div class=\"wp-block-button aligncenter\"><a class=\"wp-block-button__link has-background\" href=\"https:\/\/www.tiktok.com\/@open.science.cambre\" style=\"background:linear-gradient(90deg,rgb(6,147,227) 19%,rgb(155,81,224) 100%)\" target=\"_blank\" rel=\"noreferrer noopener\">Tik Tok<\/a><\/div>\n\n\n\n<div class=\"wp-block-button aligncenter\"><a class=\"wp-block-button__link has-background\" href=\"https:\/\/m.facebook.com\/p\/Open-Science-Cambre-100081278438751\/\" style=\"background-color:#0063ff\" target=\"_blank\" rel=\"noreferrer noopener\">Facebook<\/a><\/div>\n\n\n\n<div class=\"wp-block-button aligncenter\"><a class=\"wp-block-button__link has-black-background-color has-background\" href=\"https:\/\/x.com\/openscience_\" target=\"_blank\" rel=\"noreferrer noopener\">X<\/a><\/div>\n\n\n\n<div class=\"wp-block-button aligncenter\"><a class=\"wp-block-button__link has-background\" href=\"https:\/\/www.twitch.tv\/opensciencecambre\" style=\"background-color:#8a2ee0\" target=\"_blank\" rel=\"noreferrer noopener\">Twitch<\/a><\/div>\n\n\n\n<div class=\"wp-block-button aligncenter\"><a class=\"wp-block-button__link has-background\" href=\"https:\/\/www.youtube.com\/@opensciencecambre6236\" style=\"background-color:#ff0000\" target=\"_blank\" rel=\"noreferrer noopener\">YouTube<\/a><\/div>\n<\/div>\n\n\n\n<div class=\"wp-container-3 wp-block-group\"><div class=\"wp-block-group__inner-container\">\n<div class=\"wp-container-2 wp-block-group\"><div class=\"wp-block-group__inner-container\">\n<div class=\"wp-block-columns\"><\/div>\n<\/div><\/div>\n<\/div><\/div>","protected":false},"excerpt":{"rendered":"<p>Estos son los calendarios con las fechas de inscripci\u00f3n y presentaci\u00f3n de proyectos de la Open Science Cambre 2025 #OSC2025. Calendario OSC Xove: *Debido al apag\u00f3n del 28 de abril, el fin del plazo para la presentaci\u00f3n de proyectos se ha ampliado hasta el \u00a15 de mayo! Calendario OSC Divulga: El plazo para inscribirse como &hellip; <a href=\"http:\/\/www.citizenscienceclub.com\/en\/programa-osc\/\" class=\"more-link\">Continue reading<span class=\"screen-reader-text\"> &#8220;Calendarios de Investigadores&#8221;<\/span><\/a><\/p>","protected":false},"author":4,"featured_media":0,"parent":0,"menu_order":0,"comment_status":"closed","ping_status":"closed","template":"","meta":[],"_links":{"self":[{"href":"http:\/\/www.citizenscienceclub.com\/en\/wp-json\/wp\/v2\/pages\/3445"}],"collection":[{"href":"http:\/\/www.citizenscienceclub.com\/en\/wp-json\/wp\/v2\/pages"}],"about":[{"href":"http:\/\/www.citizenscienceclub.com\/en\/wp-json\/wp\/v2\/types\/page"}],"author":[{"embeddable":true,"href":"http:\/\/www.citizenscienceclub.com\/en\/wp-json\/wp\/v2\/users\/4"}],"replies":[{"embeddable":true,"href":"http:\/\/www.citizenscienceclub.com\/en\/wp-json\/wp\/v2\/comments?post=3445"}],"version-history":[{"count":76,"href":"http:\/\/www.citizenscienceclub.com\/en\/wp-json\/wp\/v2\/pages\/3445\/revisions"}],"predecessor-version":[{"id":5348,"href":"http:\/\/www.citizenscienceclub.com\/en\/wp-json\/wp\/v2\/pages\/3445\/revisions\/5348"}],"wp:attachment":[{"href":"http:\/\/www.citizenscienceclub.com\/en\/wp-json\/wp\/v2\/media?parent=3445"}],"curies":[{"name":"wp","href":"https:\/\/api.w.org\/{rel}","templated":true}]}}