{"id":3729,"date":"2019-05-28T11:14:10","date_gmt":"2019-05-28T09:14:10","guid":{"rendered":"http:\/\/www.citizenscienceclub.com\/?page_id=3729"},"modified":"2024-09-21T15:37:00","modified_gmt":"2024-09-21T13:37:00","slug":"impacto-osc","status":"publish","type":"page","link":"http:\/\/www.citizenscienceclub.com\/en\/impacto-osc\/","title":{"rendered":"OSC Impact"},"content":{"rendered":"<p>Una poblaci\u00f3n como Cambre, de menos de 25000 habitantes, organiz\u00f3 una feria de ciencia diferente, abierta y gratuita. Por ella pasaron, durante su celebraci\u00f3n en 2023, 7000 visitantes.<\/p>\n\n\n\n<p>Este a\u00f1o contaremos con unos 30 divulgadores cient\u00edficos entre los participantes en los stands, talleres y charlas.<\/p>\n\n\n\n<p>Del total de los 100 stands de la feria, 80 pertenecen a proyectos de j\u00f3venes cient\u00edficos de diferentes pa\u00edses.<\/p>\n\n\n\n<p><\/p>\n\n\n\n<p>Impacto presencial de 2024:<\/p>\n\n\n\n<ul><li>350 j\u00f3venes investigadores invitados. 60% de ellos son chicas.<\/li><li>50 profesores tutorizando los proyectos.<\/li><li>50 alumnos\/as extranjeros<\/li><li>140 j\u00f3venes investigadores acogidos en nuestras casas.<\/li><li>J\u00f3venes investigadores de Espa\u00f1a, Portugal, Colombia, , M\u00e9jico y Turqu\u00eda estar\u00e1n con nosotros. <\/li><\/ul>\n\n\n\n<p><\/p>\n\n\n\n<figure class=\"wp-block-gallery has-nested-images columns-default is-cropped\">\n<figure class=\"wp-block-image size-full\"><img loading=\"lazy\" width=\"1000\" height=\"549\" data-id=\"5087\"  src=\"http:\/\/www.citizenscienceclub.com\/wp-content\/uploads\/2024\/05\/Anfiteatro-2023.jpg\" alt=\"\" class=\"wp-image-5087\" srcset=\"http:\/\/www.citizenscienceclub.com\/wp-content\/uploads\/2024\/05\/Anfiteatro-2023.jpg 1000w, http:\/\/www.citizenscienceclub.com\/wp-content\/uploads\/2024\/05\/Anfiteatro-2023-300x165.jpg 300w, http:\/\/www.citizenscienceclub.com\/wp-content\/uploads\/2024\/05\/Anfiteatro-2023-768x422.jpg 768w, http:\/\/www.citizenscienceclub.com\/wp-content\/uploads\/2024\/05\/Anfiteatro-2023-18x10.jpg 18w\" sizes=\"(max-width: 709px) 85vw, (max-width: 909px) 67vw, (max-width: 1362px) 62vw, 840px\" \/><\/figure>\n<\/figure>\n\n\n\n<p><\/p>\n\n\n\n<p>S\u00edguenos en redes sociales para estar al d\u00eda de todo:<\/p>\n\n\n\n<div class=\"wp-container-1 wp-block-buttons\">\n<div class=\"wp-block-button aligncenter\"><a class=\"wp-block-button__link has-cool-to-warm-spectrum-gradient-background has-background\" href=\"https:\/\/www.instagram.com\/opensciencecambre\/\" style=\"border-radius:100px\" target=\"_blank\" rel=\"noreferrer noopener\">Intagram<\/a><\/div>\n\n\n\n<div class=\"wp-block-button aligncenter\"><a class=\"wp-block-button__link has-background\" href=\"https:\/\/www.tiktok.com\/@open.science.cambre\" style=\"background:linear-gradient(90deg,rgb(6,147,227) 19%,rgb(155,81,224) 100%)\" target=\"_blank\" rel=\"noreferrer noopener\">Tik Tok<\/a><\/div>\n\n\n\n<div class=\"wp-block-button aligncenter\"><a class=\"wp-block-button__link has-background\" href=\"https:\/\/m.facebook.com\/p\/Open-Science-Cambre-100081278438751\/\" style=\"background-color:#0063ff\" target=\"_blank\" rel=\"noreferrer noopener\">Facebook<\/a><\/div>\n\n\n\n<div class=\"wp-block-button aligncenter\"><a class=\"wp-block-button__link has-black-background-color has-background\" href=\"https:\/\/x.com\/openscience_\" target=\"_blank\" rel=\"noreferrer noopener\">X<\/a><\/div>\n\n\n\n<div class=\"wp-block-button aligncenter\"><a class=\"wp-block-button__link has-background\" href=\"https:\/\/www.twitch.tv\/opensciencecambre\" style=\"background-color:#8a2ee0\" target=\"_blank\" rel=\"noreferrer noopener\">Twitch<\/a><\/div>\n\n\n\n<div class=\"wp-block-button aligncenter\"><a class=\"wp-block-button__link has-background\" href=\"https:\/\/www.youtube.com\/@opensciencecambre6236\" style=\"background-color:#ff0000\" target=\"_blank\" rel=\"noreferrer noopener\">YouTube<\/a><\/div>\n<\/div>","protected":false},"excerpt":{"rendered":"<p>Una poblaci\u00f3n como Cambre, de menos de 25000 habitantes, organiz\u00f3 una feria de ciencia diferente, abierta y gratuita. Por ella pasaron, durante su celebraci\u00f3n en 2023, 7000 visitantes. Este a\u00f1o contaremos con unos 30 divulgadores cient\u00edficos entre los participantes en los stands, talleres y charlas. Del total de los 100 stands de la feria, 80 &hellip; <a href=\"http:\/\/www.citizenscienceclub.com\/en\/impacto-osc\/\" class=\"more-link\">Continue reading<span class=\"screen-reader-text\"> &#8220;Impacto OSC&#8221;<\/span><\/a><\/p>","protected":false},"author":3,"featured_media":0,"parent":0,"menu_order":0,"comment_status":"closed","ping_status":"closed","template":"","meta":[],"_links":{"self":[{"href":"http:\/\/www.citizenscienceclub.com\/en\/wp-json\/wp\/v2\/pages\/3729"}],"collection":[{"href":"http:\/\/www.citizenscienceclub.com\/en\/wp-json\/wp\/v2\/pages"}],"about":[{"href":"http:\/\/www.citizenscienceclub.com\/en\/wp-json\/wp\/v2\/types\/page"}],"author":[{"embeddable":true,"href":"http:\/\/www.citizenscienceclub.com\/en\/wp-json\/wp\/v2\/users\/3"}],"replies":[{"embeddable":true,"href":"http:\/\/www.citizenscienceclub.com\/en\/wp-json\/wp\/v2\/comments?post=3729"}],"version-history":[{"count":8,"href":"http:\/\/www.citizenscienceclub.com\/en\/wp-json\/wp\/v2\/pages\/3729\/revisions"}],"predecessor-version":[{"id":5241,"href":"http:\/\/www.citizenscienceclub.com\/en\/wp-json\/wp\/v2\/pages\/3729\/revisions\/5241"}],"wp:attachment":[{"href":"http:\/\/www.citizenscienceclub.com\/en\/wp-json\/wp\/v2\/media?parent=3729"}],"curies":[{"name":"wp","href":"https:\/\/api.w.org\/{rel}","templated":true}]}}