{"id":3948,"date":"2020-09-18T09:37:41","date_gmt":"2020-09-18T07:37:41","guid":{"rendered":"http:\/\/www.citizenscienceclub.com\/?page_id=3948"},"modified":"2025-03-07T23:07:32","modified_gmt":"2025-03-07T22:07:32","slug":"open-science-xove","status":"publish","type":"page","link":"http:\/\/www.citizenscienceclub.com\/en\/open-science-xove\/","title":{"rendered":"Open Science Xove"},"content":{"rendered":"<p>Si quieres presentar tu proyecto en Open Science Xove 2025, cubre el siguiente formulario:<\/p>\n\n\n\n<p><a href=\"https:\/\/forms.gle\/5hotQHu2NbMUnRcV7\" data-type=\"URL\" data-id=\"https:\/\/forms.gle\/5hotQHu2NbMUnRcV7\" target=\"_blank\" rel=\"noreferrer noopener\">Formulario en espa\u00f1ol<\/a><\/p>\n\n\n\n<p><a href=\"https:\/\/forms.gle\/F5RDF674uM7j5Bn76\" data-type=\"URL\" data-id=\"https:\/\/forms.gle\/F5RDF674uM7j5Bn76\" target=\"_blank\" rel=\"noreferrer noopener\">Formulario en ingl\u00e9s (Form in english)<\/a><\/p>\n\n\n\n<p><\/p>\n\n\n\n<p>S\u00edguenos en redes sociales para estar al d\u00eda de todo:<\/p>\n\n\n\n<div class=\"wp-container-1 wp-block-buttons\">\n<div class=\"wp-block-button aligncenter\"><a class=\"wp-block-button__link has-cool-to-warm-spectrum-gradient-background has-background\" href=\"https:\/\/www.instagram.com\/opensciencecambre\/\" style=\"border-radius:100px\" target=\"_blank\" rel=\"noreferrer noopener\">Intagram<\/a><\/div>\n\n\n\n<div class=\"wp-block-button aligncenter\"><a class=\"wp-block-button__link has-background\" href=\"https:\/\/www.tiktok.com\/@open.science.cambre\" style=\"background:linear-gradient(90deg,rgb(6,147,227) 19%,rgb(155,81,224) 100%)\" target=\"_blank\" rel=\"noreferrer noopener\">Tik Tok<\/a><\/div>\n\n\n\n<div class=\"wp-block-button aligncenter\"><a class=\"wp-block-button__link has-background\" href=\"https:\/\/m.facebook.com\/p\/Open-Science-Cambre-100081278438751\/\" style=\"background-color:#0063ff\" target=\"_blank\" rel=\"noreferrer noopener\">Facebook<\/a><\/div>\n\n\n\n<div class=\"wp-block-button aligncenter\"><a class=\"wp-block-button__link has-black-background-color has-background\" href=\"https:\/\/x.com\/openscience_\" target=\"_blank\" rel=\"noreferrer noopener\">X<\/a><\/div>\n\n\n\n<div class=\"wp-block-button aligncenter\"><a class=\"wp-block-button__link has-background\" href=\"https:\/\/www.twitch.tv\/opensciencecambre\" style=\"background-color:#8a2ee0\" target=\"_blank\" rel=\"noreferrer noopener\">Twitch<\/a><\/div>\n\n\n\n<div class=\"wp-block-button aligncenter\"><a class=\"wp-block-button__link has-background\" href=\"https:\/\/www.youtube.com\/@opensciencecambre6236\" style=\"background-color:#ff0000\" target=\"_blank\" rel=\"noreferrer noopener\">YouTube<\/a><\/div>\n<\/div>\n\n\n\n<p><\/p>","protected":false},"excerpt":{"rendered":"<p>Si quieres presentar tu proyecto en Open Science Xove 2025, cubre el siguiente formulario: Formulario en espa\u00f1ol Formulario en ingl\u00e9s (Form in english) S\u00edguenos en redes sociales para estar al d\u00eda de todo:<\/p>","protected":false},"author":1,"featured_media":0,"parent":0,"menu_order":0,"comment_status":"closed","ping_status":"closed","template":"","meta":[],"_links":{"self":[{"href":"http:\/\/www.citizenscienceclub.com\/en\/wp-json\/wp\/v2\/pages\/3948"}],"collection":[{"href":"http:\/\/www.citizenscienceclub.com\/en\/wp-json\/wp\/v2\/pages"}],"about":[{"href":"http:\/\/www.citizenscienceclub.com\/en\/wp-json\/wp\/v2\/types\/page"}],"author":[{"embeddable":true,"href":"http:\/\/www.citizenscienceclub.com\/en\/wp-json\/wp\/v2\/users\/1"}],"replies":[{"embeddable":true,"href":"http:\/\/www.citizenscienceclub.com\/en\/wp-json\/wp\/v2\/comments?post=3948"}],"version-history":[{"count":12,"href":"http:\/\/www.citizenscienceclub.com\/en\/wp-json\/wp\/v2\/pages\/3948\/revisions"}],"predecessor-version":[{"id":5295,"href":"http:\/\/www.citizenscienceclub.com\/en\/wp-json\/wp\/v2\/pages\/3948\/revisions\/5295"}],"wp:attachment":[{"href":"http:\/\/www.citizenscienceclub.com\/en\/wp-json\/wp\/v2\/media?parent=3948"}],"curies":[{"name":"wp","href":"https:\/\/api.w.org\/{rel}","templated":true}]}}