{"id":4137,"date":"2020-09-21T22:51:42","date_gmt":"2020-09-21T20:51:42","guid":{"rendered":"http:\/\/www.citizenscienceclub.com\/?page_id=4137"},"modified":"2025-03-05T14:14:15","modified_gmt":"2025-03-05T13:14:15","slug":"premios-osc2020","status":"publish","type":"page","link":"http:\/\/www.citizenscienceclub.com\/en\/premios-osc2020\/","title":{"rendered":"Premios #OSC2024"},"content":{"rendered":"<h2>Convenios con otras ferias<\/h2>\n\n\n\n<p>El grupo de alumnos y ex alumnos que dise\u00f1aron y pusieron en marcha la feria han participado en un buen n\u00famero de ferias nacionales e internacionales. Gracias a ello, tienen muy claro lo que un participante quiere de una feria.<\/p>\n\n\n\n<p>El \u00e9xito de Open Science Cambre entre los j\u00f3venes cient\u00edficos se debe a que es una feria dise\u00f1ada por gente que conoce de primera mano otras ferias y tiene gustos similares. De esta forma, al plantear el cap\u00edtulo de premios, los organizadores de la feria han propuesto que, antes que recibir un premio en met\u00e1lico, agradec\u00edan los premios en formato experiencia.<\/p>\n\n\n\n<div class=\"wp-container-1 wp-block-group\"><div class=\"wp-block-group__inner-container\">\n<p>En Open Science Cambre hemos decidido que los premios consistan en el acceso a otras ferias de \u00edndole<br>nacional o internacional, por eso la Asociaci\u00f3n juvenil XenTD100cia ha firmado convenios con las entidades responsables de otras ferias como: Diverciencia en Algeciras, Zientzia Azoka de Bilbao, Feria de Soutomaior, Vilaciencia en Vila-real, Semilleros de ciencia de Colombia y Solacyt de M\u00e9xico.<\/p>\n<\/div><\/div>\n\n\n\n<figure class=\"wp-block-gallery has-nested-images columns-default is-cropped\">\n<figure class=\"wp-block-image size-large is-style-default\"><img loading=\"lazy\" width=\"842\" height=\"603\" data-id=\"5083\"  src=\"http:\/\/www.citizenscienceclub.com\/wp-content\/uploads\/2024\/05\/Captura-de-pantalla-2024-05-18-085847.png\" alt=\"\" class=\"wp-image-5083\" srcset=\"http:\/\/www.citizenscienceclub.com\/wp-content\/uploads\/2024\/05\/Captura-de-pantalla-2024-05-18-085847.png 842w, http:\/\/www.citizenscienceclub.com\/wp-content\/uploads\/2024\/05\/Captura-de-pantalla-2024-05-18-085847-300x215.png 300w, http:\/\/www.citizenscienceclub.com\/wp-content\/uploads\/2024\/05\/Captura-de-pantalla-2024-05-18-085847-768x550.png 768w, http:\/\/www.citizenscienceclub.com\/wp-content\/uploads\/2024\/05\/Captura-de-pantalla-2024-05-18-085847-18x12.png 18w\" sizes=\"(max-width: 709px) 85vw, (max-width: 909px) 67vw, (max-width: 1362px) 62vw, 840px\" \/><figcaption>Vila-real, Valencia<\/figcaption><\/figure>\n\n\n\n<figure class=\"wp-block-image size-large\"><img loading=\"lazy\" width=\"410\" height=\"537\" data-id=\"5082\"  src=\"http:\/\/www.citizenscienceclub.com\/wp-content\/uploads\/2024\/05\/Captura-de-pantalla-2024-05-18-085704.png\" alt=\"\" class=\"wp-image-5082\" srcset=\"http:\/\/www.citizenscienceclub.com\/wp-content\/uploads\/2024\/05\/Captura-de-pantalla-2024-05-18-085704.png 410w, http:\/\/www.citizenscienceclub.com\/wp-content\/uploads\/2024\/05\/Captura-de-pantalla-2024-05-18-085704-229x300.png 229w, http:\/\/www.citizenscienceclub.com\/wp-content\/uploads\/2024\/05\/Captura-de-pantalla-2024-05-18-085704-9x12.png 9w\" sizes=\"(max-width: 410px) 85vw, 410px\" \/><figcaption>M\u00e9xico<\/figcaption><\/figure>\n\n\n\n<figure class=\"wp-block-image size-large\"><img loading=\"lazy\" width=\"456\" height=\"418\" data-id=\"5081\"  src=\"http:\/\/www.citizenscienceclub.com\/wp-content\/uploads\/2024\/05\/Captura-de-pantalla-2024-05-18-085605.png\" alt=\"\" class=\"wp-image-5081\" srcset=\"http:\/\/www.citizenscienceclub.com\/wp-content\/uploads\/2024\/05\/Captura-de-pantalla-2024-05-18-085605.png 456w, http:\/\/www.citizenscienceclub.com\/wp-content\/uploads\/2024\/05\/Captura-de-pantalla-2024-05-18-085605-300x275.png 300w, http:\/\/www.citizenscienceclub.com\/wp-content\/uploads\/2024\/05\/Captura-de-pantalla-2024-05-18-085605-13x12.png 13w\" sizes=\"(max-width: 456px) 85vw, 456px\" \/><figcaption>Colombia<\/figcaption><\/figure>\n\n\n\n<figure class=\"wp-block-image size-large\"><img loading=\"lazy\" width=\"540\" height=\"571\" data-id=\"5080\"  src=\"http:\/\/www.citizenscienceclub.com\/wp-content\/uploads\/2024\/05\/Captura-de-pantalla-2024-05-18-085554.png\" alt=\"\" class=\"wp-image-5080\" srcset=\"http:\/\/www.citizenscienceclub.com\/wp-content\/uploads\/2024\/05\/Captura-de-pantalla-2024-05-18-085554.png 540w, http:\/\/www.citizenscienceclub.com\/wp-content\/uploads\/2024\/05\/Captura-de-pantalla-2024-05-18-085554-284x300.png 284w, http:\/\/www.citizenscienceclub.com\/wp-content\/uploads\/2024\/05\/Captura-de-pantalla-2024-05-18-085554-11x12.png 11w\" sizes=\"(max-width: 540px) 85vw, 540px\" \/><figcaption>Algeciras, Andalucia<\/figcaption><\/figure>\n\n\n\n<figure class=\"wp-block-image size-large\"><img loading=\"lazy\" width=\"585\" height=\"539\" data-id=\"5079\"  src=\"http:\/\/www.citizenscienceclub.com\/wp-content\/uploads\/2024\/05\/Captura-de-pantalla-2024-05-18-085546.png\" alt=\"\" class=\"wp-image-5079\" srcset=\"http:\/\/www.citizenscienceclub.com\/wp-content\/uploads\/2024\/05\/Captura-de-pantalla-2024-05-18-085546.png 585w, http:\/\/www.citizenscienceclub.com\/wp-content\/uploads\/2024\/05\/Captura-de-pantalla-2024-05-18-085546-300x276.png 300w, http:\/\/www.citizenscienceclub.com\/wp-content\/uploads\/2024\/05\/Captura-de-pantalla-2024-05-18-085546-13x12.png 13w\" sizes=\"(max-width: 585px) 85vw, 585px\" \/><figcaption>Bilbao, Pa\u00eds Vasco<\/figcaption><\/figure>\n\n\n\n<figure class=\"wp-block-image size-large\"><img loading=\"lazy\" width=\"580\" height=\"555\" data-id=\"5078\"  src=\"http:\/\/www.citizenscienceclub.com\/wp-content\/uploads\/2024\/05\/Captura-de-pantalla-2024-05-18-085425.png\" alt=\"\" class=\"wp-image-5078\" srcset=\"http:\/\/www.citizenscienceclub.com\/wp-content\/uploads\/2024\/05\/Captura-de-pantalla-2024-05-18-085425.png 580w, http:\/\/www.citizenscienceclub.com\/wp-content\/uploads\/2024\/05\/Captura-de-pantalla-2024-05-18-085425-300x287.png 300w, http:\/\/www.citizenscienceclub.com\/wp-content\/uploads\/2024\/05\/Captura-de-pantalla-2024-05-18-085425-13x12.png 13w\" sizes=\"(max-width: 580px) 85vw, 580px\" \/><figcaption>Soutomaior, Galicia<\/figcaption><\/figure>\n<\/figure>\n\n\n\n<h2>Open Science Xove Awards according to categories:<\/h2>\n\n\n\n<p>En Open Science Cambre consideramos que la mejor forma de aprender ciencia es hacer ciencia y la mejor forma de entender ciencia es explicar ciencia. Por ello hemos creado Open Science Xove #OSXove, j\u00f3venes investigadores no s\u00f3lo haciendo ciencia, sino divulgando ciencia, mostrando a todo tipo de p\u00fablico, mayores y peque\u00f1os, lo m\u00e1s interesante de sus proyectos. Hemos creado una competici\u00f3n cient\u00edfica donde participan 70 proyectos de j\u00f3venes de entre 6 y 18 a\u00f1os de toda Espa\u00f1a y diferentes pa\u00edses. La competici\u00f3n premiar\u00e1 a los ganadores con la asistencia a otras ferias de ciencia internacionales que se desarrollan en Espa\u00f1a.&nbsp;La competici\u00f3n Open Science Xove, al estar incluida dentro de una feria Open Science, contiene proyectos cient\u00edficos que pueden ser utilizados como recursos educativos libres #OER. Un lugar ideal para inspirarse, preguntar, aprender y porque no copiar. Recuerda, en nuestra feria est\u00e1 &#8220;Prohibido No tocar&#8221; y &#8220;Prohibido No copiar&#8221;<\/p>\n\n\n\n<h4>Premio Categor\u00eda A: Educaci\u00f3n Primaria<\/h4>\n\n\n\n<ul><li><strong>1\u00ba premio:<\/strong> La ciencia de los cuentos infantiles. Willy Wonka y las chuches sostenibles: Espiciencia, Espinosa de los Monteros (Burgos).<\/li><li><strong>2\u00ba premio:<\/strong> Life on Land: Istanbul Ticaret odasi Bilim ve Sanat Merkezi, Estambul (Turqu\u00eda).<\/li><li><strong>3\u00ba premio:<\/strong> Plantas el\u00e9ctricas: CPR Santiago Ap\u00f3stol, Soutomaior (Pontevedra).<\/li><\/ul>\n\n\n\n<h4>Premio Categor\u00eda B: Educaci\u00f3n Secundaria<\/h4>\n\n\n\n<ul><li><strong>1\u00ba premio:<\/strong> Del mar al monte: CPR Pluriling\u00fce Alborada, Vigo (Pontevedra).<\/li><li><strong>2\u00ba premio:<\/strong> Flysheando por Algeciras: IES Kursaal, Algeciras (C\u00e1diz).<\/li><li><strong>3\u00ba premio:<\/strong> Ecobioplastics: IES Illa de San Sim\u00f3n, Redondela (Pontevedra).<\/li><\/ul>\n\n\n\n<h4>Premio Categor\u00eda C: Bachillerato<\/h4>\n\n\n\n<ul><li><strong>1\u00ba premio:<\/strong> Cold vibes: Aulas Tecn\u00f3pole, San Cibrao das Vi\u00f1as (Ourense).<\/li><li><strong>2\u00ba premio:<\/strong> Demetra: Piaget de los Mochis, Sinaloa (M\u00e9xico).<\/li><li><strong>3\u00ba premio:<\/strong> Patapam: descubriendo la ansiedad: Aulas Tecn\u00f3pole, San Cibrao das Vi\u00f1as (Ourense).<\/li><\/ul>\n\n\n\n<h2>Premios Open Science Xove seg\u00fan Objetivos de Desarollo Sostenible:<\/h2>\n\n\n\n<h4>1. Fin de la pobreza<\/h4>\n\n\n\n<p>POPOCORN, no s\u00f3lo es &#8220;pop&#8221; es ciencia: Colegio La Inmaculada, Algeciras (C\u00e1diz). <\/p>\n\n\n\n<h4>2. Hambre cero<\/h4>\n\n\n\n<p>Food, cooking and stem: Colegio La Inmaculada, Algeciras (C\u00e1diz).<\/p>\n\n\n\n<h4>3. Salud y bienestar<\/h4>\n\n\n\n<p>Light of Life: Istanbul Ticaret odasi Bilim ve Sanat Merkezi, Estambul (Turqu\u00eda).<\/p>\n\n\n\n<h4>4. Educaci\u00f3n de calidad<\/h4>\n\n\n\n<p>AELEB: CETis 25, Tijuana (M\u00e9xico).<\/p>\n\n\n\n<h4>5. Igualdad de g\u00e9nero<\/h4>\n\n\n\n<p>F\u00edsica en Femenino: Colegio La Inmaculada, Algeciras (C\u00e1diz).<\/p>\n\n\n\n<h4>6. Agua limpia y saneamiento<\/h4>\n\n\n\n<p>Museos virtuales con IA: Institut Premi\u00e1 de Mar, Premi\u00e1 del Mar (Barcelona).<\/p>\n\n\n\n<h4>7. Energ\u00eda asequible y no contaminante<\/h4>\n\n\n\n<p>Plantas el\u00e9ctricas: CPR Santiago Ap\u00f3stol, Soutomaior (Pontevedra).<\/p>\n\n\n\n<h4>8. Trabajo decente y crecimiento econ\u00f3mico<\/h4>\n\n\n\n<p>Tecnolog\u00eda ao servizo da agricultura: Escola B\u00e1scia Terras do Ave, Vila Nova de Famalic\u00e3o (Braga).<\/p>\n\n\n\n<h4>9. Industria, innovaci\u00f3n e infraestructura<\/h4>\n\n\n\n<p>Estudio sobre el comportamiento de distintos tipos de madera: CPR Pluriling\u00fce Alborada, Vigo (Pontevedra).<\/p>\n\n\n\n<h4>10. Reducci\u00f3n de las desigualdades<\/h4>\n\n\n\n<p>Ciencia sin edad: Espiciencia, Espinosa de los Monteros (Burgos).<\/p>\n\n\n\n<h4>11. Ciudades y comunidades sostenibles<\/h4>\n\n\n\n<p>Aprovechamiento de las aguas de la lluvia: CPR Pluriling\u00fce Alborada, VIgo (Pontevedra).<\/p>\n\n\n\n<h4>12. Producci\u00f3n y consumo responsables<\/h4>\n\n\n\n<p>Creaci\u00f3n de pol\u00edmeros biodegradables: Aulas Tecn\u00f3pole, San Cibrao das Vi\u00f1as (Ourense).<\/p>\n\n\n\n<h4>13. Acci\u00f3n por el clima<\/h4>\n\n\n\n<p>Organic Gydropot: Col\u2022legi Santa Mar\u00eda Vila-real, Vila-real (Castell\u00f3n).<\/p>\n\n\n\n<h4>14. Vida submarina<\/h4>\n\n\n\n<p>Estudio del yacimiento de <em>Stamonita<\/em>: CPR Pluriling\u00fce Alborada, Vigo (Pontevedra). <\/p>\n\n\n\n<h4>15. Vida de ecosistemas terrestres<\/h4>\n\n\n\n<p>Estudo comparativo de la evapotranspiraci\u00f3n en distintas especies de plantas: CPR Pluriling\u00fce Alborada, Vigo (Pontevedra).<\/p>\n\n\n\n<h4>16. Paz, justicia e instituciones s\u00f3lidas<\/h4>\n\n\n\n<p>La lucha por una escuela catalana: Institut Vilanova del Vall\u00e9s, Vilanova del Vall\u00e9s (Barcelona).<\/p>\n\n\n\n<h4>17. Alianzas para lograr los objetivos<\/h4>\n\n\n\n<p>Proyecto Icarus: Club M\u00e1giz Extremadura, Badajoz (Extremadura).<\/p>\n\n\n\n<h2>Premio Open Science Xove al proyecto m\u00e1s votado:<\/h2>\n\n\n\n<p>Strait Sentinel: Los IA-vigilantes del estrecho: IES El Getares, Algeciras (C\u00e1diz).<\/p>\n\n\n\n<p> <\/p>\n\n\n\n<p>S\u00edguenos en redes sociales para estar al d\u00eda de todo:<\/p>\n\n\n\n<div class=\"wp-container-2 wp-block-buttons\">\n<div class=\"wp-block-button aligncenter\"><a class=\"wp-block-button__link has-cool-to-warm-spectrum-gradient-background has-background\" href=\"https:\/\/www.instagram.com\/opensciencecambre\/\" style=\"border-radius:100px\" target=\"_blank\" rel=\"noreferrer noopener\">Intagram<\/a><\/div>\n\n\n\n<div class=\"wp-block-button aligncenter\"><a class=\"wp-block-button__link has-background\" href=\"https:\/\/www.tiktok.com\/@open.science.cambre\" style=\"background:linear-gradient(90deg,rgb(6,147,227) 19%,rgb(155,81,224) 100%)\" target=\"_blank\" rel=\"noreferrer noopener\">Tik Tok<\/a><\/div>\n\n\n\n<div class=\"wp-block-button aligncenter\"><a class=\"wp-block-button__link has-background\" href=\"https:\/\/m.facebook.com\/p\/Open-Science-Cambre-100081278438751\/\" style=\"background-color:#0063ff\" target=\"_blank\" rel=\"noreferrer noopener\">Facebook<\/a><\/div>\n\n\n\n<div class=\"wp-block-button aligncenter\"><a class=\"wp-block-button__link has-black-background-color has-background\" href=\"https:\/\/x.com\/openscience_\" target=\"_blank\" rel=\"noreferrer noopener\">X<\/a><\/div>\n\n\n\n<div class=\"wp-block-button aligncenter\"><a class=\"wp-block-button__link has-background\" href=\"https:\/\/www.twitch.tv\/opensciencecambre\" style=\"background-color:#8a2ee0\" target=\"_blank\" rel=\"noreferrer noopener\">Twitch<\/a><\/div>\n\n\n\n<div class=\"wp-block-button aligncenter\"><a class=\"wp-block-button__link has-background\" href=\"https:\/\/www.youtube.com\/@opensciencecambre6236\" style=\"background-color:#ff0000\" target=\"_blank\" rel=\"noreferrer noopener\">YouTube<\/a><\/div>\n<\/div>","protected":false},"excerpt":{"rendered":"<p>Convenios con otras ferias El grupo de alumnos y ex alumnos que dise\u00f1aron y pusieron en marcha la feria han participado en un buen n\u00famero de ferias nacionales e internacionales. Gracias a ello, tienen muy claro lo que un participante quiere de una feria. El \u00e9xito de Open Science Cambre entre los j\u00f3venes cient\u00edficos se &hellip; <a href=\"http:\/\/www.citizenscienceclub.com\/en\/premios-osc2020\/\" class=\"more-link\">Continue reading<span class=\"screen-reader-text\"> &#8220;Premios #OSC2024&#8221;<\/span><\/a><\/p>","protected":false},"author":1,"featured_media":0,"parent":0,"menu_order":0,"comment_status":"closed","ping_status":"closed","template":"","meta":[],"_links":{"self":[{"href":"http:\/\/www.citizenscienceclub.com\/en\/wp-json\/wp\/v2\/pages\/4137"}],"collection":[{"href":"http:\/\/www.citizenscienceclub.com\/en\/wp-json\/wp\/v2\/pages"}],"about":[{"href":"http:\/\/www.citizenscienceclub.com\/en\/wp-json\/wp\/v2\/types\/page"}],"author":[{"embeddable":true,"href":"http:\/\/www.citizenscienceclub.com\/en\/wp-json\/wp\/v2\/users\/1"}],"replies":[{"embeddable":true,"href":"http:\/\/www.citizenscienceclub.com\/en\/wp-json\/wp\/v2\/comments?post=4137"}],"version-history":[{"count":13,"href":"http:\/\/www.citizenscienceclub.com\/en\/wp-json\/wp\/v2\/pages\/4137\/revisions"}],"predecessor-version":[{"id":5263,"href":"http:\/\/www.citizenscienceclub.com\/en\/wp-json\/wp\/v2\/pages\/4137\/revisions\/5263"}],"wp:attachment":[{"href":"http:\/\/www.citizenscienceclub.com\/en\/wp-json\/wp\/v2\/media?parent=4137"}],"curies":[{"name":"wp","href":"https:\/\/api.w.org\/{rel}","templated":true}]}}