{"id":4192,"date":"2020-12-14T09:33:46","date_gmt":"2020-12-14T08:33:46","guid":{"rendered":"http:\/\/www.citizenscienceclub.com\/?page_id=4192"},"modified":"2021-04-12T18:13:49","modified_gmt":"2021-04-12T16:13:49","slug":"microplasticos","status":"publish","type":"page","link":"http:\/\/www.citizenscienceclub.com\/en\/proyectos-de-ciencia-ciudadana-2\/microplasticos\/","title":{"rendered":"Micropl\u00e1sticos"},"content":{"rendered":"<h1>Micropl\u00e1sticos<\/h1>\n<p>El problema medioambiental del pl\u00e1stico est\u00e1 muy presente en el mundo actual tal y como lo conocemos. \u00bfPero qu\u00e9 pensar\u00edas si te dijesen que hay peque\u00f1as partes de estos, que conforman el 95% del pl\u00e1stico de los oc\u00e9anos, y que su tama\u00f1o es menor a 5mm? Estos son los micropl\u00e1sticos, y nuestros integrantes de <em>XenTd100cia,\u00a0<\/em>el club de ciencia del IES David Buj\u00e1n, llevaron a cabo un estudio cooperativo con el CPR Pluriling\u00fce Alborada de Vigo y el colegio La Inmaculada de Algeciras.<\/p>\n<h2>Descripci\u00f3n del proyecto<\/h2>\n<p><span style=\"font-weight: 400;\">Micropl\u00e1sticos en la arena es un proyecto de ciencia ciudadana colaborativo que surgi\u00f3 del trabajo conjunto de tres escuelas espa\u00f1olas:\u00a0 Colegio Pluriling\u00fce Alborada de Vigo, el IES David Buj\u00e1n de Cambre y el Colegio La Inmaculada de Algeciras. Nuestro objetivo principal es conocer la cantidad de micropl\u00e1sticos presente en nuestras playas y comparar nuestros resultados con los de otras escuelas o asociaciones que quieran adherirse al proyecto. Imaginaos que el trabajo de las escuelas y asociaciones permitieran hacer un mapa con las concentraciones y tipos de micropl\u00e1sticos de la costa espa\u00f1ola, de la pen\u00ednsula Ib\u00e9rica o incluso de Europa. Se trata de un proyecto ambicioso que, ahora mismo es un sue\u00f1o, pero ser\u00e1 una realidad en la medida que los formadores muestren a la siguiente generaci\u00f3n las bondades del trabajo colaborativo en ciencia, de la ciencia voluntaria o lo que es conocido la ciencia ciudadana. El objetivo no es s\u00f3lo medir la contaminaci\u00f3n por micropl\u00e1sticos hoy, es concienciar del estado de nuestro planeta a las siguientes generaciones.<\/span><\/p>\n<h3><img loading=\"lazy\" class=\"alignnone size-medium wp-image-4211\" src=\"http:\/\/www.citizenscienceclub.com\/wp-content\/uploads\/2020\/12\/california-1751455_640-300x199.jpg\" alt=\"\" width=\"300\" height=\"199\" srcset=\"http:\/\/www.citizenscienceclub.com\/wp-content\/uploads\/2020\/12\/california-1751455_640-300x199.jpg 300w, http:\/\/www.citizenscienceclub.com\/wp-content\/uploads\/2020\/12\/california-1751455_640-600x400.jpg 600w, http:\/\/www.citizenscienceclub.com\/wp-content\/uploads\/2020\/12\/california-1751455_640.jpg 640w\" sizes=\"(max-width: 300px) 85vw, 300px\" \/><\/h3>\n<h3>\u00bfA qui\u00e9n va dirigido el proyecto?<\/h3>\n<p><span style=\"font-weight: 400;\">Las habilidades y conocimientos necesarios para realizar este proyecto pueden ser abordadas con alumnado de entre 10 y 18 a\u00f1os.<\/span><\/p>\n<p><span style=\"font-weight: 400;\">El entorno en el que se puede tener lugar, puede variar, desde ense\u00f1anza formal hasta ense\u00f1anza no formal. Es decir, el formato en el que se presenta se puede utilizar en clase, atendiendo a est\u00e1ndares y competencias reconocidas en la normativa educativa y en actividades extraescolares como clubes de ciencia o asociaciones de voluntariado.<\/span><\/p>\n<h4>\u00bfC\u00f3mo participar?<\/h4>\n<p>La experiencia de realizar un estudio cient\u00edfico como este y el aporte de conocimiento que creas tanto para ti, como para el resto del mundo que llega a leer e interpretar tus conclusiones, genera un sentimiento de satisfacci\u00f3n y autorrealizaci\u00f3n may\u00fasculo. Por esto, te invitamos a participar con nosotros y embarcarte en una experiencia cient\u00edfica extraordinaria. <strong>\u00a1Contacta con nosotros aqu\u00ed!:<\/strong> labbio@iesdavidbujan.gal<\/p>\n\n\n<h2>Puntos de muestreo del proyecto<\/h2>\n\n\n\n<iframe loading=\"lazy\" src=\"https:\/\/www.google.com\/maps\/d\/u\/0\/embed?mid=16f9mtoaEHBw7C_kpzK75yr4BhGjOVrWK\" width=\"640\" height=\"480\"><\/iframe>","protected":false},"excerpt":{"rendered":"<p>Micropl\u00e1sticos El problema medioambiental del pl\u00e1stico est\u00e1 muy presente en el mundo actual tal y como lo conocemos. \u00bfPero qu\u00e9 pensar\u00edas si te dijesen que hay peque\u00f1as partes de estos, que conforman el 95% del pl\u00e1stico de los oc\u00e9anos, y que su tama\u00f1o es menor a 5mm? Estos son los micropl\u00e1sticos, y nuestros integrantes de &hellip; <a href=\"http:\/\/www.citizenscienceclub.com\/en\/proyectos-de-ciencia-ciudadana-2\/microplasticos\/\" class=\"more-link\">Continue reading<span class=\"screen-reader-text\"> &#8220;Micropl\u00e1sticos&#8221;<\/span><\/a><\/p>","protected":false},"author":1,"featured_media":4211,"parent":3045,"menu_order":0,"comment_status":"closed","ping_status":"closed","template":"","meta":[],"_links":{"self":[{"href":"http:\/\/www.citizenscienceclub.com\/en\/wp-json\/wp\/v2\/pages\/4192"}],"collection":[{"href":"http:\/\/www.citizenscienceclub.com\/en\/wp-json\/wp\/v2\/pages"}],"about":[{"href":"http:\/\/www.citizenscienceclub.com\/en\/wp-json\/wp\/v2\/types\/page"}],"author":[{"embeddable":true,"href":"http:\/\/www.citizenscienceclub.com\/en\/wp-json\/wp\/v2\/users\/1"}],"replies":[{"embeddable":true,"href":"http:\/\/www.citizenscienceclub.com\/en\/wp-json\/wp\/v2\/comments?post=4192"}],"version-history":[{"count":12,"href":"http:\/\/www.citizenscienceclub.com\/en\/wp-json\/wp\/v2\/pages\/4192\/revisions"}],"predecessor-version":[{"id":4458,"href":"http:\/\/www.citizenscienceclub.com\/en\/wp-json\/wp\/v2\/pages\/4192\/revisions\/4458"}],"up":[{"embeddable":true,"href":"http:\/\/www.citizenscienceclub.com\/en\/wp-json\/wp\/v2\/pages\/3045"}],"wp:featuredmedia":[{"embeddable":true,"href":"http:\/\/www.citizenscienceclub.com\/en\/wp-json\/wp\/v2\/media\/4211"}],"wp:attachment":[{"href":"http:\/\/www.citizenscienceclub.com\/en\/wp-json\/wp\/v2\/media?parent=4192"}],"curies":[{"name":"wp","href":"https:\/\/api.w.org\/{rel}","templated":true}]}}