{"id":4291,"date":"2021-04-24T10:10:52","date_gmt":"2021-04-24T08:10:52","guid":{"rendered":"http:\/\/www.citizenscienceclub.com\/?page_id=4291"},"modified":"2025-03-22T22:11:43","modified_gmt":"2025-03-22T21:11:43","slug":"lemas-de-open-science-cambre","status":"publish","type":"page","link":"http:\/\/www.citizenscienceclub.com\/en\/lemas-de-open-science-cambre\/","title":{"rendered":"Mottos of Open Science Cambre"},"content":{"rendered":"<p>Like all fairs, Open Science Cambre has a series of slogans that are its hallmark and show, in a few words, the intention of its organizers.<\/p>\n\n\n\n<h2><em>Forbidden DON\u00b4T touch<\/em><\/h2>\n\n\n\n<p class=\" translation-block\">The philosophy of the fairs in rural areas is similar to any science fair. The Cambre Open Science will follow the same model, but to make it more visible, the science fair will take place at the same time as the Cambre fair. Both have a common denominator: the public can \"try\" the merchandise before deciding to take it away. Visitors, parents, teachers or students will be able to observe and experience first-hand the experiences of young and adult researchers. In our fair it is forbidden NOT to touch.<\/p>\n\n\n\n<h2><em>Forbidden DON\u00b4T copy<\/em><\/h2>\n\n\n\n<p>Una feria de ciencia abierta se basa en la capacidad que tenemos para compartir nuestras experiencias, ofrecerlas a los dem\u00e1s y conseguir que sean replicables en otros centros u otros entornos. Los educadores, padres, maestros, monitores, debemos dejar de tener verg\u00fcenza de copiar. Todos tendremos que adaptarlo a nuestro entorno y combinarlo con nuevas ideas. Desde Open Science Cambre s\u00f3lo pedimos que se haga referencia al trabajo original y su creador, de esa forma podemos decir que en nuestra feria est\u00e1 <strong><em>Forbidden DON\u00b4T copy<\/em><\/strong>.<\/p>\n\n\n\n<figure class=\"wp-block-image size-full\"><img loading=\"lazy\" width=\"891\" height=\"500\" src=\"http:\/\/www.citizenscienceclub.com\/wp-content\/uploads\/2024\/05\/imagen-1.jpg\" alt=\"\" class=\"wp-image-5045\" srcset=\"http:\/\/www.citizenscienceclub.com\/wp-content\/uploads\/2024\/05\/imagen-1.jpg 891w, http:\/\/www.citizenscienceclub.com\/wp-content\/uploads\/2024\/05\/imagen-1-300x168.jpg 300w, http:\/\/www.citizenscienceclub.com\/wp-content\/uploads\/2024\/05\/imagen-1-768x431.jpg 768w, http:\/\/www.citizenscienceclub.com\/wp-content\/uploads\/2024\/05\/imagen-1-18x10.jpg 18w\" sizes=\"(max-width: 709px) 85vw, (max-width: 909px) 67vw, (max-width: 1362px) 62vw, 840px\" \/><\/figure>\n\n\n\n<h2><em>Fair organized by and for young people<\/em><\/h2>\n\n\n\n<p><\/p>\n\n\n\n<p class=\" translation-block\">The fairs are a meeting place between young people from different places who show their projects to the visiting public. The protagonists, the young people, improve their communication and interactivity skills in different languages, their social and entrepreneurial skills and, of course, their scientific and technological skills. The Cambre Open Science is a fair organized by and for young people.<\/p>\n\n\n\n<figure class=\"wp-block-image size-full\"><img loading=\"lazy\" width=\"561\" height=\"1000\" src=\"http:\/\/www.citizenscienceclub.com\/wp-content\/uploads\/2024\/05\/IMG_2.jpg\" alt=\"\" class=\"wp-image-5046\" srcset=\"http:\/\/www.citizenscienceclub.com\/wp-content\/uploads\/2024\/05\/IMG_2.jpg 561w, http:\/\/www.citizenscienceclub.com\/wp-content\/uploads\/2024\/05\/IMG_2-168x300.jpg 168w, http:\/\/www.citizenscienceclub.com\/wp-content\/uploads\/2024\/05\/IMG_2-7x12.jpg 7w\" sizes=\"(max-width: 561px) 85vw, 561px\" \/><\/figure>\n\n\n\n<h2><em>The families are welcoming<\/em><\/h2>\n\n\n\n<p class=\" translation-block\">Visiting other cities is often a unique experience for students working on their science projects throughout the year. The Open Science of Cambre has shown the customs and way of life of our environment, for this reason, we have created a group of welcoming families to receive in their homes students who come from nearby places such as Vigo, Ourense or Santiago, distant places such as Andalusia, Catalonia, Madrid or the Basque Country or places much further away such as Lithuania, Holland, the Czech Republic or Italy.<\/p>\n\n\n\n<h2><em>We care about the references<\/em><\/h2>\n\n\n\n<p>One of the premises of an open science fair is to normalize the presence of all kinds of disadvantaged groups. We offer references, people who improve their social role through science and technology.<\/p>\n\n\n\n<figure class=\"wp-block-image size-large is-resized\"><img loading=\"lazy\" src=\"http:\/\/www.citizenscienceclub.com\/wp-content\/uploads\/2022\/11\/DSC0809-1024x575.jpg\" alt=\"\" class=\"wp-image-4853\" width=\"794\" height=\"445\" srcset=\"http:\/\/www.citizenscienceclub.com\/wp-content\/uploads\/2022\/11\/DSC0809-1024x575.jpg 1024w, http:\/\/www.citizenscienceclub.com\/wp-content\/uploads\/2022\/11\/DSC0809-300x168.jpg 300w, http:\/\/www.citizenscienceclub.com\/wp-content\/uploads\/2022\/11\/DSC0809-768x431.jpg 768w, http:\/\/www.citizenscienceclub.com\/wp-content\/uploads\/2022\/11\/DSC0809-1536x863.jpg 1536w, http:\/\/www.citizenscienceclub.com\/wp-content\/uploads\/2022\/11\/DSC0809-2048x1150.jpg 2048w, http:\/\/www.citizenscienceclub.com\/wp-content\/uploads\/2022\/11\/DSC0809-18x10.jpg 18w, http:\/\/www.citizenscienceclub.com\/wp-content\/uploads\/2022\/11\/DSC0809-1200x674.jpg 1200w\" sizes=\"(max-width: 794px) 85vw, 794px\" \/><\/figure>\n\n\n\n<h2><em>Science is fun<\/em><\/h2>\n\n\n\n<p>Science fairs allow an improvement in the relationship between teachers and students, generating a change in methodology that is much more effective in the long term. Students do not forget what they learn, because they are not telling it, they are living it. Yes, this experience is also fun and surprising, because we are in the Open Science of Cambre: shows, contests, scientific cafes, Escape Room. A whole set of activities to show that science is fun.<\/p>\n\n\n\n<p><\/p>\n\n\n\n<p>S\u00edguenos en redes sociales para estar al d\u00eda de todo:<\/p>\n\n\n\n<div class=\"wp-container-1 wp-block-buttons\">\n<div class=\"wp-block-button aligncenter\"><a class=\"wp-block-button__link has-cool-to-warm-spectrum-gradient-background has-background\" href=\"https:\/\/www.instagram.com\/opensciencecambre\/\" style=\"border-radius:100px\" target=\"_blank\" rel=\"noreferrer noopener\">Intagram<\/a><\/div>\n\n\n\n<div class=\"wp-block-button aligncenter\"><a class=\"wp-block-button__link has-background\" href=\"https:\/\/www.tiktok.com\/@open.science.cambre\" style=\"background:linear-gradient(90deg,rgb(6,147,227) 19%,rgb(155,81,224) 100%)\" target=\"_blank\" rel=\"noreferrer noopener\">Tik Tok<\/a><\/div>\n\n\n\n<div class=\"wp-block-button aligncenter\"><a class=\"wp-block-button__link has-background\" href=\"https:\/\/m.facebook.com\/p\/Open-Science-Cambre-100081278438751\/\" style=\"background-color:#0063ff\" target=\"_blank\" rel=\"noreferrer noopener\">Facebook<\/a><\/div>\n\n\n\n<div class=\"wp-block-button aligncenter\"><a class=\"wp-block-button__link has-black-background-color has-background\" href=\"https:\/\/x.com\/openscience_\" target=\"_blank\" rel=\"noreferrer noopener\">X<\/a><\/div>\n\n\n\n<div class=\"wp-block-button aligncenter\"><a class=\"wp-block-button__link has-background\" href=\"https:\/\/www.twitch.tv\/opensciencecambre\" style=\"background-color:#8a2ee0\" target=\"_blank\" rel=\"noreferrer noopener\">Twitch<\/a><\/div>\n\n\n\n<div class=\"wp-block-button aligncenter\"><a class=\"wp-block-button__link has-background\" href=\"https:\/\/www.youtube.com\/@opensciencecambre6236\" style=\"background-color:#ff0000\" target=\"_blank\" rel=\"noreferrer noopener\">YouTube<\/a><\/div>\n<\/div>\n\n\n\n<div class=\"wp-container-3 wp-block-group\"><div class=\"wp-block-group__inner-container\">\n<div class=\"wp-container-2 wp-block-group\"><div class=\"wp-block-group__inner-container\">\n<div class=\"wp-block-columns\"><\/div>\n<\/div><\/div>\n<\/div><\/div>\n\n\n\n<figure class=\"wp-block-gallery has-nested-images columns-default is-cropped\"><\/figure>","protected":false},"excerpt":{"rendered":"<p>Como todas las ferias, Open Science Cambre, tiene una serie de lemas que son su se\u00f1a de identidad y muestran, en pocas palabras, la intenci\u00f3n de sus organizadores. Prohibido NO tocar La filosof\u00eda de las ferias de n\u00facleos rurales es similar a cualquier feria de ciencia. La Open Science de Cambre seguir\u00e1 el mismo modelo, &hellip; <a href=\"http:\/\/www.citizenscienceclub.com\/en\/lemas-de-open-science-cambre\/\" class=\"more-link\">Continue reading<span class=\"screen-reader-text\"> &#8220;Lemas de Open Science Cambre&#8221;<\/span><\/a><\/p>","protected":false},"author":1,"featured_media":4300,"parent":0,"menu_order":0,"comment_status":"closed","ping_status":"closed","template":"","meta":[],"_links":{"self":[{"href":"http:\/\/www.citizenscienceclub.com\/en\/wp-json\/wp\/v2\/pages\/4291"}],"collection":[{"href":"http:\/\/www.citizenscienceclub.com\/en\/wp-json\/wp\/v2\/pages"}],"about":[{"href":"http:\/\/www.citizenscienceclub.com\/en\/wp-json\/wp\/v2\/types\/page"}],"author":[{"embeddable":true,"href":"http:\/\/www.citizenscienceclub.com\/en\/wp-json\/wp\/v2\/users\/1"}],"replies":[{"embeddable":true,"href":"http:\/\/www.citizenscienceclub.com\/en\/wp-json\/wp\/v2\/comments?post=4291"}],"version-history":[{"count":9,"href":"http:\/\/www.citizenscienceclub.com\/en\/wp-json\/wp\/v2\/pages\/4291\/revisions"}],"predecessor-version":[{"id":5299,"href":"http:\/\/www.citizenscienceclub.com\/en\/wp-json\/wp\/v2\/pages\/4291\/revisions\/5299"}],"wp:featuredmedia":[{"embeddable":true,"href":"http:\/\/www.citizenscienceclub.com\/en\/wp-json\/wp\/v2\/media\/4300"}],"wp:attachment":[{"href":"http:\/\/www.citizenscienceclub.com\/en\/wp-json\/wp\/v2\/media?parent=4291"}],"curies":[{"name":"wp","href":"https:\/\/api.w.org\/{rel}","templated":true}]}}