{"id":4541,"date":"2021-07-13T16:32:24","date_gmt":"2021-07-13T14:32:24","guid":{"rendered":"http:\/\/www.citizenscienceclub.com\/?page_id=4541"},"modified":"2025-07-01T22:34:25","modified_gmt":"2025-07-01T20:34:25","slug":"open-science-divulga","status":"publish","type":"page","link":"http:\/\/www.citizenscienceclub.com\/en\/open-science-divulga\/","title":{"rendered":"Open Science Discloses"},"content":{"rendered":"<p><span style=\"font-weight: 400;\">Los investigadores senior de universidades, centros de investigaci\u00f3n, organizaciones voluntarias, museos o polic\u00eda cient\u00edfica estar\u00e1n con nosotros los d\u00edas 20 y 21 de septiembre de 2025. A ellos les encanta mostrar su trabajo, sus investigaciones. Nos sorprender\u00e1n con sus avances y nos asombrar\u00e1 toda la ciencia que se hace a s\u00f3lo unos kil\u00f3metros de nuestra casa.<\/span><\/p>\n<p>One more year, we will discover the importance of science in our lives. Knowing the science that is done in our environment will allow the little ones to approach novel aspects of science and technology in a different way that they will not find at school or at home. Combining stands of science people with junior researchers allows us to get to know up close how they work and enjoy themselves.<\/p>\n<p><\/p>\n\n\n<figure class=\"wp-block-gallery has-nested-images columns-default is-cropped\">\n<figure class=\"wp-block-image size-large\"><img loading=\"lazy\" width=\"2560\" height=\"1707\" data-id=\"4550\"  src=\"http:\/\/www.citizenscienceclub.com\/wp-content\/uploads\/2021\/07\/DSC_8357-scaled.jpg\" alt=\"\" class=\"wp-image-4550\" srcset=\"http:\/\/www.citizenscienceclub.com\/wp-content\/uploads\/2021\/07\/DSC_8357-scaled.jpg 2560w, http:\/\/www.citizenscienceclub.com\/wp-content\/uploads\/2021\/07\/DSC_8357-300x200.jpg 300w\" sizes=\"(max-width: 709px) 85vw, (max-width: 909px) 67vw, (max-width: 1362px) 62vw, 840px\" \/><\/figure>\n\n\n\n<figure class=\"wp-block-image size-large\"><img loading=\"lazy\" width=\"2560\" height=\"1707\" data-id=\"4549\"  src=\"http:\/\/www.citizenscienceclub.com\/wp-content\/uploads\/2021\/07\/DSC_8366-1-scaled.jpg\" alt=\"\" class=\"wp-image-4549\" srcset=\"http:\/\/www.citizenscienceclub.com\/wp-content\/uploads\/2021\/07\/DSC_8366-1-scaled.jpg 2560w, http:\/\/www.citizenscienceclub.com\/wp-content\/uploads\/2021\/07\/DSC_8366-1-300x200.jpg 300w\" sizes=\"(max-width: 709px) 85vw, (max-width: 909px) 67vw, (max-width: 1362px) 62vw, 840px\" \/><\/figure>\n\n\n\n<figure class=\"wp-block-image size-large\"><img loading=\"lazy\" width=\"575\" height=\"1024\" data-id=\"4547\"  src=\"http:\/\/www.citizenscienceclub.com\/wp-content\/uploads\/2021\/07\/OS131-575x1024.jpg\" alt=\"\" class=\"wp-image-4547\" srcset=\"http:\/\/www.citizenscienceclub.com\/wp-content\/uploads\/2021\/07\/OS131-575x1024.jpg 575w, http:\/\/www.citizenscienceclub.com\/wp-content\/uploads\/2021\/07\/OS131-168x300.jpg 168w, http:\/\/www.citizenscienceclub.com\/wp-content\/uploads\/2021\/07\/OS131-768x1368.jpg 768w, http:\/\/www.citizenscienceclub.com\/wp-content\/uploads\/2021\/07\/OS131-862x1536.jpg 862w, http:\/\/www.citizenscienceclub.com\/wp-content\/uploads\/2021\/07\/OS131-1150x2048.jpg 1150w, http:\/\/www.citizenscienceclub.com\/wp-content\/uploads\/2021\/07\/OS131-1200x2138.jpg 1200w, http:\/\/www.citizenscienceclub.com\/wp-content\/uploads\/2021\/07\/OS131-scaled.jpg 1437w\" sizes=\"(max-width: 575px) 85vw, 575px\" \/><\/figure>\n\n\n\n<figure class=\"wp-block-image size-full\"><img loading=\"lazy\" width=\"1000\" height=\"667\" data-id=\"5061\"  src=\"http:\/\/www.citizenscienceclub.com\/wp-content\/uploads\/2024\/05\/Nueva.jpg\" alt=\"\" class=\"wp-image-5061\" srcset=\"http:\/\/www.citizenscienceclub.com\/wp-content\/uploads\/2024\/05\/Nueva.jpg 1000w, http:\/\/www.citizenscienceclub.com\/wp-content\/uploads\/2024\/05\/Nueva-300x200.jpg 300w, http:\/\/www.citizenscienceclub.com\/wp-content\/uploads\/2024\/05\/Nueva-768x512.jpg 768w, http:\/\/www.citizenscienceclub.com\/wp-content\/uploads\/2024\/05\/Nueva-18x12.jpg 18w\" sizes=\"(max-width: 709px) 85vw, (max-width: 909px) 67vw, (max-width: 1362px) 62vw, 840px\" \/><\/figure>\n\n\n\n<figure class=\"wp-block-image size-full\"><img loading=\"lazy\" width=\"1000\" height=\"562\" data-id=\"5060\"  src=\"http:\/\/www.citizenscienceclub.com\/wp-content\/uploads\/2024\/05\/Img-xose-Zapata.jpg\" alt=\"\" class=\"wp-image-5060\" srcset=\"http:\/\/www.citizenscienceclub.com\/wp-content\/uploads\/2024\/05\/Img-xose-Zapata.jpg 1000w, http:\/\/www.citizenscienceclub.com\/wp-content\/uploads\/2024\/05\/Img-xose-Zapata-300x169.jpg 300w, http:\/\/www.citizenscienceclub.com\/wp-content\/uploads\/2024\/05\/Img-xose-Zapata-768x432.jpg 768w, http:\/\/www.citizenscienceclub.com\/wp-content\/uploads\/2024\/05\/Img-xose-Zapata-18x10.jpg 18w\" sizes=\"(max-width: 709px) 85vw, (max-width: 909px) 67vw, (max-width: 1362px) 62vw, 840px\" \/><\/figure>\n\n\n\n<figure class=\"wp-block-image size-large\"><img loading=\"lazy\" width=\"2560\" height=\"1707\" data-id=\"4545\"  src=\"http:\/\/www.citizenscienceclub.com\/wp-content\/uploads\/2021\/07\/IMG_6423-scaled.jpg\" alt=\"\" class=\"wp-image-4545\" srcset=\"http:\/\/www.citizenscienceclub.com\/wp-content\/uploads\/2021\/07\/IMG_6423-scaled.jpg 2560w, http:\/\/www.citizenscienceclub.com\/wp-content\/uploads\/2021\/07\/IMG_6423-300x200.jpg 300w\" sizes=\"(max-width: 709px) 85vw, (max-width: 909px) 67vw, (max-width: 1362px) 62vw, 840px\" \/><\/figure>\n<figcaption class=\"blocks-gallery-caption\">Scientific communicators in Open Science Cambre.<\/figcaption><\/figure>\n\n\n\n<p>Si trabajas en ciencia y quieres venir a compartir los avances de tu grupo en Open Science Cambre 2025, env\u00edanos el siguiente formulario antes del 25 de julio y estaremos encantados de contactar contigo para coordinar vuestra participaci\u00f3n:<\/p>\n\n\n\n<p><a href=\"https:\/\/forms.gle\/RTfRuKcnebcgFddm6\" data-type=\"URL\" data-id=\"https:\/\/forms.gle\/RTfRuKcnebcgFddm6\" target=\"_blank\" rel=\"noreferrer noopener\">Formulario Open Science Divulga 2025<\/a><\/p>\n\n\n\n<p>S\u00edguenos en redes sociales para estar al d\u00eda de todo:<\/p>\n\n\n\n<div class=\"wp-container-1 wp-block-buttons\">\n<div class=\"wp-block-button aligncenter\"><a class=\"wp-block-button__link has-cool-to-warm-spectrum-gradient-background has-background\" href=\"https:\/\/www.instagram.com\/opensciencecambre\/\" style=\"border-radius:100px\" target=\"_blank\" rel=\"noreferrer noopener\">Intagram<\/a><\/div>\n\n\n\n<div class=\"wp-block-button aligncenter\"><a class=\"wp-block-button__link has-background\" href=\"https:\/\/www.tiktok.com\/@open.science.cambre\" style=\"background:linear-gradient(90deg,rgb(6,147,227) 19%,rgb(155,81,224) 100%)\" target=\"_blank\" rel=\"noreferrer noopener\">Tik Tok<\/a><\/div>\n\n\n\n<div class=\"wp-block-button aligncenter\"><a class=\"wp-block-button__link has-background\" href=\"https:\/\/m.facebook.com\/p\/Open-Science-Cambre-100081278438751\/\" style=\"background-color:#0063ff\" target=\"_blank\" rel=\"noreferrer noopener\">Facebook<\/a><\/div>\n\n\n\n<div class=\"wp-block-button aligncenter\"><a class=\"wp-block-button__link has-black-background-color has-background\" href=\"https:\/\/x.com\/openscience_\" target=\"_blank\" rel=\"noreferrer noopener\">X<\/a><\/div>\n\n\n\n<div class=\"wp-block-button aligncenter\"><a class=\"wp-block-button__link has-background\" href=\"https:\/\/www.twitch.tv\/opensciencecambre\" style=\"background-color:#8a2ee0\" target=\"_blank\" rel=\"noreferrer noopener\">Twitch<\/a><\/div>\n\n\n\n<div class=\"wp-block-button aligncenter\"><a class=\"wp-block-button__link has-background\" href=\"https:\/\/www.youtube.com\/@opensciencecambre6236\" style=\"background-color:#ff0000\" target=\"_blank\" rel=\"noreferrer noopener\">YouTube<\/a><\/div>\n<\/div>\n\n\n\n<div class=\"wp-container-3 wp-block-group\"><div class=\"wp-block-group__inner-container\">\n<div class=\"wp-container-2 wp-block-group\"><div class=\"wp-block-group__inner-container\">\n<div class=\"wp-block-columns\"><\/div>\n<\/div><\/div>\n<\/div><\/div>","protected":false},"excerpt":{"rendered":"<p>Los investigadores senior de universidades, centros de investigaci\u00f3n, organizaciones voluntarias, museos o polic\u00eda cient\u00edfica estar\u00e1n con nosotros los d\u00edas 20 y 21 de septiembre de 2025. A ellos les encanta mostrar su trabajo, sus investigaciones. Nos sorprender\u00e1n con sus avances y nos asombrar\u00e1 toda la ciencia que se hace a s\u00f3lo unos kil\u00f3metros de nuestra &hellip; <a href=\"http:\/\/www.citizenscienceclub.com\/en\/open-science-divulga\/\" class=\"more-link\">Continue reading<span class=\"screen-reader-text\"> &#8220;Open Science Divulga&#8221;<\/span><\/a><\/p>","protected":false},"author":4,"featured_media":0,"parent":0,"menu_order":0,"comment_status":"closed","ping_status":"closed","template":"","meta":[],"_links":{"self":[{"href":"http:\/\/www.citizenscienceclub.com\/en\/wp-json\/wp\/v2\/pages\/4541"}],"collection":[{"href":"http:\/\/www.citizenscienceclub.com\/en\/wp-json\/wp\/v2\/pages"}],"about":[{"href":"http:\/\/www.citizenscienceclub.com\/en\/wp-json\/wp\/v2\/types\/page"}],"author":[{"embeddable":true,"href":"http:\/\/www.citizenscienceclub.com\/en\/wp-json\/wp\/v2\/users\/4"}],"replies":[{"embeddable":true,"href":"http:\/\/www.citizenscienceclub.com\/en\/wp-json\/wp\/v2\/comments?post=4541"}],"version-history":[{"count":14,"href":"http:\/\/www.citizenscienceclub.com\/en\/wp-json\/wp\/v2\/pages\/4541\/revisions"}],"predecessor-version":[{"id":5342,"href":"http:\/\/www.citizenscienceclub.com\/en\/wp-json\/wp\/v2\/pages\/4541\/revisions\/5342"}],"wp:attachment":[{"href":"http:\/\/www.citizenscienceclub.com\/en\/wp-json\/wp\/v2\/media?parent=4541"}],"curies":[{"name":"wp","href":"https:\/\/api.w.org\/{rel}","templated":true}]}}