{"id":4642,"date":"2021-09-17T22:51:37","date_gmt":"2021-09-17T20:51:37","guid":{"rendered":"http:\/\/www.citizenscienceclub.com\/?page_id=4642"},"modified":"2021-09-17T23:09:00","modified_gmt":"2021-09-17T21:09:00","slug":"proyectos-categoria-a-osc2021","status":"publish","type":"page","link":"http:\/\/www.citizenscienceclub.com\/en\/proyectos-categoria-a-osc2021\/","title":{"rendered":"Proyectos categor\u00eda A #OSC2021"},"content":{"rendered":"<figure class=\"wp-block-embed is-type-video is-provider-youtube wp-block-embed-youtube wp-embed-aspect-4-3 wp-has-aspect-ratio\"><div class=\"wp-block-embed__wrapper\">\n<iframe loading=\"lazy\" title=\"Cu\u00e8ntame como puedo dedicarme a la Ciencia\" width=\"840\" height=\"630\" src=\"https:\/\/www.youtube.com\/embed\/lgBGF_96mRc?feature=oembed\" frameborder=\"0\" allow=\"accelerometer; autoplay; clipboard-write; encrypted-media; gyroscope; picture-in-picture\" allowfullscreen><\/iframe>\n<\/div><figcaption>&nbsp;<strong>CU\u00c9NTAME C\u00d3MO DEDICARME A LA CIENCIA (Colegio la Inmaculada + EEUU + Ruman\u00eda)<\/strong><\/figcaption><\/figure>\n\n\n\n<p>Archivos adjuntos: <a href=\"https:\/\/drive.google.com\/file\/d\/1JyQLO4DbR1gZ2-W5cqMAWulwvPfwRbJn\/view?usp=sharing\" data-type=\"URL\" data-id=\"https:\/\/drive.google.com\/file\/d\/1JyQLO4DbR1gZ2-W5cqMAWulwvPfwRbJn\/view?usp=sharing\">memoria<\/a>, <a href=\"https:\/\/drive.google.com\/file\/d\/1643nwa7jtMJJpcv15z7j2xRKrq4ahTVN\/view?usp=sharing\" data-type=\"URL\" data-id=\"https:\/\/drive.google.com\/file\/d\/1643nwa7jtMJJpcv15z7j2xRKrq4ahTVN\/view?usp=sharing\">cuaderno de bit\u00e1cora<\/a>, <a href=\"https:\/\/drive.google.com\/file\/d\/1Y_P7XL5s9cCD-1NTTPS7UiMn1V0euDfS\/view?usp=sharing\" data-type=\"URL\" data-id=\"https:\/\/drive.google.com\/file\/d\/1Y_P7XL5s9cCD-1NTTPS7UiMn1V0euDfS\/view?usp=sharing\">p\u00f3ster<\/a> and <a href=\"https:\/\/drive.google.com\/file\/d\/1EWq2JvUFbXQyJgXS6x88Vb4oXEvInexa\/view?usp=sharing\" data-type=\"URL\" data-id=\"https:\/\/drive.google.com\/file\/d\/1EWq2JvUFbXQyJgXS6x88Vb4oXEvInexa\/view?usp=sharing\">portada<\/a>.<\/p>\n\n\n\n<figure class=\"wp-block-embed is-type-video is-provider-youtube wp-block-embed-youtube wp-embed-aspect-16-9 wp-has-aspect-ratio\"><div class=\"wp-block-embed__wrapper\">\n<iframe loading=\"lazy\" title=\"V\u00eddeo Calendario Mujeres Cient\u00edficadas Alumnado Investigador\" width=\"840\" height=\"473\" src=\"https:\/\/www.youtube.com\/embed\/1KcUcaUwp_s?feature=oembed\" frameborder=\"0\" allow=\"accelerometer; autoplay; clipboard-write; encrypted-media; gyroscope; picture-in-picture\" allowfullscreen><\/iframe>\n<\/div><figcaption><strong>CALENDARIO CIENT\u00cdFICAS NO MORE MATILDAS&nbsp; (Colegio La Inmaculada)<\/strong><\/figcaption><\/figure>\n\n\n\n<p>Archivos adjuntos: <a href=\"https:\/\/drive.google.com\/file\/d\/1GNSUUIY0uz_U6Z9q5mx-rKKFkNd55cf5\/view?usp=sharing\" data-type=\"URL\" data-id=\"https:\/\/drive.google.com\/file\/d\/1GNSUUIY0uz_U6Z9q5mx-rKKFkNd55cf5\/view?usp=sharing\">memoria<\/a>, <a href=\"https:\/\/drive.google.com\/file\/d\/1pB_h_QE7MFyEI1emwIerxpJ24FLep795\/view?usp=sharing\" data-type=\"URL\" data-id=\"https:\/\/drive.google.com\/file\/d\/1pB_h_QE7MFyEI1emwIerxpJ24FLep795\/view?usp=sharing\">p\u00f3ster <\/a>and <a href=\"https:\/\/drive.google.com\/file\/d\/1UnljFPrcF2aA989Feh5uWqLOSmd4Yeu6\/view?usp=sharing\" data-type=\"URL\" data-id=\"https:\/\/drive.google.com\/file\/d\/1UnljFPrcF2aA989Feh5uWqLOSmd4Yeu6\/view?usp=sharing\">presentaci\u00f3n<\/a>.<\/p>\n\n\n\n<figure class=\"wp-block-embed is-type-video is-provider-youtube wp-block-embed-youtube wp-embed-aspect-16-9 wp-has-aspect-ratio\"><div class=\"wp-block-embed__wrapper\">\n<iframe loading=\"lazy\" title=\"Las 3Rs del COVID: Design thinking e indagaci\u00f3n para gestionar los residuos de la pandemia.\" width=\"840\" height=\"473\" src=\"https:\/\/www.youtube.com\/embed\/cN6F_GLnGYI?feature=oembed\" frameborder=\"0\" allow=\"accelerometer; autoplay; clipboard-write; encrypted-media; gyroscope; picture-in-picture\" allowfullscreen><\/iframe>\n<\/div><figcaption><strong>3Rs del COVID: INDAGACI\u00d3N Y DESIGN THINKING PARA LA GESTI\u00d3N DE LOS RESIDUOS DE LA PANDEMIA (ESCUELA DE PEQUE\u00d1@S CIENT\u00cdFIC@S ESPICIENCIA)<\/strong><\/figcaption><\/figure>\n\n\n\n<p>Archivos adjuntos: <a href=\"https:\/\/drive.google.com\/file\/d\/1h7PMKqh06-w0ysL3dUK4cVY3jNNcbS1Y\/view?usp=sharing\" data-type=\"URL\" data-id=\"https:\/\/drive.google.com\/file\/d\/1h7PMKqh06-w0ysL3dUK4cVY3jNNcbS1Y\/view?usp=sharing\">p\u00f3ster<\/a>.<\/p>\n\n\n\n<figure class=\"wp-block-embed is-type-video is-provider-youtube wp-block-embed-youtube wp-embed-aspect-16-9 wp-has-aspect-ratio\"><div class=\"wp-block-embed__wrapper\">\n<iframe loading=\"lazy\" title=\"Aquacolab: monitorizaci\u00f3n global del Rio Trueba. Nuestra contribuci\u00f3n a la Ciencia Ciudadana.\" width=\"840\" height=\"473\" src=\"https:\/\/www.youtube.com\/embed\/Cel4-o0XKFM?feature=oembed\" frameborder=\"0\" allow=\"accelerometer; autoplay; clipboard-write; encrypted-media; gyroscope; picture-in-picture\" allowfullscreen><\/iframe>\n<\/div><figcaption><strong>ESTUDIO INTEGRAL DEL RIO TRUEBA: PROYECTO AQUACOLAB (ESCUELA DE PEQUE\u00d1@S CIENT\u00cdFIC@S ESPICIENCIA)<\/strong><\/figcaption><\/figure>\n\n\n\n<p>Archivos adjuntos: <a href=\"https:\/\/drive.google.com\/file\/d\/15rSMCH5KyWqE1ia0zjvwWmORNrQ613Ve\/view?usp=sharing\" data-type=\"URL\" data-id=\"https:\/\/drive.google.com\/file\/d\/15rSMCH5KyWqE1ia0zjvwWmORNrQ613Ve\/view?usp=sharing\">p\u00f3ster<\/a>.<\/p>\n\n\n\n<figure class=\"wp-block-embed is-type-video is-provider-youtube wp-block-embed-youtube wp-embed-aspect-16-9 wp-has-aspect-ratio\"><div class=\"wp-block-embed__wrapper\">\n<iframe loading=\"lazy\" title=\"Vigilantes del aire\" width=\"840\" height=\"473\" src=\"https:\/\/www.youtube.com\/embed\/pfp2oFhN3iY?feature=oembed\" frameborder=\"0\" allow=\"accelerometer; autoplay; clipboard-write; encrypted-media; gyroscope; picture-in-picture\" allowfullscreen><\/iframe>\n<\/div><figcaption><strong>PROYECTO VIGILANTES DEL AIRE: \u201cFRESAS CON S\u00daPER PODERES\u201d (ESCUELA DE PEQUE\u00d1@S CIENT\u00cdFIC@S ESPICIENCIA)<\/strong><\/figcaption><\/figure>\n\n\n\n<p>Archivos adjuntos: <a href=\"https:\/\/drive.google.com\/file\/d\/1Jo6QXr8jM3u3NwphXm_4llDJc6AkV1Tw\/view?usp=sharing\" data-type=\"URL\" data-id=\"https:\/\/drive.google.com\/file\/d\/1Jo6QXr8jM3u3NwphXm_4llDJc6AkV1Tw\/view?usp=sharing\">memoria<\/a>.<\/p>\n\n\n\n<figure class=\"wp-block-embed is-type-video is-provider-youtube wp-block-embed-youtube wp-embed-aspect-16-9 wp-has-aspect-ratio\"><div class=\"wp-block-embed__wrapper\">\n<iframe loading=\"lazy\" title=\"ReMoBot - Presentaci\u00f3n Open Science Cambre Espa\u00f1a 2021\" width=\"840\" height=\"473\" src=\"https:\/\/www.youtube.com\/embed\/H2jx3pFVTUE?feature=oembed\" frameborder=\"0\" allow=\"accelerometer; autoplay; clipboard-write; encrypted-media; gyroscope; picture-in-picture\" allowfullscreen><\/iframe>\n<\/div><figcaption><strong>ReMoBot \u201cEl robot ayudante\u201d( Gutenberg Schule)<\/strong><\/figcaption><\/figure>\n\n\n\n<p>Archivos adjuntos: <a href=\"https:\/\/drive.google.com\/file\/d\/146eVRDxcgo1W5piiY1PsaOwOxq-tlawi\/view?usp=sharing\" data-type=\"URL\" data-id=\"https:\/\/drive.google.com\/file\/d\/146eVRDxcgo1W5piiY1PsaOwOxq-tlawi\/view?usp=sharing\">memoria<\/a>.<\/p>","protected":false},"excerpt":{"rendered":"<p>Archivos adjuntos: memoria, cuaderno de bit\u00e1cora, p\u00f3ster y portada. Archivos adjuntos: memoria, p\u00f3ster y presentaci\u00f3n. Archivos adjuntos: p\u00f3ster. Archivos adjuntos: p\u00f3ster. Archivos adjuntos: memoria. Archivos adjuntos: memoria.<\/p>","protected":false},"author":1,"featured_media":0,"parent":0,"menu_order":0,"comment_status":"closed","ping_status":"closed","template":"","meta":[],"_links":{"self":[{"href":"http:\/\/www.citizenscienceclub.com\/en\/wp-json\/wp\/v2\/pages\/4642"}],"collection":[{"href":"http:\/\/www.citizenscienceclub.com\/en\/wp-json\/wp\/v2\/pages"}],"about":[{"href":"http:\/\/www.citizenscienceclub.com\/en\/wp-json\/wp\/v2\/types\/page"}],"author":[{"embeddable":true,"href":"http:\/\/www.citizenscienceclub.com\/en\/wp-json\/wp\/v2\/users\/1"}],"replies":[{"embeddable":true,"href":"http:\/\/www.citizenscienceclub.com\/en\/wp-json\/wp\/v2\/comments?post=4642"}],"version-history":[{"count":5,"href":"http:\/\/www.citizenscienceclub.com\/en\/wp-json\/wp\/v2\/pages\/4642\/revisions"}],"predecessor-version":[{"id":4668,"href":"http:\/\/www.citizenscienceclub.com\/en\/wp-json\/wp\/v2\/pages\/4642\/revisions\/4668"}],"wp:attachment":[{"href":"http:\/\/www.citizenscienceclub.com\/en\/wp-json\/wp\/v2\/media?parent=4642"}],"curies":[{"name":"wp","href":"https:\/\/api.w.org\/{rel}","templated":true}]}}