{"id":4645,"date":"2021-09-17T22:51:27","date_gmt":"2021-09-17T20:51:27","guid":{"rendered":"http:\/\/www.citizenscienceclub.com\/?page_id=4645"},"modified":"2021-09-17T23:09:56","modified_gmt":"2021-09-17T21:09:56","slug":"proyectos-categoria-b-osc2021","status":"publish","type":"page","link":"http:\/\/www.citizenscienceclub.com\/en\/proyectos-categoria-b-osc2021\/","title":{"rendered":"Proyectos categor\u00eda B #OSC2021"},"content":{"rendered":"<figure class=\"wp-block-embed is-type-video is-provider-youtube wp-block-embed-youtube wp-embed-aspect-16-9 wp-has-aspect-ratio\"><div class=\"wp-block-embed__wrapper\">\n<iframe loading=\"lazy\" title=\"LA EXPERIMENTACI\u00d3N EN FYQ EN TIEMPOS DE PANDEMIA\" width=\"840\" height=\"473\" src=\"https:\/\/www.youtube.com\/embed\/7AuZ93F_G5I?feature=oembed\" frameborder=\"0\" allow=\"accelerometer; autoplay; clipboard-write; encrypted-media; gyroscope; picture-in-picture\" allowfullscreen><\/iframe>\n<\/div><figcaption><strong>LA EXPERIMENTACI\u00d3N EN F\u00cdSICA Y QU\u00cdMICA EN TIEMPOS DE PANDEMIA&nbsp; (Colegio La Inmaculada)<\/strong><\/figcaption><\/figure>\n\n\n\n<p>Archivos adjuntos: <a href=\"https:\/\/drive.google.com\/file\/d\/1FFruEo28ZuZKZ2V2lhB70hIeQITbqN92\/view?usp=sharing\">memoria<\/a>, <a href=\"https:\/\/drive.google.com\/file\/d\/1NDk8eXUM7WLOWlBbc6Z2yyrd3cmF0HDC\/view?usp=sharing\">p\u00f3ster<\/a>, <a href=\"https:\/\/drive.google.com\/file\/d\/1kkZNhm6YfYtPKRrq9S5jLPu1QWr-T5fs\/view?usp=sharing\">presentaci\u00f3n<\/a> and <a href=\"https:\/\/docs.google.com\/document\/d\/18ddjT20JsoScvGbcMyZW-sgG395-ecvg\/edit?usp=sharing&amp;ouid=106360354357663221452&amp;rtpof=true&amp;sd=true\">videos de los experimentos<\/a><\/p>\n\n\n\n<figure class=\"wp-block-embed is-type-video is-provider-youtube wp-block-embed-youtube wp-embed-aspect-4-3 wp-has-aspect-ratio\"><div class=\"wp-block-embed__wrapper\">\n <iframe loading=\"lazy\" title=\"Estudio del rendimiento fotosint\u00e9tico de las plantas de ajardinamiento\" width=\"840\" height=\"630\" src=\"https:\/\/www.youtube.com\/embed\/OByvB8aMgwM?feature=oembed\" frameborder=\"0\" allow=\"accelerometer; autoplay; clipboard-write; encrypted-media; gyroscope; picture-in-picture\" allowfullscreen><\/iframe>\n<\/div><figcaption>&nbsp;<strong>Estudio del rendimiento fotosint\u00e9tico de las plantas de ajardinamiento<\/strong><\/figcaption><\/figure>\n\n\n\n<p>Archivos adjuntos: <a href=\"https:\/\/drive.google.com\/file\/d\/1kA9aqSYplWUxUAXjlH8BAqtZjwfsLBmu\/view?usp=sharing\">memoria<\/a><\/p>\n\n\n\n<figure class=\"wp-block-embed is-type-video is-provider-youtube wp-block-embed-youtube wp-embed-aspect-16-9 wp-has-aspect-ratio\"><div class=\"wp-block-embed__wrapper\">\n <iframe loading=\"lazy\" title=\"Winter Ylivieska\" width=\"840\" height=\"473\" src=\"https:\/\/www.youtube.com\/embed\/BNGEl07-G8w?feature=oembed\" frameborder=\"0\" allow=\"accelerometer; autoplay; clipboard-write; encrypted-media; gyroscope; picture-in-picture\" allowfullscreen><\/iframe>\n<\/div><figcaption><strong>Monitorizaci\u00f3n del invierno en Finlandia (IES de Cand\u00e1s)<\/strong><\/figcaption><\/figure>\n\n\n\n<p>Archivos adjuntos: <a href=\"https:\/\/drive.google.com\/file\/d\/1FS5bMu-4RbrS7OQNcVtEmeSsG6UZZCcr\/view?usp=sharing\">presentaci\u00f3n<\/a><\/p>\n\n\n\n<figure class=\"wp-block-embed is-type-video is-provider-youtube wp-block-embed-youtube wp-embed-aspect-16-9 wp-has-aspect-ratio\"><div class=\"wp-block-embed__wrapper\">\n<iframe loading=\"lazy\" title=\"arduart\" width=\"840\" height=\"473\" src=\"https:\/\/www.youtube.com\/embed\/hqGWbaoItvI?feature=oembed\" frameborder=\"0\" allow=\"accelerometer; autoplay; clipboard-write; encrypted-media; gyroscope; picture-in-picture\" allowfullscreen><\/iframe>\n<\/div><figcaption><strong>ArduArt (IES Kursaal)<\/strong><\/figcaption><\/figure>\n\n\n\n<figure class=\"wp-block-embed is-type-video is-provider-youtube wp-block-embed-youtube wp-embed-aspect-16-9 wp-has-aspect-ratio\"><div class=\"wp-block-embed__wrapper\">\n<iframe loading=\"lazy\" title=\"Kursaal despega\" width=\"840\" height=\"473\" src=\"https:\/\/www.youtube.com\/embed\/XcEjbQFOE58?feature=oembed\" frameborder=\"0\" allow=\"accelerometer; autoplay; clipboard-write; encrypted-media; gyroscope; picture-in-picture\" allowfullscreen><\/iframe>\n<\/div><figcaption><strong>Kursaal despega (IES Kursaal)<\/strong><\/figcaption><\/figure>\n\n\n\n<p>Archivos adjuntos: <a href=\"https:\/\/drive.google.com\/file\/d\/1eDjY6jozp6WD2bKJBxaPVMrBwGlqyraK\/view?usp=sharing\">memoria<\/a><\/p>\n\n\n\n<figure class=\"wp-block-embed is-type-video is-provider-youtube wp-block-embed-youtube wp-embed-aspect-16-9 wp-has-aspect-ratio\"><div class=\"wp-block-embed__wrapper\">\n<iframe loading=\"lazy\" title=\"proyecto co2 cec No presencial 1\" width=\"840\" height=\"473\" src=\"https:\/\/www.youtube.com\/embed\/DCTBRTzXOG8?feature=oembed\" frameborder=\"0\" allow=\"accelerometer; autoplay; clipboard-write; encrypted-media; gyroscope; picture-in-picture\" allowfullscreen><\/iframe>\n<\/div><figcaption><strong>Smart CO2 Sensor (IES Kursaal)<\/strong><\/figcaption><\/figure>\n\n\n\n<p>Archivos adjuntos: <a href=\"https:\/\/drive.google.com\/file\/d\/1kgQmLwaHB_JzXCKsSuychHZhdkwcQ44l\/view?usp=sharing\">memoria<\/a><\/p>\n\n\n\n<figure class=\"wp-block-embed is-type-video is-provider-youtube wp-block-embed-youtube wp-embed-aspect-16-9 wp-has-aspect-ratio\"><div class=\"wp-block-embed__wrapper\">\n<iframe loading=\"lazy\" title=\"Online Secundaria Puertoblanco Montecalpe PNA2030 Germ\u00e1nGonz\u00e1lezJim\u00e9nez\" width=\"840\" height=\"473\" src=\"https:\/\/www.youtube.com\/embed\/8F0f1hGWB0A?feature=oembed\" frameborder=\"0\" allow=\"accelerometer; autoplay; clipboard-write; encrypted-media; gyroscope; picture-in-picture\" allowfullscreen><\/iframe>\n<\/div><figcaption><strong>Patrimonio Natural y Agenda 2030: 17 Joyas del Campo de Gibraltar para 17 Objetivos de Desarrollo Sostenible (Colegio Puertoblanco-Montecalpe)<\/strong><\/figcaption><\/figure>\n\n\n\n<p>Archivos adjuntos: <a href=\"https:\/\/drive.google.com\/file\/d\/1EIq_O2IZJ-FK7k0h1wjFTX5IMXS2lis6\/view?usp=sharing\">memoria<\/a><\/p>","protected":false},"excerpt":{"rendered":"<p>Archivos adjuntos: memoria, p\u00f3ster, presentaci\u00f3n y videos de los experimentos Archivos adjuntos: memoria Archivos adjuntos: presentaci\u00f3n Archivos adjuntos: memoria Archivos adjuntos: memoria Archivos adjuntos: memoria<\/p>","protected":false},"author":1,"featured_media":0,"parent":0,"menu_order":0,"comment_status":"closed","ping_status":"closed","template":"","meta":[],"_links":{"self":[{"href":"http:\/\/www.citizenscienceclub.com\/en\/wp-json\/wp\/v2\/pages\/4645"}],"collection":[{"href":"http:\/\/www.citizenscienceclub.com\/en\/wp-json\/wp\/v2\/pages"}],"about":[{"href":"http:\/\/www.citizenscienceclub.com\/en\/wp-json\/wp\/v2\/types\/page"}],"author":[{"embeddable":true,"href":"http:\/\/www.citizenscienceclub.com\/en\/wp-json\/wp\/v2\/users\/1"}],"replies":[{"embeddable":true,"href":"http:\/\/www.citizenscienceclub.com\/en\/wp-json\/wp\/v2\/comments?post=4645"}],"version-history":[{"count":5,"href":"http:\/\/www.citizenscienceclub.com\/en\/wp-json\/wp\/v2\/pages\/4645\/revisions"}],"predecessor-version":[{"id":4670,"href":"http:\/\/www.citizenscienceclub.com\/en\/wp-json\/wp\/v2\/pages\/4645\/revisions\/4670"}],"wp:attachment":[{"href":"http:\/\/www.citizenscienceclub.com\/en\/wp-json\/wp\/v2\/media?parent=4645"}],"curies":[{"name":"wp","href":"https:\/\/api.w.org\/{rel}","templated":true}]}}