{"id":4647,"date":"2021-09-17T22:51:32","date_gmt":"2021-09-17T20:51:32","guid":{"rendered":"http:\/\/www.citizenscienceclub.com\/?page_id=4647"},"modified":"2021-09-17T23:19:32","modified_gmt":"2021-09-17T21:19:32","slug":"proyectos-categoria-c-osc2021","status":"publish","type":"page","link":"http:\/\/www.citizenscienceclub.com\/en\/proyectos-categoria-c-osc2021\/","title":{"rendered":"Proyectos categor\u00eda C #OSC2021"},"content":{"rendered":"<figure class=\"wp-block-embed is-type-video is-provider-youtube wp-block-embed-youtube wp-embed-aspect-16-9 wp-has-aspect-ratio\"><div class=\"wp-block-embed__wrapper\">\n<iframe loading=\"lazy\" title=\"ESTACI\u00d3N ESPACIAL MIC OPEN SCIENCE\" width=\"840\" height=\"473\" src=\"https:\/\/www.youtube.com\/embed\/3Q6CZ2B8Oww?feature=oembed\" frameborder=\"0\" allow=\"accelerometer; autoplay; clipboard-write; encrypted-media; gyroscope; picture-in-picture\" allowfullscreen><\/iframe>\n<\/div><figcaption>&nbsp;&nbsp;<strong>ESTACI\u00d3N ESPACIAL MIC&nbsp; (Colegio La Inmaculada)<\/strong><\/figcaption><\/figure>\n\n\n\n<p>Archivos adjuntos: <a href=\"https:\/\/drive.google.com\/file\/d\/1LDIxXXDmFR0-WHv--DDncqhmg7mXKJ-m\/view?usp=sharing\" data-type=\"URL\" data-id=\"https:\/\/drive.google.com\/file\/d\/1LDIxXXDmFR0-WHv--DDncqhmg7mXKJ-m\/view?usp=sharing\">memoria<\/a>, <a href=\"https:\/\/drive.google.com\/file\/d\/1i4h9BxSbc0THTbsmvLmSfq9YjL2xErLk\/view?usp=sharing\" data-type=\"URL\" data-id=\"https:\/\/drive.google.com\/file\/d\/1i4h9BxSbc0THTbsmvLmSfq9YjL2xErLk\/view?usp=sharing\">p\u00f3ster <\/a>and <a href=\"https:\/\/drive.google.com\/file\/d\/1ADVPcPyh30B1v6wEPKIljthRgmGonBQ9\/view?usp=sharing\" data-type=\"URL\" data-id=\"https:\/\/drive.google.com\/file\/d\/1ADVPcPyh30B1v6wEPKIljthRgmGonBQ9\/view?usp=sharing\">presentaci\u00f3n<\/a>.<\/p>\n\n\n\n<figure class=\"wp-block-embed is-type-video is-provider-youtube wp-block-embed-youtube wp-embed-aspect-16-9 wp-has-aspect-ratio\"><div class=\"wp-block-embed__wrapper\">\n<iframe loading=\"lazy\" title=\"V\u00eddeo Pl\u00e1sticos Bajo Cero Open Science\" width=\"840\" height=\"473\" src=\"https:\/\/www.youtube.com\/embed\/Un7lCy4CI0c?feature=oembed\" frameborder=\"0\" allow=\"accelerometer; autoplay; clipboard-write; encrypted-media; gyroscope; picture-in-picture\" allowfullscreen><\/iframe>\n<\/div><figcaption><strong>PL\u00c1SICOS BAJO CERO (Colegio La Inmaculada)<\/strong><\/figcaption><\/figure>\n\n\n\n<p>Archivos adjuntos: <a href=\"https:\/\/drive.google.com\/file\/d\/15nScepC6lG3i-SchVLiDzOyEe0wLnGsO\/view?usp=sharing\" data-type=\"URL\" data-id=\"https:\/\/drive.google.com\/file\/d\/15nScepC6lG3i-SchVLiDzOyEe0wLnGsO\/view?usp=sharing\">memoria<\/a>, <a href=\"https:\/\/drive.google.com\/file\/d\/1kBKA-NF57VTCZl5wXByA17J9abexQlxB\/view?usp=sharing\" data-type=\"URL\" data-id=\"https:\/\/drive.google.com\/file\/d\/1kBKA-NF57VTCZl5wXByA17J9abexQlxB\/view?usp=sharing\">p\u00f3ster <\/a>and <a href=\"https:\/\/drive.google.com\/file\/d\/1y9OueLTzKCfMLzQa_QD0DG2V90zAk6sy\/view?usp=sharing\" data-type=\"URL\" data-id=\"https:\/\/drive.google.com\/file\/d\/1y9OueLTzKCfMLzQa_QD0DG2V90zAk6sy\/view?usp=sharing\">presentaci\u00f3n<\/a>.<\/p>\n\n\n\n<figure class=\"wp-block-embed is-type-video is-provider-youtube wp-block-embed-youtube wp-embed-aspect-4-3 wp-has-aspect-ratio\"><div class=\"wp-block-embed__wrapper\">\n<iframe loading=\"lazy\" title=\"Candasat II1\" width=\"840\" height=\"630\" src=\"https:\/\/www.youtube.com\/embed\/iSpEEisi7yM?feature=oembed\" frameborder=\"0\" allow=\"accelerometer; autoplay; clipboard-write; encrypted-media; gyroscope; picture-in-picture\" allowfullscreen><\/iframe>\n<\/div><figcaption>&nbsp;&nbsp;<strong>Candasat II, un sat\u00e9lite en una lata de refresco (IES de Cand\u00e1s)<\/strong><\/figcaption><\/figure>\n\n\n\n<p>Archivos adjuntos: <a href=\"https:\/\/drive.google.com\/file\/d\/1iSaT2tky6hstsTqCKj3l1CXzQBKnkxBC\/view?usp=sharing\" data-type=\"URL\" data-id=\"https:\/\/drive.google.com\/file\/d\/1iSaT2tky6hstsTqCKj3l1CXzQBKnkxBC\/view?usp=sharing\">memoria<\/a>.<\/p>\n\n\n\n\n\n<h4><a href=\"https:\/\/www.youtube.com\/watch?v=cStvynEQwiY\" data-type=\"URL\" data-id=\"https:\/\/www.youtube.com\/watch?v=cStvynEQwiY\">\u00a0<strong>Historia del Universo a trav\u00e9s del Arte (IES Kursaal)<\/strong><\/a><\/h4>\n\n\n\n<p>Archivos adjuntos: <a href=\"https:\/\/drive.google.com\/file\/d\/1xtbKIJAAfVUOIPWdk0LsV9akBADXkvx3\/view?usp=sharing\" data-type=\"URL\" data-id=\"https:\/\/drive.google.com\/file\/d\/1xtbKIJAAfVUOIPWdk0LsV9akBADXkvx3\/view?usp=sharing\">memoria<\/a>.<\/p>","protected":false},"excerpt":{"rendered":"<p>Archivos adjuntos: memoria, p\u00f3ster y presentaci\u00f3n. Archivos adjuntos: memoria, p\u00f3ster y presentaci\u00f3n. Archivos adjuntos: memoria. \u00a0Historia del Universo a trav\u00e9s del Arte (IES Kursaal) Archivos adjuntos: memoria.<\/p>","protected":false},"author":1,"featured_media":0,"parent":0,"menu_order":0,"comment_status":"closed","ping_status":"closed","template":"","meta":[],"_links":{"self":[{"href":"http:\/\/www.citizenscienceclub.com\/en\/wp-json\/wp\/v2\/pages\/4647"}],"collection":[{"href":"http:\/\/www.citizenscienceclub.com\/en\/wp-json\/wp\/v2\/pages"}],"about":[{"href":"http:\/\/www.citizenscienceclub.com\/en\/wp-json\/wp\/v2\/types\/page"}],"author":[{"embeddable":true,"href":"http:\/\/www.citizenscienceclub.com\/en\/wp-json\/wp\/v2\/users\/1"}],"replies":[{"embeddable":true,"href":"http:\/\/www.citizenscienceclub.com\/en\/wp-json\/wp\/v2\/comments?post=4647"}],"version-history":[{"count":7,"href":"http:\/\/www.citizenscienceclub.com\/en\/wp-json\/wp\/v2\/pages\/4647\/revisions"}],"predecessor-version":[{"id":4682,"href":"http:\/\/www.citizenscienceclub.com\/en\/wp-json\/wp\/v2\/pages\/4647\/revisions\/4682"}],"wp:attachment":[{"href":"http:\/\/www.citizenscienceclub.com\/en\/wp-json\/wp\/v2\/media?parent=4647"}],"curies":[{"name":"wp","href":"https:\/\/api.w.org\/{rel}","templated":true}]}}