{"id":2078,"date":"2016-08-02T11:40:35","date_gmt":"2016-08-02T09:40:35","guid":{"rendered":"http:\/\/www.citizenscienceclub.com\/?page_id=2078"},"modified":"2021-01-07T13:48:39","modified_gmt":"2021-01-07T12:48:39","slug":"objetivos-2","status":"publish","type":"page","link":"http:\/\/www.citizenscienceclub.com\/es_es\/objetivos-2\/","title":{"rendered":"Objetivos del proyecto"},"content":{"rendered":"<p>1-<span style=\"font-weight: 400;\"> El aprendizaje de la ciencia y la tecnolog\u00eda como una de las bases para la puerta de entrada al empleo y la inclusi\u00f3n social. Estas competencias son cada vez m\u00e1s importantes y la demanda de trabajadores cualificados en Europa sigue siendo alta.<\/span><\/p>\n<p><span style=\"font-weight: 400;\">2- Aumentar los logros alcanzados por cada estudiante, avanzando as\u00ed en el camino de su implicaci\u00f3n en el aprendizaje y evitando, en la medida de lo posible, el abandono escolar prematuro.<\/span><\/p>\n<p><span style=\"font-weight: 400;\">3- Proponer un aprendizaje no formal , personalizado y colaborativo, aprovechando la accesibilidad de los recursos educativos abiertos que se generar\u00e1n en la plataforma ViSH.<\/span><\/p>\n<p><span style=\"font-weight: 400;\">4- Mejorar las competencias transversales de los alumnos, en particular la competencia digital y de idiomas.<\/span><\/p>\n<p><span style=\"font-weight: 400;\">5- Proponer a los estudiantes enfoques nuevos e innovadores de aprendizaje, que les impliquen de forma directa incidiendo en la creatividad, la iniciativa, el trabajo en equipo y la responsabilidad sobre el propio trabajo.<\/span><\/p>\n<p><span style=\"font-weight: 400;\">6- Promover la cooperaci\u00f3n entre pa\u00edses europeos para mejorar el di\u00e1logo entre culturas, aumentar las posibilidades de empleo y ampliar el abanico de ofertas laborales.<\/span><\/p>\n<p><span style=\"font-weight: 400;\">7- Impulsar el uso de herramientas que permitan el reconocimiento de las competencias adquiridas dentro del aprendizaje no formal que supone este proyecto, como el uso de Europass por parte de los participantes.<\/span><\/p>\n","protected":false},"excerpt":{"rendered":"<p>1- El aprendizaje de la ciencia y la tecnolog\u00eda como una de las bases para la puerta de entrada al empleo y la inclusi\u00f3n social. Estas competencias son cada vez m\u00e1s importantes y la demanda de trabajadores cualificados en Europa sigue siendo alta. 2- Aumentar los logros alcanzados por cada estudiante, avanzando as\u00ed en el &hellip; <a href=\"http:\/\/www.citizenscienceclub.com\/es_es\/objetivos-2\/\" class=\"more-link\">Continuar leyendo<span class=\"screen-reader-text\"> &#8220;Objetivos del proyecto&#8221;<\/span><\/a><\/p>\n","protected":false},"author":1,"featured_media":0,"parent":0,"menu_order":0,"comment_status":"closed","ping_status":"closed","template":"","meta":[],"_links":{"self":[{"href":"http:\/\/www.citizenscienceclub.com\/es_es\/wp-json\/wp\/v2\/pages\/2078"}],"collection":[{"href":"http:\/\/www.citizenscienceclub.com\/es_es\/wp-json\/wp\/v2\/pages"}],"about":[{"href":"http:\/\/www.citizenscienceclub.com\/es_es\/wp-json\/wp\/v2\/types\/page"}],"author":[{"embeddable":true,"href":"http:\/\/www.citizenscienceclub.com\/es_es\/wp-json\/wp\/v2\/users\/1"}],"replies":[{"embeddable":true,"href":"http:\/\/www.citizenscienceclub.com\/es_es\/wp-json\/wp\/v2\/comments?post=2078"}],"version-history":[{"count":6,"href":"http:\/\/www.citizenscienceclub.com\/es_es\/wp-json\/wp\/v2\/pages\/2078\/revisions"}],"predecessor-version":[{"id":4229,"href":"http:\/\/www.citizenscienceclub.com\/es_es\/wp-json\/wp\/v2\/pages\/2078\/revisions\/4229"}],"wp:attachment":[{"href":"http:\/\/www.citizenscienceclub.com\/es_es\/wp-json\/wp\/v2\/media?parent=2078"}],"curies":[{"name":"wp","href":"https:\/\/api.w.org\/{rel}","templated":true}]}}