{"id":3962,"date":"2020-09-18T09:40:21","date_gmt":"2020-09-18T07:40:21","guid":{"rendered":"http:\/\/www.citizenscienceclub.com\/?page_id=3962"},"modified":"2021-05-14T18:37:34","modified_gmt":"2021-05-14T16:37:34","slug":"proyectos-categoria-c","status":"publish","type":"page","link":"http:\/\/www.citizenscienceclub.com\/es_es\/proyectos-categoria-c\/","title":{"rendered":"Proyectos Categor\u00eda C #OSC2020"},"content":{"rendered":"\n<figure class=\"wp-block-embed is-type-video is-provider-youtube wp-block-embed-youtube wp-embed-aspect-4-3 wp-has-aspect-ratio\"><div class=\"wp-block-embed__wrapper\">\n<iframe loading=\"lazy\" title=\"La historia de la qu\u00edmica como reto en tiempos de confinamiento ~ Categor\u00eda C\" width=\"840\" height=\"630\" src=\"https:\/\/www.youtube.com\/embed\/v9d2qHFqqRI?feature=oembed\" frameborder=\"0\" allow=\"accelerometer; autoplay; clipboard-write; encrypted-media; gyroscope; picture-in-picture\" allowfullscreen><\/iframe>\n<\/div><figcaption>Proyecto categor\u00eda C &#8220;La Historia de la Qu\u00edmica como reto en tiempos de confinamiento&#8221; del Colegio La Inmaculada de Algeciras. <br>En el siguiente enlace podr\u00e9is ver el trabajo explicado en un archivo pdf hecho por ell@s:<br><a href=\"https:\/\/drive.google.com\/file\/d\/1T8E-mXI0MpG-NaYWzM3MyVQpPVKhg1mt\/view?usp=sharing\">Archivo explicativo de &#8220;La Historia de la Qu\u00edmica como reto en tiempos de confinamiento&#8221;<\/a><br> <br><\/figcaption><\/figure>\n\n\n\n<figure class=\"wp-block-embed is-type-video is-provider-youtube wp-block-embed-youtube wp-embed-aspect-16-9 wp-has-aspect-ratio\"><div class=\"wp-block-embed__wrapper\">\n<iframe loading=\"lazy\" title=\"Vigilantes del Aire ~ Categor\u00eda C\" width=\"840\" height=\"473\" src=\"https:\/\/www.youtube.com\/embed\/WS9tAArBbV8?feature=oembed\" frameborder=\"0\" allow=\"accelerometer; autoplay; clipboard-write; encrypted-media; gyroscope; picture-in-picture\" allowfullscreen><\/iframe>\n<\/div><figcaption>Proyecto categor\u00eda C &#8220;Vigilantes del aire&#8221; de la Universidad de Burgos-Fundaci\u00f3n Ibercivics.<br>En el siguiente enlace podr\u00e9is ver el trabajo explicado en un archivo pdf hecho por ell@s: <br><a href=\"https:\/\/drive.google.com\/file\/d\/1E_QTlhW9ME6m6gbplZlUapBq3DCeBi1l\/view?usp=sharing\">Archivo explicativo de &#8220;Vigilantes del aire&#8221;<\/a><\/figcaption><\/figure>\n\n\n\n<figure class=\"wp-block-embed is-type-video is-provider-youtube wp-block-embed-youtube wp-embed-aspect-16-9 wp-has-aspect-ratio\"><div class=\"wp-block-embed__wrapper\">\n<iframe loading=\"lazy\" title=\"Creando multisondas en la escuela para medir la calidad del agua ~ Categor\u00eda C\" width=\"840\" height=\"473\" src=\"https:\/\/www.youtube.com\/embed\/aL0yqBKM7z0?feature=oembed\" frameborder=\"0\" allow=\"accelerometer; autoplay; clipboard-write; encrypted-media; gyroscope; picture-in-picture\" allowfullscreen><\/iframe>\n<\/div><figcaption> Proyecto categor\u00eda C &#8220;Creando multisondas en la escuela para medir la calidad del agua&#8221; del IES David Buj\u00e1n.<br>En el siguiente enlace podr\u00e9is ver el trabajo explicado en un archivo pdf hecho por ell@s: <br><a href=\"https:\/\/drive.google.com\/file\/d\/1AT0nVLkB_l7QOTeqqWgKTCaHZeRBdyF_\/view?usp=sharing\">Archivo explicativo de &#8220;Creando multisondas en la escuela para medir la calidad del agua&#8221;<\/a><\/figcaption><\/figure>\n","protected":false},"excerpt":{"rendered":"https:\/\/youtu.be\/v9d2qHFqqRI Proyecto categor\u00eda C \"La Historia de la Qu\u00edmica como reto en tiempos de confinamiento\" del Colegio La Inmaculada de Algeciras. En el siguiente enlace podr\u00e9is ver el trabajo explicado en un archivo pdf hecho por ell@s:Archivo explicativo de \"La Historia de la Qu\u00edmica como reto en tiempos de confinamiento\" https:\/\/youtu.be\/WS9tAArBbV8 Proyecto categor\u00eda C \"Vigilantes &hellip; <a href=\"http:\/\/www.citizenscienceclub.com\/es_es\/proyectos-categoria-c\/\" class=\"more-link\">Continuar leyendo<span class=\"screen-reader-text\"> \"Proyectos Categor\u00eda C #OSC2020\"<\/span><\/a>","protected":false},"author":1,"featured_media":0,"parent":0,"menu_order":0,"comment_status":"closed","ping_status":"closed","template":"","meta":[],"_links":{"self":[{"href":"http:\/\/www.citizenscienceclub.com\/es_es\/wp-json\/wp\/v2\/pages\/3962"}],"collection":[{"href":"http:\/\/www.citizenscienceclub.com\/es_es\/wp-json\/wp\/v2\/pages"}],"about":[{"href":"http:\/\/www.citizenscienceclub.com\/es_es\/wp-json\/wp\/v2\/types\/page"}],"author":[{"embeddable":true,"href":"http:\/\/www.citizenscienceclub.com\/es_es\/wp-json\/wp\/v2\/users\/1"}],"replies":[{"embeddable":true,"href":"http:\/\/www.citizenscienceclub.com\/es_es\/wp-json\/wp\/v2\/comments?post=3962"}],"version-history":[{"count":8,"href":"http:\/\/www.citizenscienceclub.com\/es_es\/wp-json\/wp\/v2\/pages\/3962\/revisions"}],"predecessor-version":[{"id":4372,"href":"http:\/\/www.citizenscienceclub.com\/es_es\/wp-json\/wp\/v2\/pages\/3962\/revisions\/4372"}],"wp:attachment":[{"href":"http:\/\/www.citizenscienceclub.com\/es_es\/wp-json\/wp\/v2\/media?parent=3962"}],"curies":[{"name":"wp","href":"https:\/\/api.w.org\/{rel}","templated":true}]}}