{"id":3996,"date":"2020-09-19T00:07:59","date_gmt":"2020-09-18T22:07:59","guid":{"rendered":"http:\/\/www.citizenscienceclub.com\/?page_id=3996"},"modified":"2025-03-22T22:15:58","modified_gmt":"2025-03-22T21:15:58","slug":"3996-2","status":"publish","type":"page","link":"http:\/\/www.citizenscienceclub.com\/es_es\/3996-2\/","title":{"rendered":"Proyectos Open Science Xove seg\u00fan los ODS"},"content":{"rendered":"\n<p>Los proyectos de Open Science Cambre se agrupar\u00e1n en temas siguiendo los Objetivos de Desarrollo Sostenible. El p\u00fablico podr\u00e1 conocer m\u00e1s de cerca cada uno de los proyectos atendiendo a su tem\u00e1tica y los j\u00f3venes investigadores organizar\u00e1n sus trabajos para concurso.<\/p>\n\n\n\n<div class=\"wp-block-image\"><figure class=\"aligncenter size-large\"><img loading=\"lazy\" width=\"1024\" height=\"360\" src=\"http:\/\/www.citizenscienceclub.com\/wp-content\/uploads\/2022\/05\/Screenshot_1-1024x360.png\" alt=\"\" class=\"wp-image-4775\" srcset=\"http:\/\/www.citizenscienceclub.com\/wp-content\/uploads\/2022\/05\/Screenshot_1-1024x360.png 1024w, http:\/\/www.citizenscienceclub.com\/wp-content\/uploads\/2022\/05\/Screenshot_1-300x105.png 300w, http:\/\/www.citizenscienceclub.com\/wp-content\/uploads\/2022\/05\/Screenshot_1-768x270.png 768w, http:\/\/www.citizenscienceclub.com\/wp-content\/uploads\/2022\/05\/Screenshot_1-18x6.png 18w, http:\/\/www.citizenscienceclub.com\/wp-content\/uploads\/2022\/05\/Screenshot_1.png 1105w\" sizes=\"(max-width: 709px) 85vw, (max-width: 909px) 67vw, (max-width: 1362px) 62vw, 840px\" \/><\/figure><\/div>\n\n\n\n<div class=\"wp-block-image\"><figure class=\"aligncenter size-large\"><img loading=\"lazy\" width=\"1024\" height=\"353\" src=\"http:\/\/www.citizenscienceclub.com\/wp-content\/uploads\/2022\/05\/Screenshot_2-1024x353.png\" alt=\"\" class=\"wp-image-4776\" srcset=\"http:\/\/www.citizenscienceclub.com\/wp-content\/uploads\/2022\/05\/Screenshot_2-1024x353.png 1024w, http:\/\/www.citizenscienceclub.com\/wp-content\/uploads\/2022\/05\/Screenshot_2-300x103.png 300w, http:\/\/www.citizenscienceclub.com\/wp-content\/uploads\/2022\/05\/Screenshot_2-768x264.png 768w, http:\/\/www.citizenscienceclub.com\/wp-content\/uploads\/2022\/05\/Screenshot_2-18x6.png 18w, http:\/\/www.citizenscienceclub.com\/wp-content\/uploads\/2022\/05\/Screenshot_2.png 1089w\" sizes=\"(max-width: 709px) 85vw, (max-width: 909px) 67vw, (max-width: 1362px) 62vw, 840px\" \/><\/figure><\/div>\n\n\n\n<div class=\"wp-block-image\"><figure class=\"aligncenter size-large\"><img loading=\"lazy\" width=\"1024\" height=\"374\" src=\"http:\/\/www.citizenscienceclub.com\/wp-content\/uploads\/2022\/05\/Screenshot_3-1024x374.png\" alt=\"\" class=\"wp-image-4777\" srcset=\"http:\/\/www.citizenscienceclub.com\/wp-content\/uploads\/2022\/05\/Screenshot_3-1024x374.png 1024w, http:\/\/www.citizenscienceclub.com\/wp-content\/uploads\/2022\/05\/Screenshot_3-300x110.png 300w, http:\/\/www.citizenscienceclub.com\/wp-content\/uploads\/2022\/05\/Screenshot_3-768x281.png 768w, http:\/\/www.citizenscienceclub.com\/wp-content\/uploads\/2022\/05\/Screenshot_3-18x7.png 18w, http:\/\/www.citizenscienceclub.com\/wp-content\/uploads\/2022\/05\/Screenshot_3.png 1124w\" sizes=\"(max-width: 709px) 85vw, (max-width: 909px) 67vw, (max-width: 1362px) 62vw, 840px\" \/><\/figure><\/div>\n\n\n\n<div class=\"wp-block-image\"><figure class=\"aligncenter size-large\"><img loading=\"lazy\" width=\"1024\" height=\"310\" src=\"http:\/\/www.citizenscienceclub.com\/wp-content\/uploads\/2022\/05\/Screenshot_4-1024x310.png\" alt=\"\" class=\"wp-image-4778\" srcset=\"http:\/\/www.citizenscienceclub.com\/wp-content\/uploads\/2022\/05\/Screenshot_4-1024x310.png 1024w, http:\/\/www.citizenscienceclub.com\/wp-content\/uploads\/2022\/05\/Screenshot_4-300x91.png 300w, http:\/\/www.citizenscienceclub.com\/wp-content\/uploads\/2022\/05\/Screenshot_4-768x232.png 768w, http:\/\/www.citizenscienceclub.com\/wp-content\/uploads\/2022\/05\/Screenshot_4-18x5.png 18w, http:\/\/www.citizenscienceclub.com\/wp-content\/uploads\/2022\/05\/Screenshot_4.png 1128w\" sizes=\"(max-width: 709px) 85vw, (max-width: 909px) 67vw, (max-width: 1362px) 62vw, 840px\" \/><\/figure><\/div>\n\n\n\n<div class=\"wp-block-image\"><figure class=\"aligncenter size-large\"><img loading=\"lazy\" width=\"1024\" height=\"371\" src=\"http:\/\/www.citizenscienceclub.com\/wp-content\/uploads\/2022\/05\/Screenshot_5-1024x371.png\" alt=\"\" class=\"wp-image-4779\" srcset=\"http:\/\/www.citizenscienceclub.com\/wp-content\/uploads\/2022\/05\/Screenshot_5-1024x371.png 1024w, http:\/\/www.citizenscienceclub.com\/wp-content\/uploads\/2022\/05\/Screenshot_5-300x109.png 300w, http:\/\/www.citizenscienceclub.com\/wp-content\/uploads\/2022\/05\/Screenshot_5-768x278.png 768w, http:\/\/www.citizenscienceclub.com\/wp-content\/uploads\/2022\/05\/Screenshot_5-18x7.png 18w, http:\/\/www.citizenscienceclub.com\/wp-content\/uploads\/2022\/05\/Screenshot_5.png 1122w\" sizes=\"(max-width: 709px) 85vw, (max-width: 909px) 67vw, (max-width: 1362px) 62vw, 840px\" \/><\/figure><\/div>\n\n\n\n<div class=\"wp-block-image\"><figure class=\"aligncenter size-large\"><img loading=\"lazy\" width=\"1024\" height=\"346\" src=\"http:\/\/www.citizenscienceclub.com\/wp-content\/uploads\/2022\/05\/Screenshot_6-1024x346.png\" alt=\"\" class=\"wp-image-4780\" srcset=\"http:\/\/www.citizenscienceclub.com\/wp-content\/uploads\/2022\/05\/Screenshot_6-1024x346.png 1024w, http:\/\/www.citizenscienceclub.com\/wp-content\/uploads\/2022\/05\/Screenshot_6-300x101.png 300w, http:\/\/www.citizenscienceclub.com\/wp-content\/uploads\/2022\/05\/Screenshot_6-768x259.png 768w, http:\/\/www.citizenscienceclub.com\/wp-content\/uploads\/2022\/05\/Screenshot_6-18x6.png 18w, http:\/\/www.citizenscienceclub.com\/wp-content\/uploads\/2022\/05\/Screenshot_6.png 1132w\" sizes=\"(max-width: 709px) 85vw, (max-width: 909px) 67vw, (max-width: 1362px) 62vw, 840px\" \/><\/figure><\/div>\n\n\n\n<div class=\"wp-block-image\"><figure class=\"aligncenter size-large\"><img loading=\"lazy\" width=\"1024\" height=\"363\" src=\"http:\/\/www.citizenscienceclub.com\/wp-content\/uploads\/2022\/05\/Screenshot_7-1024x363.png\" alt=\"\" class=\"wp-image-4781\" srcset=\"http:\/\/www.citizenscienceclub.com\/wp-content\/uploads\/2022\/05\/Screenshot_7-1024x363.png 1024w, http:\/\/www.citizenscienceclub.com\/wp-content\/uploads\/2022\/05\/Screenshot_7-300x106.png 300w, http:\/\/www.citizenscienceclub.com\/wp-content\/uploads\/2022\/05\/Screenshot_7-768x272.png 768w, http:\/\/www.citizenscienceclub.com\/wp-content\/uploads\/2022\/05\/Screenshot_7-18x6.png 18w, http:\/\/www.citizenscienceclub.com\/wp-content\/uploads\/2022\/05\/Screenshot_7.png 1081w\" sizes=\"(max-width: 709px) 85vw, (max-width: 909px) 67vw, (max-width: 1362px) 62vw, 840px\" \/><\/figure><\/div>\n\n\n\n<div class=\"wp-block-image\"><figure class=\"aligncenter size-large\"><img loading=\"lazy\" width=\"1024\" height=\"327\" src=\"http:\/\/www.citizenscienceclub.com\/wp-content\/uploads\/2022\/05\/Screenshot_8-1024x327.png\" alt=\"\" class=\"wp-image-4782\" srcset=\"http:\/\/www.citizenscienceclub.com\/wp-content\/uploads\/2022\/05\/Screenshot_8-1024x327.png 1024w, http:\/\/www.citizenscienceclub.com\/wp-content\/uploads\/2022\/05\/Screenshot_8-300x96.png 300w, http:\/\/www.citizenscienceclub.com\/wp-content\/uploads\/2022\/05\/Screenshot_8-768x246.png 768w, http:\/\/www.citizenscienceclub.com\/wp-content\/uploads\/2022\/05\/Screenshot_8-18x6.png 18w, http:\/\/www.citizenscienceclub.com\/wp-content\/uploads\/2022\/05\/Screenshot_8.png 1098w\" sizes=\"(max-width: 709px) 85vw, (max-width: 909px) 67vw, (max-width: 1362px) 62vw, 840px\" \/><\/figure><\/div>\n\n\n\n<div class=\"wp-block-image\"><figure class=\"aligncenter size-large\"><img loading=\"lazy\" width=\"1024\" height=\"328\" src=\"http:\/\/www.citizenscienceclub.com\/wp-content\/uploads\/2022\/05\/Screenshot_9-1024x328.png\" alt=\"\" class=\"wp-image-4783\" srcset=\"http:\/\/www.citizenscienceclub.com\/wp-content\/uploads\/2022\/05\/Screenshot_9-1024x328.png 1024w, http:\/\/www.citizenscienceclub.com\/wp-content\/uploads\/2022\/05\/Screenshot_9-300x96.png 300w, http:\/\/www.citizenscienceclub.com\/wp-content\/uploads\/2022\/05\/Screenshot_9-768x246.png 768w, http:\/\/www.citizenscienceclub.com\/wp-content\/uploads\/2022\/05\/Screenshot_9-18x6.png 18w, http:\/\/www.citizenscienceclub.com\/wp-content\/uploads\/2022\/05\/Screenshot_9.png 1147w\" sizes=\"(max-width: 709px) 85vw, (max-width: 909px) 67vw, (max-width: 1362px) 62vw, 840px\" \/><\/figure><\/div>\n\n\n\n<div class=\"wp-block-image\"><figure class=\"aligncenter size-large\"><img loading=\"lazy\" width=\"1024\" height=\"346\" src=\"http:\/\/www.citizenscienceclub.com\/wp-content\/uploads\/2022\/05\/Screenshot_10-1024x346.png\" alt=\"\" class=\"wp-image-4784\" srcset=\"http:\/\/www.citizenscienceclub.com\/wp-content\/uploads\/2022\/05\/Screenshot_10-1024x346.png 1024w, http:\/\/www.citizenscienceclub.com\/wp-content\/uploads\/2022\/05\/Screenshot_10-300x101.png 300w, http:\/\/www.citizenscienceclub.com\/wp-content\/uploads\/2022\/05\/Screenshot_10-768x259.png 768w, http:\/\/www.citizenscienceclub.com\/wp-content\/uploads\/2022\/05\/Screenshot_10-18x6.png 18w, http:\/\/www.citizenscienceclub.com\/wp-content\/uploads\/2022\/05\/Screenshot_10.png 1096w\" sizes=\"(max-width: 709px) 85vw, (max-width: 909px) 67vw, (max-width: 1362px) 62vw, 840px\" \/><\/figure><\/div>\n\n\n\n<div class=\"wp-block-image\"><figure class=\"aligncenter size-large\"><img loading=\"lazy\" width=\"1024\" height=\"345\" src=\"http:\/\/www.citizenscienceclub.com\/wp-content\/uploads\/2022\/05\/Screenshot_11-1024x345.png\" alt=\"\" class=\"wp-image-4785\" srcset=\"http:\/\/www.citizenscienceclub.com\/wp-content\/uploads\/2022\/05\/Screenshot_11-1024x345.png 1024w, http:\/\/www.citizenscienceclub.com\/wp-content\/uploads\/2022\/05\/Screenshot_11-300x101.png 300w, http:\/\/www.citizenscienceclub.com\/wp-content\/uploads\/2022\/05\/Screenshot_11-768x259.png 768w, http:\/\/www.citizenscienceclub.com\/wp-content\/uploads\/2022\/05\/Screenshot_11-18x6.png 18w, http:\/\/www.citizenscienceclub.com\/wp-content\/uploads\/2022\/05\/Screenshot_11.png 1133w\" sizes=\"(max-width: 709px) 85vw, (max-width: 909px) 67vw, (max-width: 1362px) 62vw, 840px\" \/><\/figure><\/div>\n\n\n\n<div class=\"wp-block-image\"><figure class=\"aligncenter size-large\"><img loading=\"lazy\" width=\"1024\" height=\"345\" src=\"http:\/\/www.citizenscienceclub.com\/wp-content\/uploads\/2022\/05\/Screenshot_12-1024x345.png\" alt=\"\" class=\"wp-image-4786\" srcset=\"http:\/\/www.citizenscienceclub.com\/wp-content\/uploads\/2022\/05\/Screenshot_12-1024x345.png 1024w, http:\/\/www.citizenscienceclub.com\/wp-content\/uploads\/2022\/05\/Screenshot_12-300x101.png 300w, http:\/\/www.citizenscienceclub.com\/wp-content\/uploads\/2022\/05\/Screenshot_12-768x259.png 768w, http:\/\/www.citizenscienceclub.com\/wp-content\/uploads\/2022\/05\/Screenshot_12-18x6.png 18w, http:\/\/www.citizenscienceclub.com\/wp-content\/uploads\/2022\/05\/Screenshot_12.png 1076w\" sizes=\"(max-width: 709px) 85vw, (max-width: 909px) 67vw, (max-width: 1362px) 62vw, 840px\" \/><\/figure><\/div>\n\n\n\n<div class=\"wp-block-image\"><figure class=\"aligncenter size-large\"><img loading=\"lazy\" width=\"1024\" height=\"356\" src=\"http:\/\/www.citizenscienceclub.com\/wp-content\/uploads\/2022\/05\/Screenshot_13-1024x356.png\" alt=\"\" class=\"wp-image-4787\" srcset=\"http:\/\/www.citizenscienceclub.com\/wp-content\/uploads\/2022\/05\/Screenshot_13-1024x356.png 1024w, http:\/\/www.citizenscienceclub.com\/wp-content\/uploads\/2022\/05\/Screenshot_13-300x104.png 300w, http:\/\/www.citizenscienceclub.com\/wp-content\/uploads\/2022\/05\/Screenshot_13-768x267.png 768w, http:\/\/www.citizenscienceclub.com\/wp-content\/uploads\/2022\/05\/Screenshot_13-18x6.png 18w, http:\/\/www.citizenscienceclub.com\/wp-content\/uploads\/2022\/05\/Screenshot_13.png 1116w\" sizes=\"(max-width: 709px) 85vw, (max-width: 909px) 67vw, (max-width: 1362px) 62vw, 840px\" \/><\/figure><\/div>\n\n\n\n<div class=\"wp-block-image\"><figure class=\"aligncenter size-large\"><img loading=\"lazy\" width=\"1024\" height=\"370\" src=\"http:\/\/www.citizenscienceclub.com\/wp-content\/uploads\/2022\/05\/Screenshot_14-1024x370.png\" alt=\"\" class=\"wp-image-4788\" srcset=\"http:\/\/www.citizenscienceclub.com\/wp-content\/uploads\/2022\/05\/Screenshot_14-1024x370.png 1024w, http:\/\/www.citizenscienceclub.com\/wp-content\/uploads\/2022\/05\/Screenshot_14-300x108.png 300w, http:\/\/www.citizenscienceclub.com\/wp-content\/uploads\/2022\/05\/Screenshot_14-768x278.png 768w, http:\/\/www.citizenscienceclub.com\/wp-content\/uploads\/2022\/05\/Screenshot_14-18x7.png 18w, http:\/\/www.citizenscienceclub.com\/wp-content\/uploads\/2022\/05\/Screenshot_14.png 1112w\" sizes=\"(max-width: 709px) 85vw, (max-width: 909px) 67vw, (max-width: 1362px) 62vw, 840px\" \/><\/figure><\/div>\n\n\n\n<div class=\"wp-block-image\"><figure class=\"aligncenter size-large\"><img loading=\"lazy\" width=\"1024\" height=\"344\" src=\"http:\/\/www.citizenscienceclub.com\/wp-content\/uploads\/2022\/05\/Screenshot_15-1024x344.png\" alt=\"\" class=\"wp-image-4789\" srcset=\"http:\/\/www.citizenscienceclub.com\/wp-content\/uploads\/2022\/05\/Screenshot_15-1024x344.png 1024w, http:\/\/www.citizenscienceclub.com\/wp-content\/uploads\/2022\/05\/Screenshot_15-300x101.png 300w, http:\/\/www.citizenscienceclub.com\/wp-content\/uploads\/2022\/05\/Screenshot_15-768x258.png 768w, http:\/\/www.citizenscienceclub.com\/wp-content\/uploads\/2022\/05\/Screenshot_15-18x6.png 18w, http:\/\/www.citizenscienceclub.com\/wp-content\/uploads\/2022\/05\/Screenshot_15.png 1107w\" sizes=\"(max-width: 709px) 85vw, (max-width: 909px) 67vw, (max-width: 1362px) 62vw, 840px\" \/><\/figure><\/div>\n\n\n\n<div class=\"wp-block-image\"><figure class=\"aligncenter size-large\"><img loading=\"lazy\" width=\"1024\" height=\"361\" src=\"http:\/\/www.citizenscienceclub.com\/wp-content\/uploads\/2022\/05\/Screenshot_16-1-1024x361.png\" alt=\"\" class=\"wp-image-4791\" srcset=\"http:\/\/www.citizenscienceclub.com\/wp-content\/uploads\/2022\/05\/Screenshot_16-1-1024x361.png 1024w, http:\/\/www.citizenscienceclub.com\/wp-content\/uploads\/2022\/05\/Screenshot_16-1-300x106.png 300w, http:\/\/www.citizenscienceclub.com\/wp-content\/uploads\/2022\/05\/Screenshot_16-1-768x271.png 768w, http:\/\/www.citizenscienceclub.com\/wp-content\/uploads\/2022\/05\/Screenshot_16-1-18x6.png 18w, http:\/\/www.citizenscienceclub.com\/wp-content\/uploads\/2022\/05\/Screenshot_16-1.png 1138w\" sizes=\"(max-width: 709px) 85vw, (max-width: 909px) 67vw, (max-width: 1362px) 62vw, 840px\" \/><\/figure><\/div>\n\n\n\n<div class=\"wp-block-image\"><figure class=\"aligncenter size-large\"><img loading=\"lazy\" width=\"1024\" height=\"422\" src=\"http:\/\/www.citizenscienceclub.com\/wp-content\/uploads\/2022\/05\/Screenshot_16-1024x422.png\" alt=\"\" class=\"wp-image-4790\" srcset=\"http:\/\/www.citizenscienceclub.com\/wp-content\/uploads\/2022\/05\/Screenshot_16-1024x422.png 1024w, http:\/\/www.citizenscienceclub.com\/wp-content\/uploads\/2022\/05\/Screenshot_16-300x124.png 300w, http:\/\/www.citizenscienceclub.com\/wp-content\/uploads\/2022\/05\/Screenshot_16-768x317.png 768w, http:\/\/www.citizenscienceclub.com\/wp-content\/uploads\/2022\/05\/Screenshot_16-18x7.png 18w, http:\/\/www.citizenscienceclub.com\/wp-content\/uploads\/2022\/05\/Screenshot_16.png 1089w\" sizes=\"(max-width: 709px) 85vw, (max-width: 909px) 67vw, (max-width: 1362px) 62vw, 840px\" \/><\/figure><\/div>\n\n\n\n<p class=\"has-text-align-left\"><\/p>\n\n\n\n<p>Una vez publicada la lista de proyectos seleccionados de la OSC25, deb\u00e9is comprobar si vuestro trabajo est\u00e1 en la lista. Si es as\u00ed, pod\u00e9is pasar a la siguiente fase. Cubrid los siguientes formularios:<\/p>\n\n\n\n<ul><li><a href=\"https:\/\/forms.gle\/MFwCMSydkwdUvKk57\">Formulario de Proyecto seleccionado<\/a>. Caracter\u00edsticas del Stand y restricciones alimenticias de los participantes.<\/li><li><a href=\"https:\/\/forms.gle\/GMXW9VtstRqjsddWA\" target=\"_blank\" rel=\"noreferrer noopener\">Formulario de Acogida de estudiantes<\/a>. Caracter\u00edsticas del alojamiento para estudiantes en Cambre.<\/li><\/ul>\n\n\n\n<p>Si ten\u00e9is alguna duda, poneos en contacto con nosotros en osc@iesdavidbujan.gal<\/p>\n\n\n\n<p><\/p>\n\n\n\n<figure class=\"wp-block-image size-large\"><a href=\"https:\/\/www.google.com\/maps\/d\/u\/1\/edit?mid=1-ETDzoSQ2rom6tZOWBJsNqTjWGQw6K8&amp;usp=sharing\"><img loading=\"lazy\" width=\"1024\" height=\"419\" src=\"http:\/\/www.citizenscienceclub.com\/wp-content\/uploads\/2024\/05\/Captura-de-pantalla-2024-05-17-205456-1024x419.png\" alt=\"\" class=\"wp-image-5068\" srcset=\"http:\/\/www.citizenscienceclub.com\/wp-content\/uploads\/2024\/05\/Captura-de-pantalla-2024-05-17-205456-1024x419.png 1024w, http:\/\/www.citizenscienceclub.com\/wp-content\/uploads\/2024\/05\/Captura-de-pantalla-2024-05-17-205456-300x123.png 300w, http:\/\/www.citizenscienceclub.com\/wp-content\/uploads\/2024\/05\/Captura-de-pantalla-2024-05-17-205456-768x314.png 768w, http:\/\/www.citizenscienceclub.com\/wp-content\/uploads\/2024\/05\/Captura-de-pantalla-2024-05-17-205456-18x7.png 18w, http:\/\/www.citizenscienceclub.com\/wp-content\/uploads\/2024\/05\/Captura-de-pantalla-2024-05-17-205456-1200x491.png 1200w, http:\/\/www.citizenscienceclub.com\/wp-content\/uploads\/2024\/05\/Captura-de-pantalla-2024-05-17-205456.png 1480w\" sizes=\"(max-width: 709px) 85vw, (max-width: 909px) 67vw, (max-width: 1362px) 62vw, 840px\" \/><\/a><figcaption>Escuelas seleccionadas para la final de Open Science Cambre 2024 (edici\u00f3n anterior).<\/figcaption><\/figure>\n\n\n\n<p><\/p>\n\n\n\n<p>S\u00edguenos en redes sociales para estar al d\u00eda de todo:<\/p>\n\n\n\n<div class=\"wp-container-1 wp-block-buttons\">\n<div class=\"wp-block-button aligncenter\"><a class=\"wp-block-button__link has-cool-to-warm-spectrum-gradient-background has-background\" href=\"https:\/\/www.instagram.com\/opensciencecambre\/\" style=\"border-radius:100px\" target=\"_blank\" rel=\"noreferrer noopener\">Intagram<\/a><\/div>\n\n\n\n<div class=\"wp-block-button aligncenter\"><a class=\"wp-block-button__link has-background\" href=\"https:\/\/www.tiktok.com\/@open.science.cambre\" style=\"background:linear-gradient(90deg,rgb(6,147,227) 19%,rgb(155,81,224) 100%)\" target=\"_blank\" rel=\"noreferrer noopener\">Tik Tok<\/a><\/div>\n\n\n\n<div class=\"wp-block-button aligncenter\"><a class=\"wp-block-button__link has-background\" href=\"https:\/\/m.facebook.com\/p\/Open-Science-Cambre-100081278438751\/\" style=\"background-color:#0063ff\" target=\"_blank\" rel=\"noreferrer noopener\">Facebook<\/a><\/div>\n\n\n\n<div class=\"wp-block-button aligncenter\"><a class=\"wp-block-button__link has-black-background-color has-background\" href=\"https:\/\/x.com\/openscience_\" target=\"_blank\" rel=\"noreferrer noopener\">X<\/a><\/div>\n\n\n\n<div class=\"wp-block-button aligncenter\"><a class=\"wp-block-button__link has-background\" href=\"https:\/\/www.twitch.tv\/opensciencecambre\" style=\"background-color:#8a2ee0\" target=\"_blank\" rel=\"noreferrer noopener\">Twitch<\/a><\/div>\n\n\n\n<div class=\"wp-block-button aligncenter\"><a class=\"wp-block-button__link has-background\" href=\"https:\/\/www.youtube.com\/@opensciencecambre6236\" style=\"background-color:#ff0000\" target=\"_blank\" rel=\"noreferrer noopener\">YouTube<\/a><\/div>\n<\/div>\n\n\n\n<div class=\"wp-container-3 wp-block-group\"><div class=\"wp-block-group__inner-container\">\n<div class=\"wp-container-2 wp-block-group\"><div class=\"wp-block-group__inner-container\">\n<div class=\"wp-block-columns\"><\/div>\n<\/div><\/div>\n<\/div><\/div>\n\n\n\n<p><\/p>\n\n\n\n<p><\/p>\n\n\n\n<p><\/p>\n","protected":false},"excerpt":{"rendered":"<p>Los proyectos de Open Science Cambre se agrupar\u00e1n en temas siguiendo los Objetivos de Desarrollo Sostenible. El p\u00fablico podr\u00e1 conocer m\u00e1s de cerca cada uno de los proyectos atendiendo a su tem\u00e1tica y los j\u00f3venes investigadores organizar\u00e1n sus trabajos para concurso. Una vez publicada la lista de proyectos seleccionados de la OSC25, deb\u00e9is comprobar si &hellip; <a href=\"http:\/\/www.citizenscienceclub.com\/es_es\/3996-2\/\" class=\"more-link\">Continuar leyendo<span class=\"screen-reader-text\"> &#8220;Proyectos Open Science Xove seg\u00fan los ODS&#8221;<\/span><\/a><\/p>\n","protected":false},"author":1,"featured_media":0,"parent":0,"menu_order":0,"comment_status":"closed","ping_status":"closed","template":"","meta":[],"_links":{"self":[{"href":"http:\/\/www.citizenscienceclub.com\/es_es\/wp-json\/wp\/v2\/pages\/3996"}],"collection":[{"href":"http:\/\/www.citizenscienceclub.com\/es_es\/wp-json\/wp\/v2\/pages"}],"about":[{"href":"http:\/\/www.citizenscienceclub.com\/es_es\/wp-json\/wp\/v2\/types\/page"}],"author":[{"embeddable":true,"href":"http:\/\/www.citizenscienceclub.com\/es_es\/wp-json\/wp\/v2\/users\/1"}],"replies":[{"embeddable":true,"href":"http:\/\/www.citizenscienceclub.com\/es_es\/wp-json\/wp\/v2\/comments?post=3996"}],"version-history":[{"count":34,"href":"http:\/\/www.citizenscienceclub.com\/es_es\/wp-json\/wp\/v2\/pages\/3996\/revisions"}],"predecessor-version":[{"id":5304,"href":"http:\/\/www.citizenscienceclub.com\/es_es\/wp-json\/wp\/v2\/pages\/3996\/revisions\/5304"}],"wp:attachment":[{"href":"http:\/\/www.citizenscienceclub.com\/es_es\/wp-json\/wp\/v2\/media?parent=3996"}],"curies":[{"name":"wp","href":"https:\/\/api.w.org\/{rel}","templated":true}]}}