{"id":4264,"date":"2021-05-12T18:35:14","date_gmt":"2021-05-12T16:35:14","guid":{"rendered":"http:\/\/www.citizenscienceclub.com\/?page_id=4264"},"modified":"2021-05-15T17:33:18","modified_gmt":"2021-05-15T15:33:18","slug":"proyecto-arena","status":"publish","type":"page","link":"http:\/\/www.citizenscienceclub.com\/es_es\/proyectos-de-ciencia-ciudadana-2\/proyecto-arena\/","title":{"rendered":"Proyecto Arena"},"content":{"rendered":"\n<p>El proyecto Arena tiene como objetivo principal conocer las caracter\u00edsticas de las arenas de las playas de cualquier lugar del planeta que tenga una escuela, un club de ciencias o una asociaci\u00f3n medioambiental cerca. Nuestro alumnado se acercar\u00e1 de una forma diferente a un entorno habitual, pero poco conocido. Podremos familiarizarlo con la recogida de muestras, el manejo de material sencillo de laboratorio de una forma amable.<\/p>\n\n\n\n<h2><strong>Qu\u00e9 haremos en la playa<\/strong><\/h2>\n\n\n\n<p>Una vez llegamos a la playa, localizamos la l\u00ednea de pleamar pues trabajaremos en la franja de la playa no es invadida por el agua.<\/p>\n\n\n\n<p><strong>Estaciones de muestreo<\/strong><\/p>\n\n\n\n<p>Precisamos preparar cinco estaciones de muestreo.<br>Las estaciones estar\u00e1n separadas entre s\u00ed 40 metros. Es decir, trabajaremos en unos 200 metros de playa.<br>Las estaciones de muestreo no tienen porqu\u00e9 estar paralelas a la l\u00ednea de pleamar.<\/p>\n\n\n\n<figure class=\"wp-block-image size-large\"><img loading=\"lazy\" width=\"424\" height=\"131\" src=\"http:\/\/www.citizenscienceclub.com\/wp-content\/uploads\/2021\/05\/Captura-de-pantalla-2021-05-12-a-las-18.14.36.png\" alt=\"\" class=\"wp-image-4357\" srcset=\"http:\/\/www.citizenscienceclub.com\/wp-content\/uploads\/2021\/05\/Captura-de-pantalla-2021-05-12-a-las-18.14.36.png 424w, http:\/\/www.citizenscienceclub.com\/wp-content\/uploads\/2021\/05\/Captura-de-pantalla-2021-05-12-a-las-18.14.36-300x93.png 300w\" sizes=\"(max-width: 424px) 85vw, 424px\" \/><\/figure>\n\n\n\n<p>Cada una de las cinco estaciones de muestreo tendr\u00e1 un metro cuadrado de superficie y estar\u00e1 dividida en cuatro partes de 0,25 m2.<\/p>\n\n\n\n<p><strong>Recogida de muestras<\/strong><br>Las muestras de cada secci\u00f3n de la estaci\u00f3n se recoger\u00e1n hasta una profundidad de 5 cm. y 50 ml. de volumen, es decir, un bote de yogur.<br>En cada secci\u00f3n se recoger\u00e1 un n\u00famero diferente de muestras:<br>En la primera secci\u00f3n tomamos una muestra.<br>En la segunda dos muestras<br>En la tercera tres muestras<br>En la cuarta secci\u00f3n no tomamos muestras.<br>En total, se recoger\u00e1 una muestra de 300 ml. de arena en cada estaci\u00f3n<\/p>\n\n\n\n<div class=\"wp-block-image\"><figure class=\"aligncenter size-large\"><img loading=\"lazy\" width=\"253\" height=\"240\" src=\"http:\/\/www.citizenscienceclub.com\/wp-content\/uploads\/2021\/05\/Captura-de-pantalla-2021-05-12-a-las-18.25.10.png\" alt=\"\" class=\"wp-image-4359\"\/><\/figure><\/div>\n\n\n\n<h2>Llegamos al laboratorio<\/h2>\n\n\n\n<p>Valoraremos la granulometr\u00eda, la concentraci\u00f3n de carbonato c\u00e1lcico y el contenido en material ferruginoso.<\/p>\n\n\n\n<p>La granulometr\u00eda se medir\u00e1 utilizando diferentes tamices para separar y pesar los dstintos tama\u00f1os de grano. <\/p>\n\n\n\n<figure class=\"wp-block-image size-large\"><img loading=\"lazy\" width=\"640\" height=\"426\" src=\"http:\/\/www.citizenscienceclub.com\/wp-content\/uploads\/2021\/05\/shells-792912_640.jpg\" alt=\"\" class=\"wp-image-4355\" srcset=\"http:\/\/www.citizenscienceclub.com\/wp-content\/uploads\/2021\/05\/shells-792912_640.jpg 640w, http:\/\/www.citizenscienceclub.com\/wp-content\/uploads\/2021\/05\/shells-792912_640-300x200.jpg 300w\" sizes=\"(max-width: 640px) 85vw, 640px\" \/><\/figure>\n\n\n\n<p>Detectaremos el contenido material ferruginoso de la arena con imanes de neodimio. Desarrollo de la metodolog\u00eda.<\/p>\n\n\n\n<div class=\"wp-block-image\"><figure class=\"aligncenter size-large is-resized\"><img loading=\"lazy\" src=\"http:\/\/www.citizenscienceclub.com\/wp-content\/uploads\/2021\/05\/magnet-312777_640.png\" alt=\"\" class=\"wp-image-4353\" width=\"236\" height=\"225\" srcset=\"http:\/\/www.citizenscienceclub.com\/wp-content\/uploads\/2021\/05\/magnet-312777_640.png 640w, http:\/\/www.citizenscienceclub.com\/wp-content\/uploads\/2021\/05\/magnet-312777_640-300x286.png 300w\" sizes=\"(max-width: 236px) 85vw, 236px\" \/><\/figure><\/div>\n\n\n\n<p>Generalmente el Carbonato de Calcio presente en los dep\u00f3sitos de sedimentos, tienen su origen en  procesos sedimentarios y biol\u00f3gicos, como caparazones de moluscos y al cristalizar como calcita, se integra como un grano de arena m\u00e1s.<\/p>\n\n\n\n<div class=\"wp-block-image\"><figure class=\"aligncenter size-large is-resized\"><img loading=\"lazy\" src=\"http:\/\/www.citizenscienceclub.com\/wp-content\/uploads\/2021\/05\/lab-309424_640.png\" alt=\"\" class=\"wp-image-4352\" width=\"161\" height=\"224\" srcset=\"http:\/\/www.citizenscienceclub.com\/wp-content\/uploads\/2021\/05\/lab-309424_640.png 460w, http:\/\/www.citizenscienceclub.com\/wp-content\/uploads\/2021\/05\/lab-309424_640-216x300.png 216w\" sizes=\"(max-width: 161px) 85vw, 161px\" \/><\/figure><\/div>\n\n\n\n<p>Una vez valorados, podremos enviar todos nuestros datos cubriendo las tablas de la siguiente hoja de c\u00e1lculo y las compartimos en el siguiente correo electr\u00f3nico. <\/p>\n\n\n\n<div class=\"wp-block-image\"><figure class=\"aligncenter size-large is-resized\"><img loading=\"lazy\" src=\"http:\/\/www.citizenscienceclub.com\/wp-content\/uploads\/2021\/05\/lims-1604450_640.png\" alt=\"\" class=\"wp-image-4354\" width=\"338\" height=\"268\"\/><\/figure><\/div>\n\n\n\n<p>Una vez compartidos los datos, podremos observar los resultados de las experiencias de otras escuelas en el siguiente mapa.<\/p>\n","protected":false},"excerpt":{"rendered":"<p>El proyecto Arena tiene como objetivo principal conocer las caracter\u00edsticas de las arenas de las playas de cualquier lugar del planeta que tenga una escuela, un club de ciencias o una asociaci\u00f3n medioambiental cerca. Nuestro alumnado se acercar\u00e1 de una forma diferente a un entorno habitual, pero poco conocido. Podremos familiarizarlo con la recogida de &hellip; <a href=\"http:\/\/www.citizenscienceclub.com\/es_es\/proyectos-de-ciencia-ciudadana-2\/proyecto-arena\/\" class=\"more-link\">Continuar leyendo<span class=\"screen-reader-text\"> &#8220;Proyecto Arena&#8221;<\/span><\/a><\/p>\n","protected":false},"author":1,"featured_media":4351,"parent":1831,"menu_order":1,"comment_status":"closed","ping_status":"closed","template":"","meta":[],"_links":{"self":[{"href":"http:\/\/www.citizenscienceclub.com\/es_es\/wp-json\/wp\/v2\/pages\/4264"}],"collection":[{"href":"http:\/\/www.citizenscienceclub.com\/es_es\/wp-json\/wp\/v2\/pages"}],"about":[{"href":"http:\/\/www.citizenscienceclub.com\/es_es\/wp-json\/wp\/v2\/types\/page"}],"author":[{"embeddable":true,"href":"http:\/\/www.citizenscienceclub.com\/es_es\/wp-json\/wp\/v2\/users\/1"}],"replies":[{"embeddable":true,"href":"http:\/\/www.citizenscienceclub.com\/es_es\/wp-json\/wp\/v2\/comments?post=4264"}],"version-history":[{"count":3,"href":"http:\/\/www.citizenscienceclub.com\/es_es\/wp-json\/wp\/v2\/pages\/4264\/revisions"}],"predecessor-version":[{"id":4361,"href":"http:\/\/www.citizenscienceclub.com\/es_es\/wp-json\/wp\/v2\/pages\/4264\/revisions\/4361"}],"up":[{"embeddable":true,"href":"http:\/\/www.citizenscienceclub.com\/es_es\/wp-json\/wp\/v2\/pages\/1831"}],"wp:featuredmedia":[{"embeddable":true,"href":"http:\/\/www.citizenscienceclub.com\/es_es\/wp-json\/wp\/v2\/media\/4351"}],"wp:attachment":[{"href":"http:\/\/www.citizenscienceclub.com\/es_es\/wp-json\/wp\/v2\/media?parent=4264"}],"curies":[{"name":"wp","href":"https:\/\/api.w.org\/{rel}","templated":true}]}}